{"id":972,"date":"2019-02-27T21:42:57","date_gmt":"2019-02-28T00:42:57","guid":{"rendered":"https:\/\/ansertelefonia.com.ar\/?post_type=product&#038;p=972"},"modified":"2021-07-19T11:36:40","modified_gmt":"2021-07-19T14:36:40","slug":"portero-electrico-netyer-t3","status":"publish","type":"product","link":"https:\/\/ansertelefonia.com.ar\/?product=portero-electrico-netyer-t3","title":{"rendered":"Portero el\u00e9ctrico Netyer T3"},"content":{"rendered":"","protected":false},"excerpt":{"rendered":"<p>Excelente interno para sistemas de portero el\u00e9ctrico tradicionales de 5 hilos.<\/p>\n<p>Cuenta con un fino y moderno dise\u00f1o en color blanco y\/o marfil con calidad de audio superior y trayectoria de marca.<\/p>\n<p>Timbre potente tipo zumbador (no es ding-dong) y dos botones para accionamiento de cerradura el\u00e9ctrica.<\/p>\n<p>Ideal para instalar en departamentos tipo consorcio de propietarios.<\/p>\n<p>Montaje sobre pared.<\/p>\n<p>Dos botones configurables.<\/p>\n<p>Receptor con parlante de Mylar protegido contra excesos de corriente.<\/p>\n<p>Microfono electr\u00f3nico.<\/p>\n<p>Sistema de corte.<\/p>\n<p>Zumbador tipo chicharra.<\/p>\n<p>Bornera con tornillos.<\/p>\n<hr \/>\n<p>&nbsp;<\/p>\n","protected":false},"featured_media":974,"template":"","meta":[],"product_brand":[],"product_cat":[53,35],"product_tag":[],"class_list":{"0":"post-972","1":"product","2":"type-product","3":"status-publish","4":"has-post-thumbnail","6":"product_cat-porteros-electricos","7":"product_cat-telefonia","9":"first","10":"onbackorder","11":"taxable","12":"shipping-taxable","13":"product-type-simple"},"yoast_head":"<!-- This site is optimized with the Yoast SEO plugin v25.6 - https:\/\/yoast.com\/wordpress\/plugins\/seo\/ -->\n<title>Portero el\u00e9ctrico Netyer T3 - Anser Telefonia Importaci\u00f3n - AT View<\/title>\n<meta name=\"robots\" content=\"index, follow, max-snippet:-1, max-image-preview:large, max-video-preview:-1\" \/>\n<link rel=\"canonical\" href=\"https:\/\/ansertelefonia.com.ar\/?product=portero-electrico-netyer-t3\" \/>\n<meta property=\"og:locale\" content=\"es_ES\" \/>\n<meta property=\"og:type\" content=\"article\" \/>\n<meta property=\"og:title\" content=\"Portero el\u00e9ctrico Netyer T3 - Anser Telefonia Importaci\u00f3n - AT View\" \/>\n<meta property=\"og:description\" content=\"Excelente interno para sistemas de portero el\u00e9ctrico tradicionales de 5 hilos.  Cuenta con un fino y moderno dise\u00f1o en color blanco y\/o marfil con calidad de audio superior y trayectoria de marca.  Timbre potente tipo zumbador (no es ding-dong) y dos botones para accionamiento de cerradura el\u00e9ctrica.  Ideal para instalar en departamentos tipo consorcio de propietarios.  Montaje sobre pared.  Dos botones configurables.  Receptor con parlante de Mylar protegido contra excesos de corriente.  Microfono electr\u00f3nico.  Sistema de corte.  Zumbador tipo chicharra.  Bornera con tornillos.    &nbsp;\" \/>\n<meta property=\"og:url\" content=\"https:\/\/ansertelefonia.com.ar\/?product=portero-electrico-netyer-t3\" \/>\n<meta property=\"og:site_name\" content=\"Anser Telefonia Importaci\u00f3n - AT View\" \/>\n<meta property=\"article:publisher\" content=\"https:\/\/www.facebook.com\/AnsertelefoniaaATView\/\" \/>\n<meta property=\"article:modified_time\" content=\"2021-07-19T14:36:40+00:00\" \/>\n<meta property=\"og:image\" content=\"https:\/\/ansertelefonia.com.ar\/wp-content\/uploads\/2019\/02\/neyter-t3.jpg\" \/>\n\t<meta property=\"og:image:width\" content=\"800\" \/>\n\t<meta property=\"og:image:height\" content=\"800\" \/>\n\t<meta property=\"og:image:type\" content=\"image\/jpeg\" \/>\n<meta name=\"twitter:card\" content=\"summary_large_image\" \/>\n<script type=\"application\/ld+json\" class=\"yoast-schema-graph\">{\"@context\":\"https:\/\/schema.org\",\"@graph\":[{\"@type\":\"WebPage\",\"@id\":\"https:\/\/ansertelefonia.com.ar\/?product=portero-electrico-netyer-t3\",\"url\":\"https:\/\/ansertelefonia.com.ar\/?product=portero-electrico-netyer-t3\",\"name\":\"Portero el\u00e9ctrico Netyer T3 - Anser Telefonia Importaci\u00f3n - AT View\",\"isPartOf\":{\"@id\":\"https:\/\/ansertelefonia.com.ar\/#website\"},\"primaryImageOfPage\":{\"@id\":\"https:\/\/ansertelefonia.com.ar\/?product=portero-electrico-netyer-t3#primaryimage\"},\"image\":{\"@id\":\"https:\/\/ansertelefonia.com.ar\/?product=portero-electrico-netyer-t3#primaryimage\"},\"thumbnailUrl\":\"https:\/\/ansertelefonia.com.ar\/wp-content\/uploads\/2019\/02\/neyter-t3.jpg\",\"datePublished\":\"2019-02-28T00:42:57+00:00\",\"dateModified\":\"2021-07-19T14:36:40+00:00\",\"breadcrumb\":{\"@id\":\"https:\/\/ansertelefonia.com.ar\/?product=portero-electrico-netyer-t3#breadcrumb\"},\"inLanguage\":\"es\",\"potentialAction\":[{\"@type\":\"ReadAction\",\"target\":[\"https:\/\/ansertelefonia.com.ar\/?product=portero-electrico-netyer-t3\"]}]},{\"@type\":\"ImageObject\",\"inLanguage\":\"es\",\"@id\":\"https:\/\/ansertelefonia.com.ar\/?product=portero-electrico-netyer-t3#primaryimage\",\"url\":\"https:\/\/ansertelefonia.com.ar\/wp-content\/uploads\/2019\/02\/neyter-t3.jpg\",\"contentUrl\":\"https:\/\/ansertelefonia.com.ar\/wp-content\/uploads\/2019\/02\/neyter-t3.jpg\",\"width\":800,\"height\":800},{\"@type\":\"BreadcrumbList\",\"@id\":\"https:\/\/ansertelefonia.com.ar\/?product=portero-electrico-netyer-t3#breadcrumb\",\"itemListElement\":[{\"@type\":\"ListItem\",\"position\":1,\"name\":\"Portada\",\"item\":\"https:\/\/ansertelefonia.com.ar\/\"},{\"@type\":\"ListItem\",\"position\":2,\"name\":\"Productos\",\"item\":\"https:\/\/ansertelefonia.com.ar\/?page_id=8\"},{\"@type\":\"ListItem\",\"position\":3,\"name\":\"Portero el\u00e9ctrico Netyer T3\"}]},{\"@type\":\"WebSite\",\"@id\":\"https:\/\/ansertelefonia.com.ar\/#website\",\"url\":\"https:\/\/ansertelefonia.com.ar\/\",\"name\":\"Anser Telefonia Importaci\u00f3n - AT View\",\"description\":\"AT View\",\"publisher\":{\"@id\":\"https:\/\/ansertelefonia.com.ar\/#organization\"},\"potentialAction\":[{\"@type\":\"SearchAction\",\"target\":{\"@type\":\"EntryPoint\",\"urlTemplate\":\"https:\/\/ansertelefonia.com.ar\/?s={search_term_string}\"},\"query-input\":{\"@type\":\"PropertyValueSpecification\",\"valueRequired\":true,\"valueName\":\"search_term_string\"}}],\"inLanguage\":\"es\"},{\"@type\":\"Organization\",\"@id\":\"https:\/\/ansertelefonia.com.ar\/#organization\",\"name\":\"Anser Telefonia Importaci\u00f3n - AT View\",\"url\":\"https:\/\/ansertelefonia.com.ar\/\",\"logo\":{\"@type\":\"ImageObject\",\"inLanguage\":\"es\",\"@id\":\"https:\/\/ansertelefonia.com.ar\/#\/schema\/logo\/image\/\",\"url\":\"https:\/\/ansertelefonia.com.ar\/wp-content\/uploads\/2025\/01\/logo-anser.png\",\"contentUrl\":\"https:\/\/ansertelefonia.com.ar\/wp-content\/uploads\/2025\/01\/logo-anser.png\",\"width\":285,\"height\":64,\"caption\":\"Anser Telefonia Importaci\u00f3n - AT View\"},\"image\":{\"@id\":\"https:\/\/ansertelefonia.com.ar\/#\/schema\/logo\/image\/\"},\"sameAs\":[\"https:\/\/www.facebook.com\/AnsertelefoniaaATView\/\",\"https:\/\/www.instagram.com\/ansertelefonia\/\",\"https:\/\/api.whatsapp.com\/send\/?phone=5493413899983&text&type=phone_number&app_absent=0\"]}]}<\/script>\n<!-- \/ Yoast SEO plugin. -->","yoast_head_json":{"title":"Portero el\u00e9ctrico Netyer T3 - Anser Telefonia Importaci\u00f3n - AT View","robots":{"index":"index","follow":"follow","max-snippet":"max-snippet:-1","max-image-preview":"max-image-preview:large","max-video-preview":"max-video-preview:-1"},"canonical":"https:\/\/ansertelefonia.com.ar\/?product=portero-electrico-netyer-t3","og_locale":"es_ES","og_type":"article","og_title":"Portero el\u00e9ctrico Netyer T3 - Anser Telefonia Importaci\u00f3n - AT View","og_description":"Excelente interno para sistemas de portero el\u00e9ctrico tradicionales de 5 hilos.  Cuenta con un fino y moderno dise\u00f1o en color blanco y\/o marfil con calidad de audio superior y trayectoria de marca.  Timbre potente tipo zumbador (no es ding-dong) y dos botones para accionamiento de cerradura el\u00e9ctrica.  Ideal para instalar en departamentos tipo consorcio de propietarios.  Montaje sobre pared.  Dos botones configurables.  Receptor con parlante de Mylar protegido contra excesos de corriente.  Microfono electr\u00f3nico.  Sistema de corte.  Zumbador tipo chicharra.  Bornera con tornillos.    &nbsp;","og_url":"https:\/\/ansertelefonia.com.ar\/?product=portero-electrico-netyer-t3","og_site_name":"Anser Telefonia Importaci\u00f3n - AT View","article_publisher":"https:\/\/www.facebook.com\/AnsertelefoniaaATView\/","article_modified_time":"2021-07-19T14:36:40+00:00","og_image":[{"width":800,"height":800,"url":"https:\/\/ansertelefonia.com.ar\/wp-content\/uploads\/2019\/02\/neyter-t3.jpg","type":"image\/jpeg"}],"twitter_card":"summary_large_image","schema":{"@context":"https:\/\/schema.org","@graph":[{"@type":"WebPage","@id":"https:\/\/ansertelefonia.com.ar\/?product=portero-electrico-netyer-t3","url":"https:\/\/ansertelefonia.com.ar\/?product=portero-electrico-netyer-t3","name":"Portero el\u00e9ctrico Netyer T3 - Anser Telefonia Importaci\u00f3n - AT View","isPartOf":{"@id":"https:\/\/ansertelefonia.com.ar\/#website"},"primaryImageOfPage":{"@id":"https:\/\/ansertelefonia.com.ar\/?product=portero-electrico-netyer-t3#primaryimage"},"image":{"@id":"https:\/\/ansertelefonia.com.ar\/?product=portero-electrico-netyer-t3#primaryimage"},"thumbnailUrl":"https:\/\/ansertelefonia.com.ar\/wp-content\/uploads\/2019\/02\/neyter-t3.jpg","datePublished":"2019-02-28T00:42:57+00:00","dateModified":"2021-07-19T14:36:40+00:00","breadcrumb":{"@id":"https:\/\/ansertelefonia.com.ar\/?product=portero-electrico-netyer-t3#breadcrumb"},"inLanguage":"es","potentialAction":[{"@type":"ReadAction","target":["https:\/\/ansertelefonia.com.ar\/?product=portero-electrico-netyer-t3"]}]},{"@type":"ImageObject","inLanguage":"es","@id":"https:\/\/ansertelefonia.com.ar\/?product=portero-electrico-netyer-t3#primaryimage","url":"https:\/\/ansertelefonia.com.ar\/wp-content\/uploads\/2019\/02\/neyter-t3.jpg","contentUrl":"https:\/\/ansertelefonia.com.ar\/wp-content\/uploads\/2019\/02\/neyter-t3.jpg","width":800,"height":800},{"@type":"BreadcrumbList","@id":"https:\/\/ansertelefonia.com.ar\/?product=portero-electrico-netyer-t3#breadcrumb","itemListElement":[{"@type":"ListItem","position":1,"name":"Portada","item":"https:\/\/ansertelefonia.com.ar\/"},{"@type":"ListItem","position":2,"name":"Productos","item":"https:\/\/ansertelefonia.com.ar\/?page_id=8"},{"@type":"ListItem","position":3,"name":"Portero el\u00e9ctrico Netyer T3"}]},{"@type":"WebSite","@id":"https:\/\/ansertelefonia.com.ar\/#website","url":"https:\/\/ansertelefonia.com.ar\/","name":"Anser Telefonia Importaci\u00f3n - AT View","description":"AT View","publisher":{"@id":"https:\/\/ansertelefonia.com.ar\/#organization"},"potentialAction":[{"@type":"SearchAction","target":{"@type":"EntryPoint","urlTemplate":"https:\/\/ansertelefonia.com.ar\/?s={search_term_string}"},"query-input":{"@type":"PropertyValueSpecification","valueRequired":true,"valueName":"search_term_string"}}],"inLanguage":"es"},{"@type":"Organization","@id":"https:\/\/ansertelefonia.com.ar\/#organization","name":"Anser Telefonia Importaci\u00f3n - AT View","url":"https:\/\/ansertelefonia.com.ar\/","logo":{"@type":"ImageObject","inLanguage":"es","@id":"https:\/\/ansertelefonia.com.ar\/#\/schema\/logo\/image\/","url":"https:\/\/ansertelefonia.com.ar\/wp-content\/uploads\/2025\/01\/logo-anser.png","contentUrl":"https:\/\/ansertelefonia.com.ar\/wp-content\/uploads\/2025\/01\/logo-anser.png","width":285,"height":64,"caption":"Anser Telefonia Importaci\u00f3n - AT View"},"image":{"@id":"https:\/\/ansertelefonia.com.ar\/#\/schema\/logo\/image\/"},"sameAs":["https:\/\/www.facebook.com\/AnsertelefoniaaATView\/","https:\/\/www.instagram.com\/ansertelefonia\/","https:\/\/api.whatsapp.com\/send\/?phone=5493413899983&text&type=phone_number&app_absent=0"]}]}},"_links":{"self":[{"href":"https:\/\/ansertelefonia.com.ar\/index.php?rest_route=\/wp\/v2\/product\/972"}],"collection":[{"href":"https:\/\/ansertelefonia.com.ar\/index.php?rest_route=\/wp\/v2\/product"}],"about":[{"href":"https:\/\/ansertelefonia.com.ar\/index.php?rest_route=\/wp\/v2\/types\/product"}],"wp:featuredmedia":[{"embeddable":true,"href":"https:\/\/ansertelefonia.com.ar\/index.php?rest_route=\/wp\/v2\/media\/974"}],"wp:attachment":[{"href":"https:\/\/ansertelefonia.com.ar\/index.php?rest_route=%2Fwp%2Fv2%2Fmedia&parent=972"}],"wp:term":[{"taxonomy":"product_brand","embeddable":true,"href":"https:\/\/ansertelefonia.com.ar\/index.php?rest_route=%2Fwp%2Fv2%2Fproduct_brand&post=972"},{"taxonomy":"product_cat","embeddable":true,"href":"https:\/\/ansertelefonia.com.ar\/index.php?rest_route=%2Fwp%2Fv2%2Fproduct_cat&post=972"},{"taxonomy":"product_tag","embeddable":true,"href":"https:\/\/ansertelefonia.com.ar\/index.php?rest_route=%2Fwp%2Fv2%2Fproduct_tag&post=972"}],"curies":[{"name":"wp","href":"https:\/\/api.w.org\/{rel}","templated":true}]}}