{"id":936,"date":"2019-02-23T16:20:55","date_gmt":"2019-02-23T19:20:55","guid":{"rendered":"https:\/\/ansertelefonia.com.ar\/?post_type=product&#038;p=936"},"modified":"2021-08-09T09:55:07","modified_gmt":"2021-08-09T12:55:07","slug":"portero-electrico-visor-vi-700","status":"publish","type":"product","link":"https:\/\/ansertelefonia.com.ar\/?product=portero-electrico-visor-vi-700","title":{"rendered":"Portero El\u00e9ctrico Visor VI-700"},"content":{"rendered":"","protected":false},"excerpt":{"rendered":"<p>Portero Visor con pantalla LCD 7&#8243;.<\/p>\n<p>Caracter\u00edsticas:<\/p>\n<p>Sistema de Vigilancia: a trav\u00e9s de su entrada RCA es posible colocar una c\u00e1mara CCTV (PAL-B) y poder visualizar en pantalla, mientras el frente permanezca inactivo<\/p>\n<p>Salida de Video RCA, para poder reproducir en otra pantalla (TV, Monitor, etc) todo lo que el portero visualiza<\/p>\n<p>Frente con carcaza anti-vand\u00e1lica hecha en hierro de alta resistencia<\/p>\n<p>Modo Stand By autom\u00e1tico para ahorro de energ\u00eda<\/p>\n<p>Comunicaci\u00f3n por sistema de Manos Libres. Jam\u00e1s tendr\u00e1 que volver a levantar un tubo para atender<\/p>\n<p>Medidas: 250 (L) x 180 (A) x 26 (H) mm<\/p>\n<p>Incluye 15 mts. de cable y hardware de instalaci\u00f3n.<\/p>\n<hr \/>\n<p><img decoding=\"async\" class=\"alignnone wp-image-642\" src=\"https:\/\/ansertelefonia.com.ar\/wp-content\/uploads\/2019\/01\/atview-1-300x107.jpg\" alt=\"\" width=\"98\" height=\"35\" srcset=\"https:\/\/ansertelefonia.com.ar\/wp-content\/uploads\/2019\/01\/atview-1-300x107.jpg 300w, https:\/\/ansertelefonia.com.ar\/wp-content\/uploads\/2019\/01\/atview-1-768x274.jpg 768w, https:\/\/ansertelefonia.com.ar\/wp-content\/uploads\/2019\/01\/atview-1-1024x366.jpg 1024w, https:\/\/ansertelefonia.com.ar\/wp-content\/uploads\/2019\/01\/atview-1-600x214.jpg 600w, https:\/\/ansertelefonia.com.ar\/wp-content\/uploads\/2019\/01\/atview-1.jpg 1984w\" sizes=\"(max-width: 98px) 100vw, 98px\" \/><\/p>\n","protected":false},"featured_media":937,"template":"","meta":[],"product_brand":[],"product_cat":[29,33],"product_tag":[],"class_list":{"0":"post-936","1":"product","2":"type-product","3":"status-publish","4":"has-post-thumbnail","6":"product_cat-alarmas","7":"product_cat-porteros-electricos-con-visor","9":"first","10":"outofstock","11":"taxable","12":"shipping-taxable","13":"product-type-simple"},"yoast_head":"<!-- This site is optimized with the Yoast SEO plugin v25.6 - https:\/\/yoast.com\/wordpress\/plugins\/seo\/ -->\n<title>Portero El\u00e9ctrico Visor VI-700 - Anser Telefonia Importaci\u00f3n - AT View<\/title>\n<meta name=\"robots\" content=\"index, follow, max-snippet:-1, max-image-preview:large, max-video-preview:-1\" \/>\n<link rel=\"canonical\" href=\"https:\/\/ansertelefonia.com.ar\/?product=portero-electrico-visor-vi-700\" \/>\n<meta property=\"og:locale\" content=\"es_ES\" \/>\n<meta property=\"og:type\" content=\"article\" \/>\n<meta property=\"og:title\" content=\"Portero El\u00e9ctrico Visor VI-700 - Anser Telefonia Importaci\u00f3n - AT View\" \/>\n<meta property=\"og:description\" content=\"Portero Visor con pantalla LCD 7&quot;.  Caracter\u00edsticas:  Sistema de Vigilancia: a trav\u00e9s de su entrada RCA es posible colocar una c\u00e1mara CCTV (PAL-B) y poder visualizar en pantalla, mientras el frente permanezca inactivo  Salida de Video RCA, para poder reproducir en otra pantalla (TV, Monitor, etc) todo lo que el portero visualiza  Frente con carcaza anti-vand\u00e1lica hecha en hierro de alta resistencia  Modo Stand By autom\u00e1tico para ahorro de energ\u00eda  Comunicaci\u00f3n por sistema de Manos Libres. Jam\u00e1s tendr\u00e1 que volver a levantar un tubo para atender  Medidas: 250 (L) x 180 (A) x 26 (H) mm  Incluye 15 mts. de cable y hardware de instalaci\u00f3n.\" \/>\n<meta property=\"og:url\" content=\"https:\/\/ansertelefonia.com.ar\/?product=portero-electrico-visor-vi-700\" \/>\n<meta property=\"og:site_name\" content=\"Anser Telefonia Importaci\u00f3n - AT View\" \/>\n<meta property=\"article:publisher\" content=\"https:\/\/www.facebook.com\/AnsertelefoniaaATView\/\" \/>\n<meta property=\"article:modified_time\" content=\"2021-08-09T12:55:07+00:00\" \/>\n<meta property=\"og:image\" content=\"https:\/\/ansertelefonia.com.ar\/wp-content\/uploads\/2019\/02\/vi700.jpg\" \/>\n\t<meta property=\"og:image:width\" content=\"400\" \/>\n\t<meta property=\"og:image:height\" content=\"400\" \/>\n\t<meta property=\"og:image:type\" content=\"image\/jpeg\" \/>\n<meta name=\"twitter:card\" content=\"summary_large_image\" \/>\n<script type=\"application\/ld+json\" class=\"yoast-schema-graph\">{\"@context\":\"https:\/\/schema.org\",\"@graph\":[{\"@type\":\"WebPage\",\"@id\":\"https:\/\/ansertelefonia.com.ar\/?product=portero-electrico-visor-vi-700\",\"url\":\"https:\/\/ansertelefonia.com.ar\/?product=portero-electrico-visor-vi-700\",\"name\":\"Portero El\u00e9ctrico Visor VI-700 - Anser Telefonia Importaci\u00f3n - AT View\",\"isPartOf\":{\"@id\":\"https:\/\/ansertelefonia.com.ar\/#website\"},\"primaryImageOfPage\":{\"@id\":\"https:\/\/ansertelefonia.com.ar\/?product=portero-electrico-visor-vi-700#primaryimage\"},\"image\":{\"@id\":\"https:\/\/ansertelefonia.com.ar\/?product=portero-electrico-visor-vi-700#primaryimage\"},\"thumbnailUrl\":\"https:\/\/ansertelefonia.com.ar\/wp-content\/uploads\/2019\/02\/vi700.jpg\",\"datePublished\":\"2019-02-23T19:20:55+00:00\",\"dateModified\":\"2021-08-09T12:55:07+00:00\",\"breadcrumb\":{\"@id\":\"https:\/\/ansertelefonia.com.ar\/?product=portero-electrico-visor-vi-700#breadcrumb\"},\"inLanguage\":\"es\",\"potentialAction\":[{\"@type\":\"ReadAction\",\"target\":[\"https:\/\/ansertelefonia.com.ar\/?product=portero-electrico-visor-vi-700\"]}]},{\"@type\":\"ImageObject\",\"inLanguage\":\"es\",\"@id\":\"https:\/\/ansertelefonia.com.ar\/?product=portero-electrico-visor-vi-700#primaryimage\",\"url\":\"https:\/\/ansertelefonia.com.ar\/wp-content\/uploads\/2019\/02\/vi700.jpg\",\"contentUrl\":\"https:\/\/ansertelefonia.com.ar\/wp-content\/uploads\/2019\/02\/vi700.jpg\",\"width\":400,\"height\":400},{\"@type\":\"BreadcrumbList\",\"@id\":\"https:\/\/ansertelefonia.com.ar\/?product=portero-electrico-visor-vi-700#breadcrumb\",\"itemListElement\":[{\"@type\":\"ListItem\",\"position\":1,\"name\":\"Portada\",\"item\":\"https:\/\/ansertelefonia.com.ar\/\"},{\"@type\":\"ListItem\",\"position\":2,\"name\":\"Productos\",\"item\":\"https:\/\/ansertelefonia.com.ar\/?page_id=8\"},{\"@type\":\"ListItem\",\"position\":3,\"name\":\"Portero El\u00e9ctrico Visor VI-700\"}]},{\"@type\":\"WebSite\",\"@id\":\"https:\/\/ansertelefonia.com.ar\/#website\",\"url\":\"https:\/\/ansertelefonia.com.ar\/\",\"name\":\"Anser Telefonia Importaci\u00f3n - AT View\",\"description\":\"AT View\",\"publisher\":{\"@id\":\"https:\/\/ansertelefonia.com.ar\/#organization\"},\"potentialAction\":[{\"@type\":\"SearchAction\",\"target\":{\"@type\":\"EntryPoint\",\"urlTemplate\":\"https:\/\/ansertelefonia.com.ar\/?s={search_term_string}\"},\"query-input\":{\"@type\":\"PropertyValueSpecification\",\"valueRequired\":true,\"valueName\":\"search_term_string\"}}],\"inLanguage\":\"es\"},{\"@type\":\"Organization\",\"@id\":\"https:\/\/ansertelefonia.com.ar\/#organization\",\"name\":\"Anser Telefonia Importaci\u00f3n - AT View\",\"url\":\"https:\/\/ansertelefonia.com.ar\/\",\"logo\":{\"@type\":\"ImageObject\",\"inLanguage\":\"es\",\"@id\":\"https:\/\/ansertelefonia.com.ar\/#\/schema\/logo\/image\/\",\"url\":\"https:\/\/ansertelefonia.com.ar\/wp-content\/uploads\/2025\/01\/logo-anser.png\",\"contentUrl\":\"https:\/\/ansertelefonia.com.ar\/wp-content\/uploads\/2025\/01\/logo-anser.png\",\"width\":285,\"height\":64,\"caption\":\"Anser Telefonia Importaci\u00f3n - AT View\"},\"image\":{\"@id\":\"https:\/\/ansertelefonia.com.ar\/#\/schema\/logo\/image\/\"},\"sameAs\":[\"https:\/\/www.facebook.com\/AnsertelefoniaaATView\/\",\"https:\/\/www.instagram.com\/ansertelefonia\/\",\"https:\/\/api.whatsapp.com\/send\/?phone=5493413899983&text&type=phone_number&app_absent=0\"]}]}<\/script>\n<!-- \/ Yoast SEO plugin. -->","yoast_head_json":{"title":"Portero El\u00e9ctrico Visor VI-700 - Anser Telefonia Importaci\u00f3n - AT View","robots":{"index":"index","follow":"follow","max-snippet":"max-snippet:-1","max-image-preview":"max-image-preview:large","max-video-preview":"max-video-preview:-1"},"canonical":"https:\/\/ansertelefonia.com.ar\/?product=portero-electrico-visor-vi-700","og_locale":"es_ES","og_type":"article","og_title":"Portero El\u00e9ctrico Visor VI-700 - Anser Telefonia Importaci\u00f3n - AT View","og_description":"Portero Visor con pantalla LCD 7\".  Caracter\u00edsticas:  Sistema de Vigilancia: a trav\u00e9s de su entrada RCA es posible colocar una c\u00e1mara CCTV (PAL-B) y poder visualizar en pantalla, mientras el frente permanezca inactivo  Salida de Video RCA, para poder reproducir en otra pantalla (TV, Monitor, etc) todo lo que el portero visualiza  Frente con carcaza anti-vand\u00e1lica hecha en hierro de alta resistencia  Modo Stand By autom\u00e1tico para ahorro de energ\u00eda  Comunicaci\u00f3n por sistema de Manos Libres. Jam\u00e1s tendr\u00e1 que volver a levantar un tubo para atender  Medidas: 250 (L) x 180 (A) x 26 (H) mm  Incluye 15 mts. de cable y hardware de instalaci\u00f3n.","og_url":"https:\/\/ansertelefonia.com.ar\/?product=portero-electrico-visor-vi-700","og_site_name":"Anser Telefonia Importaci\u00f3n - AT View","article_publisher":"https:\/\/www.facebook.com\/AnsertelefoniaaATView\/","article_modified_time":"2021-08-09T12:55:07+00:00","og_image":[{"width":400,"height":400,"url":"https:\/\/ansertelefonia.com.ar\/wp-content\/uploads\/2019\/02\/vi700.jpg","type":"image\/jpeg"}],"twitter_card":"summary_large_image","schema":{"@context":"https:\/\/schema.org","@graph":[{"@type":"WebPage","@id":"https:\/\/ansertelefonia.com.ar\/?product=portero-electrico-visor-vi-700","url":"https:\/\/ansertelefonia.com.ar\/?product=portero-electrico-visor-vi-700","name":"Portero El\u00e9ctrico Visor VI-700 - Anser Telefonia Importaci\u00f3n - AT View","isPartOf":{"@id":"https:\/\/ansertelefonia.com.ar\/#website"},"primaryImageOfPage":{"@id":"https:\/\/ansertelefonia.com.ar\/?product=portero-electrico-visor-vi-700#primaryimage"},"image":{"@id":"https:\/\/ansertelefonia.com.ar\/?product=portero-electrico-visor-vi-700#primaryimage"},"thumbnailUrl":"https:\/\/ansertelefonia.com.ar\/wp-content\/uploads\/2019\/02\/vi700.jpg","datePublished":"2019-02-23T19:20:55+00:00","dateModified":"2021-08-09T12:55:07+00:00","breadcrumb":{"@id":"https:\/\/ansertelefonia.com.ar\/?product=portero-electrico-visor-vi-700#breadcrumb"},"inLanguage":"es","potentialAction":[{"@type":"ReadAction","target":["https:\/\/ansertelefonia.com.ar\/?product=portero-electrico-visor-vi-700"]}]},{"@type":"ImageObject","inLanguage":"es","@id":"https:\/\/ansertelefonia.com.ar\/?product=portero-electrico-visor-vi-700#primaryimage","url":"https:\/\/ansertelefonia.com.ar\/wp-content\/uploads\/2019\/02\/vi700.jpg","contentUrl":"https:\/\/ansertelefonia.com.ar\/wp-content\/uploads\/2019\/02\/vi700.jpg","width":400,"height":400},{"@type":"BreadcrumbList","@id":"https:\/\/ansertelefonia.com.ar\/?product=portero-electrico-visor-vi-700#breadcrumb","itemListElement":[{"@type":"ListItem","position":1,"name":"Portada","item":"https:\/\/ansertelefonia.com.ar\/"},{"@type":"ListItem","position":2,"name":"Productos","item":"https:\/\/ansertelefonia.com.ar\/?page_id=8"},{"@type":"ListItem","position":3,"name":"Portero El\u00e9ctrico Visor VI-700"}]},{"@type":"WebSite","@id":"https:\/\/ansertelefonia.com.ar\/#website","url":"https:\/\/ansertelefonia.com.ar\/","name":"Anser Telefonia Importaci\u00f3n - AT View","description":"AT View","publisher":{"@id":"https:\/\/ansertelefonia.com.ar\/#organization"},"potentialAction":[{"@type":"SearchAction","target":{"@type":"EntryPoint","urlTemplate":"https:\/\/ansertelefonia.com.ar\/?s={search_term_string}"},"query-input":{"@type":"PropertyValueSpecification","valueRequired":true,"valueName":"search_term_string"}}],"inLanguage":"es"},{"@type":"Organization","@id":"https:\/\/ansertelefonia.com.ar\/#organization","name":"Anser Telefonia Importaci\u00f3n - AT View","url":"https:\/\/ansertelefonia.com.ar\/","logo":{"@type":"ImageObject","inLanguage":"es","@id":"https:\/\/ansertelefonia.com.ar\/#\/schema\/logo\/image\/","url":"https:\/\/ansertelefonia.com.ar\/wp-content\/uploads\/2025\/01\/logo-anser.png","contentUrl":"https:\/\/ansertelefonia.com.ar\/wp-content\/uploads\/2025\/01\/logo-anser.png","width":285,"height":64,"caption":"Anser Telefonia Importaci\u00f3n - AT View"},"image":{"@id":"https:\/\/ansertelefonia.com.ar\/#\/schema\/logo\/image\/"},"sameAs":["https:\/\/www.facebook.com\/AnsertelefoniaaATView\/","https:\/\/www.instagram.com\/ansertelefonia\/","https:\/\/api.whatsapp.com\/send\/?phone=5493413899983&text&type=phone_number&app_absent=0"]}]}},"_links":{"self":[{"href":"https:\/\/ansertelefonia.com.ar\/index.php?rest_route=\/wp\/v2\/product\/936"}],"collection":[{"href":"https:\/\/ansertelefonia.com.ar\/index.php?rest_route=\/wp\/v2\/product"}],"about":[{"href":"https:\/\/ansertelefonia.com.ar\/index.php?rest_route=\/wp\/v2\/types\/product"}],"wp:featuredmedia":[{"embeddable":true,"href":"https:\/\/ansertelefonia.com.ar\/index.php?rest_route=\/wp\/v2\/media\/937"}],"wp:attachment":[{"href":"https:\/\/ansertelefonia.com.ar\/index.php?rest_route=%2Fwp%2Fv2%2Fmedia&parent=936"}],"wp:term":[{"taxonomy":"product_brand","embeddable":true,"href":"https:\/\/ansertelefonia.com.ar\/index.php?rest_route=%2Fwp%2Fv2%2Fproduct_brand&post=936"},{"taxonomy":"product_cat","embeddable":true,"href":"https:\/\/ansertelefonia.com.ar\/index.php?rest_route=%2Fwp%2Fv2%2Fproduct_cat&post=936"},{"taxonomy":"product_tag","embeddable":true,"href":"https:\/\/ansertelefonia.com.ar\/index.php?rest_route=%2Fwp%2Fv2%2Fproduct_tag&post=936"}],"curies":[{"name":"wp","href":"https:\/\/api.w.org\/{rel}","templated":true}]}}