{"id":934,"date":"2019-02-23T16:13:13","date_gmt":"2019-02-23T19:13:13","guid":{"rendered":"https:\/\/ansertelefonia.com.ar\/?post_type=product&#038;p=934"},"modified":"2019-03-05T00:45:46","modified_gmt":"2019-03-05T03:45:46","slug":"pronext-vi-450","status":"publish","type":"product","link":"https:\/\/ansertelefonia.com.ar\/?product=pronext-vi-450","title":{"rendered":"Pronext VI-450"},"content":{"rendered":"","protected":false},"excerpt":{"rendered":"<p>Portero Visor LCD de 4&#8242; con intercomunicador, grabaci\u00f3n autom\u00e1tica de visitas y configuraci\u00f3nes de hasta 2 a 2<\/p>\n<p>Caracteristicas: C\u00e1mara antivandalica, funci\u00f3n intercomunicador y mas.<\/p>\n<p>Funciones: FUNCION INTERCOMUNICADOR: Permite comunicarse con otras unidades internas. (maximo 3 unidades)<\/p>\n<p>FUNCION GRABACI\u00d3N: Permite a trav\u00e9s de su memoria interna almacenar hasta 100 imagenes de sus visitante en forma autom\u00e1tica. De esta manera siempre va a saber quien vino a su casa, que dia y a que hora.<\/p>\n<p>FUNCION DE CONEXION: El VI-450 admite incoporar hasta 2 frentes externos. Ideal para aquellas casas con 2 entradas, de manera de centralizar todo en un sola unidad Bot\u00f3n de apertura de cerradura el\u00e9ctrica: podr\u00e1 abrirle a su visita con solo un bot\u00f3n<\/p>\n<p>C\u00e1mara oculta: frente con c\u00e1mara tipo PIN-HOLE, que la hacen imperceptible para la visita<\/p>\n<p>Visi\u00f3n nocturna: todos los equipos vienen equipados con esta tecnolog\u00eda.<\/p>\n<p>Aun en la oscuridad podr\u00e1 ver a la visita.<\/p>\n<p>Permite incorporar hasta 2 porteros adicionales en un mismo sistema.<\/p>\n<p>La factibilidad t\u00e9cnica de conexi\u00f3n est\u00e1 sujeta al tipo y longitudes de cable utilizados.<\/p>\n<p>Ajuste de brillo, contraste y volumen: de esta manera podr\u00e1 personalizar a la visualizaci\u00f3n que m\u00e1s le acomode<\/p>\n<p>Caracter\u00edsticas T\u00e9cnicas: Frente con carcaza anti-vand\u00e1lica hecha en hierro de alta resistencia.<\/p>\n<p>Modo Stand By autom\u00e1tico, para ahorro de energ\u00eda.<\/p>\n<p>Comunicaci\u00f3n por sistema de manos libres.<\/p>\n<p>Jam\u00e1s tendr\u00e1 que volver a levantar un tubo para atender<\/p>\n<p>Incluye 5mts de cables y hardware de instalaci\u00f3n<\/p>\n<p>Opciones de conexi\u00f3n: 1a1, 1a2, 2a1, 2a2, 1a3, 2a3<\/p>\n<hr \/>\n<p><img decoding=\"async\" class=\"alignnone  wp-image-642\" src=\"https:\/\/ansertelefonia.com.ar\/wp-content\/uploads\/2019\/01\/atview-1-300x107.jpg\" alt=\"\" width=\"106\" height=\"38\" srcset=\"https:\/\/ansertelefonia.com.ar\/wp-content\/uploads\/2019\/01\/atview-1-300x107.jpg 300w, https:\/\/ansertelefonia.com.ar\/wp-content\/uploads\/2019\/01\/atview-1-768x274.jpg 768w, https:\/\/ansertelefonia.com.ar\/wp-content\/uploads\/2019\/01\/atview-1-1024x366.jpg 1024w, https:\/\/ansertelefonia.com.ar\/wp-content\/uploads\/2019\/01\/atview-1-600x214.jpg 600w, https:\/\/ansertelefonia.com.ar\/wp-content\/uploads\/2019\/01\/atview-1.jpg 1984w\" sizes=\"(max-width: 106px) 100vw, 106px\" \/><\/p>\n","protected":false},"featured_media":935,"template":"","meta":[],"product_brand":[],"product_cat":[33,28],"product_tag":[],"class_list":{"0":"post-934","1":"product","2":"type-product","3":"status-publish","4":"has-post-thumbnail","6":"product_cat-porteros-electricos-con-visor","7":"product_cat-seguridad-electronica","9":"first","10":"onbackorder","11":"taxable","12":"shipping-taxable","13":"product-type-simple"},"yoast_head":"<!-- This site is optimized with the Yoast SEO plugin v25.6 - https:\/\/yoast.com\/wordpress\/plugins\/seo\/ -->\n<title>Pronext VI-450 - Anser Telefonia Importaci\u00f3n - AT View<\/title>\n<meta name=\"robots\" content=\"index, follow, max-snippet:-1, max-image-preview:large, max-video-preview:-1\" \/>\n<link rel=\"canonical\" href=\"https:\/\/ansertelefonia.com.ar\/?product=pronext-vi-450\" \/>\n<meta property=\"og:locale\" content=\"es_ES\" \/>\n<meta property=\"og:type\" content=\"article\" \/>\n<meta property=\"og:title\" content=\"Pronext VI-450 - Anser Telefonia Importaci\u00f3n - AT View\" \/>\n<meta property=\"og:description\" content=\"Portero Visor LCD de 4&#039; con intercomunicador, grabaci\u00f3n autom\u00e1tica de visitas y configuraci\u00f3nes de hasta 2 a 2  Caracteristicas: C\u00e1mara antivandalica, funci\u00f3n intercomunicador y mas.  Funciones: FUNCION INTERCOMUNICADOR: Permite comunicarse con otras unidades internas. (maximo 3 unidades)  FUNCION GRABACI\u00d3N: Permite a trav\u00e9s de su memoria interna almacenar hasta 100 imagenes de sus visitante en forma autom\u00e1tica. De esta manera siempre va a saber quien vino a su casa, que dia y a que hora.  FUNCION DE CONEXION: El VI-450 admite incoporar hasta 2 frentes externos. Ideal para aquellas casas con 2 entradas, de manera de centralizar todo en un sola unidad Bot\u00f3n de apertura de cerradura el\u00e9ctrica: podr\u00e1 abrirle a su visita con solo un bot\u00f3n  C\u00e1mara oculta: frente con c\u00e1mara tipo PIN-HOLE, que la hacen imperceptible para la visita  Visi\u00f3n nocturna: todos los equipos vienen equipados con esta tecnolog\u00eda.  Aun en la oscuridad podr\u00e1 ver a la visita.  Permite incorporar hasta 2 porteros adicionales en un mismo sistema.  La factibilidad t\u00e9cnica de conexi\u00f3n est\u00e1 sujeta al tipo y longitudes de cable utilizados.  Ajuste de brillo, contraste y volumen: de esta manera podr\u00e1 personalizar a la visualizaci\u00f3n que m\u00e1s le acomode  Caracter\u00edsticas T\u00e9cnicas: Frente con carcaza anti-vand\u00e1lica hecha en hierro de alta resistencia.  Modo Stand By autom\u00e1tico, para ahorro de energ\u00eda.  Comunicaci\u00f3n por sistema de manos libres.  Jam\u00e1s tendr\u00e1 que volver a levantar un tubo para atender  Incluye 5mts de cables y hardware de instalaci\u00f3n  Opciones de conexi\u00f3n: 1a1, 1a2, 2a1, 2a2, 1a3, 2a3\" \/>\n<meta property=\"og:url\" content=\"https:\/\/ansertelefonia.com.ar\/?product=pronext-vi-450\" \/>\n<meta property=\"og:site_name\" content=\"Anser Telefonia Importaci\u00f3n - AT View\" \/>\n<meta property=\"article:publisher\" content=\"https:\/\/www.facebook.com\/AnsertelefoniaaATView\/\" \/>\n<meta property=\"article:modified_time\" content=\"2019-03-05T03:45:46+00:00\" \/>\n<meta property=\"og:image\" content=\"https:\/\/ansertelefonia.com.ar\/wp-content\/uploads\/2019\/02\/VI-450-.jpg\" \/>\n\t<meta property=\"og:image:width\" content=\"400\" \/>\n\t<meta property=\"og:image:height\" content=\"400\" \/>\n\t<meta property=\"og:image:type\" content=\"image\/jpeg\" \/>\n<meta name=\"twitter:card\" content=\"summary_large_image\" \/>\n<script type=\"application\/ld+json\" class=\"yoast-schema-graph\">{\"@context\":\"https:\/\/schema.org\",\"@graph\":[{\"@type\":\"WebPage\",\"@id\":\"https:\/\/ansertelefonia.com.ar\/?product=pronext-vi-450\",\"url\":\"https:\/\/ansertelefonia.com.ar\/?product=pronext-vi-450\",\"name\":\"Pronext VI-450 - Anser Telefonia Importaci\u00f3n - AT View\",\"isPartOf\":{\"@id\":\"https:\/\/ansertelefonia.com.ar\/#website\"},\"primaryImageOfPage\":{\"@id\":\"https:\/\/ansertelefonia.com.ar\/?product=pronext-vi-450#primaryimage\"},\"image\":{\"@id\":\"https:\/\/ansertelefonia.com.ar\/?product=pronext-vi-450#primaryimage\"},\"thumbnailUrl\":\"https:\/\/ansertelefonia.com.ar\/wp-content\/uploads\/2019\/02\/VI-450-.jpg\",\"datePublished\":\"2019-02-23T19:13:13+00:00\",\"dateModified\":\"2019-03-05T03:45:46+00:00\",\"breadcrumb\":{\"@id\":\"https:\/\/ansertelefonia.com.ar\/?product=pronext-vi-450#breadcrumb\"},\"inLanguage\":\"es\",\"potentialAction\":[{\"@type\":\"ReadAction\",\"target\":[\"https:\/\/ansertelefonia.com.ar\/?product=pronext-vi-450\"]}]},{\"@type\":\"ImageObject\",\"inLanguage\":\"es\",\"@id\":\"https:\/\/ansertelefonia.com.ar\/?product=pronext-vi-450#primaryimage\",\"url\":\"https:\/\/ansertelefonia.com.ar\/wp-content\/uploads\/2019\/02\/VI-450-.jpg\",\"contentUrl\":\"https:\/\/ansertelefonia.com.ar\/wp-content\/uploads\/2019\/02\/VI-450-.jpg\",\"width\":400,\"height\":400},{\"@type\":\"BreadcrumbList\",\"@id\":\"https:\/\/ansertelefonia.com.ar\/?product=pronext-vi-450#breadcrumb\",\"itemListElement\":[{\"@type\":\"ListItem\",\"position\":1,\"name\":\"Portada\",\"item\":\"https:\/\/ansertelefonia.com.ar\/\"},{\"@type\":\"ListItem\",\"position\":2,\"name\":\"Productos\",\"item\":\"https:\/\/ansertelefonia.com.ar\/?page_id=8\"},{\"@type\":\"ListItem\",\"position\":3,\"name\":\"Pronext VI-450\"}]},{\"@type\":\"WebSite\",\"@id\":\"https:\/\/ansertelefonia.com.ar\/#website\",\"url\":\"https:\/\/ansertelefonia.com.ar\/\",\"name\":\"Anser Telefonia Importaci\u00f3n - AT View\",\"description\":\"AT View\",\"publisher\":{\"@id\":\"https:\/\/ansertelefonia.com.ar\/#organization\"},\"potentialAction\":[{\"@type\":\"SearchAction\",\"target\":{\"@type\":\"EntryPoint\",\"urlTemplate\":\"https:\/\/ansertelefonia.com.ar\/?s={search_term_string}\"},\"query-input\":{\"@type\":\"PropertyValueSpecification\",\"valueRequired\":true,\"valueName\":\"search_term_string\"}}],\"inLanguage\":\"es\"},{\"@type\":\"Organization\",\"@id\":\"https:\/\/ansertelefonia.com.ar\/#organization\",\"name\":\"Anser Telefonia Importaci\u00f3n - AT View\",\"url\":\"https:\/\/ansertelefonia.com.ar\/\",\"logo\":{\"@type\":\"ImageObject\",\"inLanguage\":\"es\",\"@id\":\"https:\/\/ansertelefonia.com.ar\/#\/schema\/logo\/image\/\",\"url\":\"https:\/\/ansertelefonia.com.ar\/wp-content\/uploads\/2025\/01\/logo-anser.png\",\"contentUrl\":\"https:\/\/ansertelefonia.com.ar\/wp-content\/uploads\/2025\/01\/logo-anser.png\",\"width\":285,\"height\":64,\"caption\":\"Anser Telefonia Importaci\u00f3n - AT View\"},\"image\":{\"@id\":\"https:\/\/ansertelefonia.com.ar\/#\/schema\/logo\/image\/\"},\"sameAs\":[\"https:\/\/www.facebook.com\/AnsertelefoniaaATView\/\",\"https:\/\/www.instagram.com\/ansertelefonia\/\",\"https:\/\/api.whatsapp.com\/send\/?phone=5493413899983&text&type=phone_number&app_absent=0\"]}]}<\/script>\n<!-- \/ Yoast SEO plugin. -->","yoast_head_json":{"title":"Pronext VI-450 - Anser Telefonia Importaci\u00f3n - AT View","robots":{"index":"index","follow":"follow","max-snippet":"max-snippet:-1","max-image-preview":"max-image-preview:large","max-video-preview":"max-video-preview:-1"},"canonical":"https:\/\/ansertelefonia.com.ar\/?product=pronext-vi-450","og_locale":"es_ES","og_type":"article","og_title":"Pronext VI-450 - Anser Telefonia Importaci\u00f3n - AT View","og_description":"Portero Visor LCD de 4' con intercomunicador, grabaci\u00f3n autom\u00e1tica de visitas y configuraci\u00f3nes de hasta 2 a 2  Caracteristicas: C\u00e1mara antivandalica, funci\u00f3n intercomunicador y mas.  Funciones: FUNCION INTERCOMUNICADOR: Permite comunicarse con otras unidades internas. (maximo 3 unidades)  FUNCION GRABACI\u00d3N: Permite a trav\u00e9s de su memoria interna almacenar hasta 100 imagenes de sus visitante en forma autom\u00e1tica. De esta manera siempre va a saber quien vino a su casa, que dia y a que hora.  FUNCION DE CONEXION: El VI-450 admite incoporar hasta 2 frentes externos. Ideal para aquellas casas con 2 entradas, de manera de centralizar todo en un sola unidad Bot\u00f3n de apertura de cerradura el\u00e9ctrica: podr\u00e1 abrirle a su visita con solo un bot\u00f3n  C\u00e1mara oculta: frente con c\u00e1mara tipo PIN-HOLE, que la hacen imperceptible para la visita  Visi\u00f3n nocturna: todos los equipos vienen equipados con esta tecnolog\u00eda.  Aun en la oscuridad podr\u00e1 ver a la visita.  Permite incorporar hasta 2 porteros adicionales en un mismo sistema.  La factibilidad t\u00e9cnica de conexi\u00f3n est\u00e1 sujeta al tipo y longitudes de cable utilizados.  Ajuste de brillo, contraste y volumen: de esta manera podr\u00e1 personalizar a la visualizaci\u00f3n que m\u00e1s le acomode  Caracter\u00edsticas T\u00e9cnicas: Frente con carcaza anti-vand\u00e1lica hecha en hierro de alta resistencia.  Modo Stand By autom\u00e1tico, para ahorro de energ\u00eda.  Comunicaci\u00f3n por sistema de manos libres.  Jam\u00e1s tendr\u00e1 que volver a levantar un tubo para atender  Incluye 5mts de cables y hardware de instalaci\u00f3n  Opciones de conexi\u00f3n: 1a1, 1a2, 2a1, 2a2, 1a3, 2a3","og_url":"https:\/\/ansertelefonia.com.ar\/?product=pronext-vi-450","og_site_name":"Anser Telefonia Importaci\u00f3n - AT View","article_publisher":"https:\/\/www.facebook.com\/AnsertelefoniaaATView\/","article_modified_time":"2019-03-05T03:45:46+00:00","og_image":[{"width":400,"height":400,"url":"https:\/\/ansertelefonia.com.ar\/wp-content\/uploads\/2019\/02\/VI-450-.jpg","type":"image\/jpeg"}],"twitter_card":"summary_large_image","schema":{"@context":"https:\/\/schema.org","@graph":[{"@type":"WebPage","@id":"https:\/\/ansertelefonia.com.ar\/?product=pronext-vi-450","url":"https:\/\/ansertelefonia.com.ar\/?product=pronext-vi-450","name":"Pronext VI-450 - Anser Telefonia Importaci\u00f3n - AT View","isPartOf":{"@id":"https:\/\/ansertelefonia.com.ar\/#website"},"primaryImageOfPage":{"@id":"https:\/\/ansertelefonia.com.ar\/?product=pronext-vi-450#primaryimage"},"image":{"@id":"https:\/\/ansertelefonia.com.ar\/?product=pronext-vi-450#primaryimage"},"thumbnailUrl":"https:\/\/ansertelefonia.com.ar\/wp-content\/uploads\/2019\/02\/VI-450-.jpg","datePublished":"2019-02-23T19:13:13+00:00","dateModified":"2019-03-05T03:45:46+00:00","breadcrumb":{"@id":"https:\/\/ansertelefonia.com.ar\/?product=pronext-vi-450#breadcrumb"},"inLanguage":"es","potentialAction":[{"@type":"ReadAction","target":["https:\/\/ansertelefonia.com.ar\/?product=pronext-vi-450"]}]},{"@type":"ImageObject","inLanguage":"es","@id":"https:\/\/ansertelefonia.com.ar\/?product=pronext-vi-450#primaryimage","url":"https:\/\/ansertelefonia.com.ar\/wp-content\/uploads\/2019\/02\/VI-450-.jpg","contentUrl":"https:\/\/ansertelefonia.com.ar\/wp-content\/uploads\/2019\/02\/VI-450-.jpg","width":400,"height":400},{"@type":"BreadcrumbList","@id":"https:\/\/ansertelefonia.com.ar\/?product=pronext-vi-450#breadcrumb","itemListElement":[{"@type":"ListItem","position":1,"name":"Portada","item":"https:\/\/ansertelefonia.com.ar\/"},{"@type":"ListItem","position":2,"name":"Productos","item":"https:\/\/ansertelefonia.com.ar\/?page_id=8"},{"@type":"ListItem","position":3,"name":"Pronext VI-450"}]},{"@type":"WebSite","@id":"https:\/\/ansertelefonia.com.ar\/#website","url":"https:\/\/ansertelefonia.com.ar\/","name":"Anser Telefonia Importaci\u00f3n - AT View","description":"AT View","publisher":{"@id":"https:\/\/ansertelefonia.com.ar\/#organization"},"potentialAction":[{"@type":"SearchAction","target":{"@type":"EntryPoint","urlTemplate":"https:\/\/ansertelefonia.com.ar\/?s={search_term_string}"},"query-input":{"@type":"PropertyValueSpecification","valueRequired":true,"valueName":"search_term_string"}}],"inLanguage":"es"},{"@type":"Organization","@id":"https:\/\/ansertelefonia.com.ar\/#organization","name":"Anser Telefonia Importaci\u00f3n - AT View","url":"https:\/\/ansertelefonia.com.ar\/","logo":{"@type":"ImageObject","inLanguage":"es","@id":"https:\/\/ansertelefonia.com.ar\/#\/schema\/logo\/image\/","url":"https:\/\/ansertelefonia.com.ar\/wp-content\/uploads\/2025\/01\/logo-anser.png","contentUrl":"https:\/\/ansertelefonia.com.ar\/wp-content\/uploads\/2025\/01\/logo-anser.png","width":285,"height":64,"caption":"Anser Telefonia Importaci\u00f3n - AT View"},"image":{"@id":"https:\/\/ansertelefonia.com.ar\/#\/schema\/logo\/image\/"},"sameAs":["https:\/\/www.facebook.com\/AnsertelefoniaaATView\/","https:\/\/www.instagram.com\/ansertelefonia\/","https:\/\/api.whatsapp.com\/send\/?phone=5493413899983&text&type=phone_number&app_absent=0"]}]}},"_links":{"self":[{"href":"https:\/\/ansertelefonia.com.ar\/index.php?rest_route=\/wp\/v2\/product\/934"}],"collection":[{"href":"https:\/\/ansertelefonia.com.ar\/index.php?rest_route=\/wp\/v2\/product"}],"about":[{"href":"https:\/\/ansertelefonia.com.ar\/index.php?rest_route=\/wp\/v2\/types\/product"}],"wp:featuredmedia":[{"embeddable":true,"href":"https:\/\/ansertelefonia.com.ar\/index.php?rest_route=\/wp\/v2\/media\/935"}],"wp:attachment":[{"href":"https:\/\/ansertelefonia.com.ar\/index.php?rest_route=%2Fwp%2Fv2%2Fmedia&parent=934"}],"wp:term":[{"taxonomy":"product_brand","embeddable":true,"href":"https:\/\/ansertelefonia.com.ar\/index.php?rest_route=%2Fwp%2Fv2%2Fproduct_brand&post=934"},{"taxonomy":"product_cat","embeddable":true,"href":"https:\/\/ansertelefonia.com.ar\/index.php?rest_route=%2Fwp%2Fv2%2Fproduct_cat&post=934"},{"taxonomy":"product_tag","embeddable":true,"href":"https:\/\/ansertelefonia.com.ar\/index.php?rest_route=%2Fwp%2Fv2%2Fproduct_tag&post=934"}],"curies":[{"name":"wp","href":"https:\/\/api.w.org\/{rel}","templated":true}]}}