{"id":862,"date":"2019-02-07T23:35:05","date_gmt":"2019-02-08T02:35:05","guid":{"rendered":"https:\/\/ansertelefonia.com.ar\/?post_type=product&#038;p=862"},"modified":"2019-02-07T23:35:05","modified_gmt":"2019-02-08T02:35:05","slug":"general-electric-precise-fit-earset","status":"publish","type":"product","link":"https:\/\/ansertelefonia.com.ar\/?product=general-electric-precise-fit-earset","title":{"rendered":"General Electric Precise Fit Earset"},"content":{"rendered":"","protected":false},"excerpt":{"rendered":"<p>Aud\u00edfono Preciso<\/p>\n<p>Para tel\u00e9fonos con Toma 2.5 mm<\/p>\n<p>Altavoz de calidad para sonido claro<\/p>\n<p>Micr\u00f3fono en l\u00ednea con interruptor de silencio<\/p>\n<p>Clip para solapa ajustable<\/p>\n<p>Para usar en cualquier o\u00eddo<\/p>\n<p>Ajuste seguro.<\/p>\n<hr \/>\n<p><img decoding=\"async\" class=\"alignleft  wp-image-642\" src=\"https:\/\/ansertelefonia.com.ar\/wp-content\/uploads\/2019\/01\/atview-1-300x107.jpg\" alt=\"\" width=\"114\" height=\"41\" srcset=\"https:\/\/ansertelefonia.com.ar\/wp-content\/uploads\/2019\/01\/atview-1-300x107.jpg 300w, https:\/\/ansertelefonia.com.ar\/wp-content\/uploads\/2019\/01\/atview-1-768x274.jpg 768w, https:\/\/ansertelefonia.com.ar\/wp-content\/uploads\/2019\/01\/atview-1-1024x366.jpg 1024w, https:\/\/ansertelefonia.com.ar\/wp-content\/uploads\/2019\/01\/atview-1-600x214.jpg 600w, https:\/\/ansertelefonia.com.ar\/wp-content\/uploads\/2019\/01\/atview-1.jpg 1984w\" sizes=\"(max-width: 114px) 100vw, 114px\" \/><\/p>\n","protected":false},"featured_media":863,"template":"","meta":[],"product_brand":[],"product_cat":[16,19],"product_tag":[],"class_list":{"0":"post-862","1":"product","2":"type-product","3":"status-publish","4":"has-post-thumbnail","6":"product_cat-accesorios","7":"product_cat-auriculares","9":"first","10":"instock","11":"taxable","12":"shipping-taxable","13":"product-type-simple"},"yoast_head":"<!-- This site is optimized with the Yoast SEO plugin v25.6 - https:\/\/yoast.com\/wordpress\/plugins\/seo\/ -->\n<title>General Electric Precise Fit Earset - Anser Telefonia Importaci\u00f3n - AT View<\/title>\n<meta name=\"robots\" content=\"index, follow, max-snippet:-1, max-image-preview:large, max-video-preview:-1\" \/>\n<link rel=\"canonical\" href=\"https:\/\/ansertelefonia.com.ar\/?product=general-electric-precise-fit-earset\" \/>\n<meta property=\"og:locale\" content=\"es_ES\" \/>\n<meta property=\"og:type\" content=\"article\" \/>\n<meta property=\"og:title\" content=\"General Electric Precise Fit Earset - Anser Telefonia Importaci\u00f3n - AT View\" \/>\n<meta property=\"og:description\" content=\"Aud\u00edfono Preciso  Para tel\u00e9fonos con Toma 2.5 mm  Altavoz de calidad para sonido claro  Micr\u00f3fono en l\u00ednea con interruptor de silencio  Clip para solapa ajustable  Para usar en cualquier o\u00eddo  Ajuste seguro.\" \/>\n<meta property=\"og:url\" content=\"https:\/\/ansertelefonia.com.ar\/?product=general-electric-precise-fit-earset\" \/>\n<meta property=\"og:site_name\" content=\"Anser Telefonia Importaci\u00f3n - AT View\" \/>\n<meta property=\"article:publisher\" content=\"https:\/\/www.facebook.com\/AnsertelefoniaaATView\/\" \/>\n<meta property=\"og:image\" content=\"https:\/\/ansertelefonia.com.ar\/wp-content\/uploads\/2019\/02\/auriuclar-generic-ansertelefonia-com-ar.jpg\" \/>\n\t<meta property=\"og:image:width\" content=\"1000\" \/>\n\t<meta property=\"og:image:height\" content=\"1000\" \/>\n\t<meta property=\"og:image:type\" content=\"image\/jpeg\" \/>\n<meta name=\"twitter:card\" content=\"summary_large_image\" \/>\n<script type=\"application\/ld+json\" class=\"yoast-schema-graph\">{\"@context\":\"https:\/\/schema.org\",\"@graph\":[{\"@type\":\"WebPage\",\"@id\":\"https:\/\/ansertelefonia.com.ar\/?product=general-electric-precise-fit-earset\",\"url\":\"https:\/\/ansertelefonia.com.ar\/?product=general-electric-precise-fit-earset\",\"name\":\"General Electric Precise Fit Earset - Anser Telefonia Importaci\u00f3n - AT View\",\"isPartOf\":{\"@id\":\"https:\/\/ansertelefonia.com.ar\/#website\"},\"primaryImageOfPage\":{\"@id\":\"https:\/\/ansertelefonia.com.ar\/?product=general-electric-precise-fit-earset#primaryimage\"},\"image\":{\"@id\":\"https:\/\/ansertelefonia.com.ar\/?product=general-electric-precise-fit-earset#primaryimage\"},\"thumbnailUrl\":\"https:\/\/ansertelefonia.com.ar\/wp-content\/uploads\/2019\/02\/auriuclar-generic-ansertelefonia-com-ar.jpg\",\"datePublished\":\"2019-02-08T02:35:05+00:00\",\"breadcrumb\":{\"@id\":\"https:\/\/ansertelefonia.com.ar\/?product=general-electric-precise-fit-earset#breadcrumb\"},\"inLanguage\":\"es\",\"potentialAction\":[{\"@type\":\"ReadAction\",\"target\":[\"https:\/\/ansertelefonia.com.ar\/?product=general-electric-precise-fit-earset\"]}]},{\"@type\":\"ImageObject\",\"inLanguage\":\"es\",\"@id\":\"https:\/\/ansertelefonia.com.ar\/?product=general-electric-precise-fit-earset#primaryimage\",\"url\":\"https:\/\/ansertelefonia.com.ar\/wp-content\/uploads\/2019\/02\/auriuclar-generic-ansertelefonia-com-ar.jpg\",\"contentUrl\":\"https:\/\/ansertelefonia.com.ar\/wp-content\/uploads\/2019\/02\/auriuclar-generic-ansertelefonia-com-ar.jpg\",\"width\":1000,\"height\":1000},{\"@type\":\"BreadcrumbList\",\"@id\":\"https:\/\/ansertelefonia.com.ar\/?product=general-electric-precise-fit-earset#breadcrumb\",\"itemListElement\":[{\"@type\":\"ListItem\",\"position\":1,\"name\":\"Portada\",\"item\":\"https:\/\/ansertelefonia.com.ar\/\"},{\"@type\":\"ListItem\",\"position\":2,\"name\":\"Productos\",\"item\":\"https:\/\/ansertelefonia.com.ar\/?page_id=8\"},{\"@type\":\"ListItem\",\"position\":3,\"name\":\"General Electric Precise Fit Earset\"}]},{\"@type\":\"WebSite\",\"@id\":\"https:\/\/ansertelefonia.com.ar\/#website\",\"url\":\"https:\/\/ansertelefonia.com.ar\/\",\"name\":\"Anser Telefonia Importaci\u00f3n - AT View\",\"description\":\"AT View\",\"publisher\":{\"@id\":\"https:\/\/ansertelefonia.com.ar\/#organization\"},\"potentialAction\":[{\"@type\":\"SearchAction\",\"target\":{\"@type\":\"EntryPoint\",\"urlTemplate\":\"https:\/\/ansertelefonia.com.ar\/?s={search_term_string}\"},\"query-input\":{\"@type\":\"PropertyValueSpecification\",\"valueRequired\":true,\"valueName\":\"search_term_string\"}}],\"inLanguage\":\"es\"},{\"@type\":\"Organization\",\"@id\":\"https:\/\/ansertelefonia.com.ar\/#organization\",\"name\":\"Anser Telefonia Importaci\u00f3n - AT View\",\"url\":\"https:\/\/ansertelefonia.com.ar\/\",\"logo\":{\"@type\":\"ImageObject\",\"inLanguage\":\"es\",\"@id\":\"https:\/\/ansertelefonia.com.ar\/#\/schema\/logo\/image\/\",\"url\":\"https:\/\/ansertelefonia.com.ar\/wp-content\/uploads\/2025\/01\/logo-anser.png\",\"contentUrl\":\"https:\/\/ansertelefonia.com.ar\/wp-content\/uploads\/2025\/01\/logo-anser.png\",\"width\":285,\"height\":64,\"caption\":\"Anser Telefonia Importaci\u00f3n - AT View\"},\"image\":{\"@id\":\"https:\/\/ansertelefonia.com.ar\/#\/schema\/logo\/image\/\"},\"sameAs\":[\"https:\/\/www.facebook.com\/AnsertelefoniaaATView\/\",\"https:\/\/www.instagram.com\/ansertelefonia\/\",\"https:\/\/api.whatsapp.com\/send\/?phone=5493413899983&text&type=phone_number&app_absent=0\"]}]}<\/script>\n<!-- \/ Yoast SEO plugin. -->","yoast_head_json":{"title":"General Electric Precise Fit Earset - Anser Telefonia Importaci\u00f3n - AT View","robots":{"index":"index","follow":"follow","max-snippet":"max-snippet:-1","max-image-preview":"max-image-preview:large","max-video-preview":"max-video-preview:-1"},"canonical":"https:\/\/ansertelefonia.com.ar\/?product=general-electric-precise-fit-earset","og_locale":"es_ES","og_type":"article","og_title":"General Electric Precise Fit Earset - Anser Telefonia Importaci\u00f3n - AT View","og_description":"Aud\u00edfono Preciso  Para tel\u00e9fonos con Toma 2.5 mm  Altavoz de calidad para sonido claro  Micr\u00f3fono en l\u00ednea con interruptor de silencio  Clip para solapa ajustable  Para usar en cualquier o\u00eddo  Ajuste seguro.","og_url":"https:\/\/ansertelefonia.com.ar\/?product=general-electric-precise-fit-earset","og_site_name":"Anser Telefonia Importaci\u00f3n - AT View","article_publisher":"https:\/\/www.facebook.com\/AnsertelefoniaaATView\/","og_image":[{"width":1000,"height":1000,"url":"https:\/\/ansertelefonia.com.ar\/wp-content\/uploads\/2019\/02\/auriuclar-generic-ansertelefonia-com-ar.jpg","type":"image\/jpeg"}],"twitter_card":"summary_large_image","schema":{"@context":"https:\/\/schema.org","@graph":[{"@type":"WebPage","@id":"https:\/\/ansertelefonia.com.ar\/?product=general-electric-precise-fit-earset","url":"https:\/\/ansertelefonia.com.ar\/?product=general-electric-precise-fit-earset","name":"General Electric Precise Fit Earset - Anser Telefonia Importaci\u00f3n - AT View","isPartOf":{"@id":"https:\/\/ansertelefonia.com.ar\/#website"},"primaryImageOfPage":{"@id":"https:\/\/ansertelefonia.com.ar\/?product=general-electric-precise-fit-earset#primaryimage"},"image":{"@id":"https:\/\/ansertelefonia.com.ar\/?product=general-electric-precise-fit-earset#primaryimage"},"thumbnailUrl":"https:\/\/ansertelefonia.com.ar\/wp-content\/uploads\/2019\/02\/auriuclar-generic-ansertelefonia-com-ar.jpg","datePublished":"2019-02-08T02:35:05+00:00","breadcrumb":{"@id":"https:\/\/ansertelefonia.com.ar\/?product=general-electric-precise-fit-earset#breadcrumb"},"inLanguage":"es","potentialAction":[{"@type":"ReadAction","target":["https:\/\/ansertelefonia.com.ar\/?product=general-electric-precise-fit-earset"]}]},{"@type":"ImageObject","inLanguage":"es","@id":"https:\/\/ansertelefonia.com.ar\/?product=general-electric-precise-fit-earset#primaryimage","url":"https:\/\/ansertelefonia.com.ar\/wp-content\/uploads\/2019\/02\/auriuclar-generic-ansertelefonia-com-ar.jpg","contentUrl":"https:\/\/ansertelefonia.com.ar\/wp-content\/uploads\/2019\/02\/auriuclar-generic-ansertelefonia-com-ar.jpg","width":1000,"height":1000},{"@type":"BreadcrumbList","@id":"https:\/\/ansertelefonia.com.ar\/?product=general-electric-precise-fit-earset#breadcrumb","itemListElement":[{"@type":"ListItem","position":1,"name":"Portada","item":"https:\/\/ansertelefonia.com.ar\/"},{"@type":"ListItem","position":2,"name":"Productos","item":"https:\/\/ansertelefonia.com.ar\/?page_id=8"},{"@type":"ListItem","position":3,"name":"General Electric Precise Fit Earset"}]},{"@type":"WebSite","@id":"https:\/\/ansertelefonia.com.ar\/#website","url":"https:\/\/ansertelefonia.com.ar\/","name":"Anser Telefonia Importaci\u00f3n - AT View","description":"AT View","publisher":{"@id":"https:\/\/ansertelefonia.com.ar\/#organization"},"potentialAction":[{"@type":"SearchAction","target":{"@type":"EntryPoint","urlTemplate":"https:\/\/ansertelefonia.com.ar\/?s={search_term_string}"},"query-input":{"@type":"PropertyValueSpecification","valueRequired":true,"valueName":"search_term_string"}}],"inLanguage":"es"},{"@type":"Organization","@id":"https:\/\/ansertelefonia.com.ar\/#organization","name":"Anser Telefonia Importaci\u00f3n - AT View","url":"https:\/\/ansertelefonia.com.ar\/","logo":{"@type":"ImageObject","inLanguage":"es","@id":"https:\/\/ansertelefonia.com.ar\/#\/schema\/logo\/image\/","url":"https:\/\/ansertelefonia.com.ar\/wp-content\/uploads\/2025\/01\/logo-anser.png","contentUrl":"https:\/\/ansertelefonia.com.ar\/wp-content\/uploads\/2025\/01\/logo-anser.png","width":285,"height":64,"caption":"Anser Telefonia Importaci\u00f3n - AT View"},"image":{"@id":"https:\/\/ansertelefonia.com.ar\/#\/schema\/logo\/image\/"},"sameAs":["https:\/\/www.facebook.com\/AnsertelefoniaaATView\/","https:\/\/www.instagram.com\/ansertelefonia\/","https:\/\/api.whatsapp.com\/send\/?phone=5493413899983&text&type=phone_number&app_absent=0"]}]}},"_links":{"self":[{"href":"https:\/\/ansertelefonia.com.ar\/index.php?rest_route=\/wp\/v2\/product\/862"}],"collection":[{"href":"https:\/\/ansertelefonia.com.ar\/index.php?rest_route=\/wp\/v2\/product"}],"about":[{"href":"https:\/\/ansertelefonia.com.ar\/index.php?rest_route=\/wp\/v2\/types\/product"}],"wp:featuredmedia":[{"embeddable":true,"href":"https:\/\/ansertelefonia.com.ar\/index.php?rest_route=\/wp\/v2\/media\/863"}],"wp:attachment":[{"href":"https:\/\/ansertelefonia.com.ar\/index.php?rest_route=%2Fwp%2Fv2%2Fmedia&parent=862"}],"wp:term":[{"taxonomy":"product_brand","embeddable":true,"href":"https:\/\/ansertelefonia.com.ar\/index.php?rest_route=%2Fwp%2Fv2%2Fproduct_brand&post=862"},{"taxonomy":"product_cat","embeddable":true,"href":"https:\/\/ansertelefonia.com.ar\/index.php?rest_route=%2Fwp%2Fv2%2Fproduct_cat&post=862"},{"taxonomy":"product_tag","embeddable":true,"href":"https:\/\/ansertelefonia.com.ar\/index.php?rest_route=%2Fwp%2Fv2%2Fproduct_tag&post=862"}],"curies":[{"name":"wp","href":"https:\/\/api.w.org\/{rel}","templated":true}]}}