{"id":815,"date":"2019-02-06T00:30:13","date_gmt":"2019-02-06T03:30:13","guid":{"rendered":"https:\/\/ansertelefonia.com.ar\/?post_type=product&#038;p=815"},"modified":"2019-02-06T00:30:14","modified_gmt":"2019-02-06T03:30:14","slug":"sensor-digital-doble-tecnologia","status":"publish","type":"product","link":"https:\/\/ansertelefonia.com.ar\/?product=sensor-digital-doble-tecnologia","title":{"rendered":"Sensor Digital Doble Tecnologia"},"content":{"rendered":"","protected":false},"excerpt":{"rendered":"<p>Sensor digital doble tecnolog\u00eda<\/p>\n<p>Detecci\u00f3n digital con microondas<\/p>\n<p>3 Luces LED indicadoras exhiben el tipo de movimiento<\/p>\n<p>Cuando el PIR considera que una se\u00f1al reune las condiciones de una alarma, Digital Visi\u00f3n usa se\u00f1ales de microondas para confirmar los resultados<\/p>\n<p>Alcance de microondas ajustable 14&#215;14 \u00e1ngulo de visi\u00f3n de 90\u00ba.<\/p>\n<hr \/>\n<p><img decoding=\"async\" class=\"alignleft  wp-image-535\" src=\"https:\/\/ansertelefonia.com.ar\/wp-content\/uploads\/2019\/01\/atview-300x107.jpg\" alt=\"\" width=\"154\" height=\"55\" srcset=\"https:\/\/ansertelefonia.com.ar\/wp-content\/uploads\/2019\/01\/atview-300x107.jpg 300w, https:\/\/ansertelefonia.com.ar\/wp-content\/uploads\/2019\/01\/atview-768x274.jpg 768w, https:\/\/ansertelefonia.com.ar\/wp-content\/uploads\/2019\/01\/atview-1024x366.jpg 1024w, https:\/\/ansertelefonia.com.ar\/wp-content\/uploads\/2019\/01\/atview-600x214.jpg 600w, https:\/\/ansertelefonia.com.ar\/wp-content\/uploads\/2019\/01\/atview.jpg 1984w\" sizes=\"(max-width: 154px) 100vw, 154px\" \/><\/p>\n","protected":false},"featured_media":816,"template":"","meta":[],"product_brand":[],"product_cat":[29,28],"product_tag":[],"class_list":{"0":"post-815","1":"product","2":"type-product","3":"status-publish","4":"has-post-thumbnail","6":"product_cat-alarmas","7":"product_cat-seguridad-electronica","9":"first","10":"instock","11":"taxable","12":"shipping-taxable","13":"product-type-simple"},"yoast_head":"<!-- This site is optimized with the Yoast SEO plugin v25.6 - https:\/\/yoast.com\/wordpress\/plugins\/seo\/ -->\n<title>Sensor Digital Doble Tecnologia - Anser Telefonia Importaci\u00f3n - AT View<\/title>\n<meta name=\"robots\" content=\"index, follow, max-snippet:-1, max-image-preview:large, max-video-preview:-1\" \/>\n<link rel=\"canonical\" href=\"https:\/\/ansertelefonia.com.ar\/?product=sensor-digital-doble-tecnologia\" \/>\n<meta property=\"og:locale\" content=\"es_ES\" \/>\n<meta property=\"og:type\" content=\"article\" \/>\n<meta property=\"og:title\" content=\"Sensor Digital Doble Tecnologia - Anser Telefonia Importaci\u00f3n - AT View\" \/>\n<meta property=\"og:description\" content=\"Sensor digital doble tecnolog\u00eda  Detecci\u00f3n digital con microondas  3 Luces LED indicadoras exhiben el tipo de movimiento  Cuando el PIR considera que una se\u00f1al reune las condiciones de una alarma, Digital Visi\u00f3n usa se\u00f1ales de microondas para confirmar los resultados  Alcance de microondas ajustable 14x14 \u00e1ngulo de visi\u00f3n de 90\u00ba.\" \/>\n<meta property=\"og:url\" content=\"https:\/\/ansertelefonia.com.ar\/?product=sensor-digital-doble-tecnologia\" \/>\n<meta property=\"og:site_name\" content=\"Anser Telefonia Importaci\u00f3n - AT View\" \/>\n<meta property=\"article:publisher\" content=\"https:\/\/www.facebook.com\/AnsertelefoniaaATView\/\" \/>\n<meta property=\"article:modified_time\" content=\"2019-02-06T03:30:14+00:00\" \/>\n<meta property=\"og:image\" content=\"https:\/\/ansertelefonia.com.ar\/wp-content\/uploads\/2019\/02\/sensor-digital-doble-tecnologia-ansertelefonia-com-ar.jpg\" \/>\n\t<meta property=\"og:image:width\" content=\"1000\" \/>\n\t<meta property=\"og:image:height\" content=\"1000\" \/>\n\t<meta property=\"og:image:type\" content=\"image\/jpeg\" \/>\n<meta name=\"twitter:card\" content=\"summary_large_image\" \/>\n<script type=\"application\/ld+json\" class=\"yoast-schema-graph\">{\"@context\":\"https:\/\/schema.org\",\"@graph\":[{\"@type\":\"WebPage\",\"@id\":\"https:\/\/ansertelefonia.com.ar\/?product=sensor-digital-doble-tecnologia\",\"url\":\"https:\/\/ansertelefonia.com.ar\/?product=sensor-digital-doble-tecnologia\",\"name\":\"Sensor Digital Doble Tecnologia - Anser Telefonia Importaci\u00f3n - AT View\",\"isPartOf\":{\"@id\":\"https:\/\/ansertelefonia.com.ar\/#website\"},\"primaryImageOfPage\":{\"@id\":\"https:\/\/ansertelefonia.com.ar\/?product=sensor-digital-doble-tecnologia#primaryimage\"},\"image\":{\"@id\":\"https:\/\/ansertelefonia.com.ar\/?product=sensor-digital-doble-tecnologia#primaryimage\"},\"thumbnailUrl\":\"https:\/\/ansertelefonia.com.ar\/wp-content\/uploads\/2019\/02\/sensor-digital-doble-tecnologia-ansertelefonia-com-ar.jpg\",\"datePublished\":\"2019-02-06T03:30:13+00:00\",\"dateModified\":\"2019-02-06T03:30:14+00:00\",\"breadcrumb\":{\"@id\":\"https:\/\/ansertelefonia.com.ar\/?product=sensor-digital-doble-tecnologia#breadcrumb\"},\"inLanguage\":\"es\",\"potentialAction\":[{\"@type\":\"ReadAction\",\"target\":[\"https:\/\/ansertelefonia.com.ar\/?product=sensor-digital-doble-tecnologia\"]}]},{\"@type\":\"ImageObject\",\"inLanguage\":\"es\",\"@id\":\"https:\/\/ansertelefonia.com.ar\/?product=sensor-digital-doble-tecnologia#primaryimage\",\"url\":\"https:\/\/ansertelefonia.com.ar\/wp-content\/uploads\/2019\/02\/sensor-digital-doble-tecnologia-ansertelefonia-com-ar.jpg\",\"contentUrl\":\"https:\/\/ansertelefonia.com.ar\/wp-content\/uploads\/2019\/02\/sensor-digital-doble-tecnologia-ansertelefonia-com-ar.jpg\",\"width\":1000,\"height\":1000},{\"@type\":\"BreadcrumbList\",\"@id\":\"https:\/\/ansertelefonia.com.ar\/?product=sensor-digital-doble-tecnologia#breadcrumb\",\"itemListElement\":[{\"@type\":\"ListItem\",\"position\":1,\"name\":\"Portada\",\"item\":\"https:\/\/ansertelefonia.com.ar\/\"},{\"@type\":\"ListItem\",\"position\":2,\"name\":\"Productos\",\"item\":\"https:\/\/ansertelefonia.com.ar\/?page_id=8\"},{\"@type\":\"ListItem\",\"position\":3,\"name\":\"Sensor Digital Doble Tecnologia\"}]},{\"@type\":\"WebSite\",\"@id\":\"https:\/\/ansertelefonia.com.ar\/#website\",\"url\":\"https:\/\/ansertelefonia.com.ar\/\",\"name\":\"Anser Telefonia Importaci\u00f3n - AT View\",\"description\":\"AT View\",\"publisher\":{\"@id\":\"https:\/\/ansertelefonia.com.ar\/#organization\"},\"potentialAction\":[{\"@type\":\"SearchAction\",\"target\":{\"@type\":\"EntryPoint\",\"urlTemplate\":\"https:\/\/ansertelefonia.com.ar\/?s={search_term_string}\"},\"query-input\":{\"@type\":\"PropertyValueSpecification\",\"valueRequired\":true,\"valueName\":\"search_term_string\"}}],\"inLanguage\":\"es\"},{\"@type\":\"Organization\",\"@id\":\"https:\/\/ansertelefonia.com.ar\/#organization\",\"name\":\"Anser Telefonia Importaci\u00f3n - AT View\",\"url\":\"https:\/\/ansertelefonia.com.ar\/\",\"logo\":{\"@type\":\"ImageObject\",\"inLanguage\":\"es\",\"@id\":\"https:\/\/ansertelefonia.com.ar\/#\/schema\/logo\/image\/\",\"url\":\"https:\/\/ansertelefonia.com.ar\/wp-content\/uploads\/2025\/01\/logo-anser.png\",\"contentUrl\":\"https:\/\/ansertelefonia.com.ar\/wp-content\/uploads\/2025\/01\/logo-anser.png\",\"width\":285,\"height\":64,\"caption\":\"Anser Telefonia Importaci\u00f3n - AT View\"},\"image\":{\"@id\":\"https:\/\/ansertelefonia.com.ar\/#\/schema\/logo\/image\/\"},\"sameAs\":[\"https:\/\/www.facebook.com\/AnsertelefoniaaATView\/\",\"https:\/\/www.instagram.com\/ansertelefonia\/\",\"https:\/\/api.whatsapp.com\/send\/?phone=5493413899983&text&type=phone_number&app_absent=0\"]}]}<\/script>\n<!-- \/ Yoast SEO plugin. -->","yoast_head_json":{"title":"Sensor Digital Doble Tecnologia - Anser Telefonia Importaci\u00f3n - AT View","robots":{"index":"index","follow":"follow","max-snippet":"max-snippet:-1","max-image-preview":"max-image-preview:large","max-video-preview":"max-video-preview:-1"},"canonical":"https:\/\/ansertelefonia.com.ar\/?product=sensor-digital-doble-tecnologia","og_locale":"es_ES","og_type":"article","og_title":"Sensor Digital Doble Tecnologia - Anser Telefonia Importaci\u00f3n - AT View","og_description":"Sensor digital doble tecnolog\u00eda  Detecci\u00f3n digital con microondas  3 Luces LED indicadoras exhiben el tipo de movimiento  Cuando el PIR considera que una se\u00f1al reune las condiciones de una alarma, Digital Visi\u00f3n usa se\u00f1ales de microondas para confirmar los resultados  Alcance de microondas ajustable 14x14 \u00e1ngulo de visi\u00f3n de 90\u00ba.","og_url":"https:\/\/ansertelefonia.com.ar\/?product=sensor-digital-doble-tecnologia","og_site_name":"Anser Telefonia Importaci\u00f3n - AT View","article_publisher":"https:\/\/www.facebook.com\/AnsertelefoniaaATView\/","article_modified_time":"2019-02-06T03:30:14+00:00","og_image":[{"width":1000,"height":1000,"url":"https:\/\/ansertelefonia.com.ar\/wp-content\/uploads\/2019\/02\/sensor-digital-doble-tecnologia-ansertelefonia-com-ar.jpg","type":"image\/jpeg"}],"twitter_card":"summary_large_image","schema":{"@context":"https:\/\/schema.org","@graph":[{"@type":"WebPage","@id":"https:\/\/ansertelefonia.com.ar\/?product=sensor-digital-doble-tecnologia","url":"https:\/\/ansertelefonia.com.ar\/?product=sensor-digital-doble-tecnologia","name":"Sensor Digital Doble Tecnologia - Anser Telefonia Importaci\u00f3n - AT View","isPartOf":{"@id":"https:\/\/ansertelefonia.com.ar\/#website"},"primaryImageOfPage":{"@id":"https:\/\/ansertelefonia.com.ar\/?product=sensor-digital-doble-tecnologia#primaryimage"},"image":{"@id":"https:\/\/ansertelefonia.com.ar\/?product=sensor-digital-doble-tecnologia#primaryimage"},"thumbnailUrl":"https:\/\/ansertelefonia.com.ar\/wp-content\/uploads\/2019\/02\/sensor-digital-doble-tecnologia-ansertelefonia-com-ar.jpg","datePublished":"2019-02-06T03:30:13+00:00","dateModified":"2019-02-06T03:30:14+00:00","breadcrumb":{"@id":"https:\/\/ansertelefonia.com.ar\/?product=sensor-digital-doble-tecnologia#breadcrumb"},"inLanguage":"es","potentialAction":[{"@type":"ReadAction","target":["https:\/\/ansertelefonia.com.ar\/?product=sensor-digital-doble-tecnologia"]}]},{"@type":"ImageObject","inLanguage":"es","@id":"https:\/\/ansertelefonia.com.ar\/?product=sensor-digital-doble-tecnologia#primaryimage","url":"https:\/\/ansertelefonia.com.ar\/wp-content\/uploads\/2019\/02\/sensor-digital-doble-tecnologia-ansertelefonia-com-ar.jpg","contentUrl":"https:\/\/ansertelefonia.com.ar\/wp-content\/uploads\/2019\/02\/sensor-digital-doble-tecnologia-ansertelefonia-com-ar.jpg","width":1000,"height":1000},{"@type":"BreadcrumbList","@id":"https:\/\/ansertelefonia.com.ar\/?product=sensor-digital-doble-tecnologia#breadcrumb","itemListElement":[{"@type":"ListItem","position":1,"name":"Portada","item":"https:\/\/ansertelefonia.com.ar\/"},{"@type":"ListItem","position":2,"name":"Productos","item":"https:\/\/ansertelefonia.com.ar\/?page_id=8"},{"@type":"ListItem","position":3,"name":"Sensor Digital Doble Tecnologia"}]},{"@type":"WebSite","@id":"https:\/\/ansertelefonia.com.ar\/#website","url":"https:\/\/ansertelefonia.com.ar\/","name":"Anser Telefonia Importaci\u00f3n - AT View","description":"AT View","publisher":{"@id":"https:\/\/ansertelefonia.com.ar\/#organization"},"potentialAction":[{"@type":"SearchAction","target":{"@type":"EntryPoint","urlTemplate":"https:\/\/ansertelefonia.com.ar\/?s={search_term_string}"},"query-input":{"@type":"PropertyValueSpecification","valueRequired":true,"valueName":"search_term_string"}}],"inLanguage":"es"},{"@type":"Organization","@id":"https:\/\/ansertelefonia.com.ar\/#organization","name":"Anser Telefonia Importaci\u00f3n - AT View","url":"https:\/\/ansertelefonia.com.ar\/","logo":{"@type":"ImageObject","inLanguage":"es","@id":"https:\/\/ansertelefonia.com.ar\/#\/schema\/logo\/image\/","url":"https:\/\/ansertelefonia.com.ar\/wp-content\/uploads\/2025\/01\/logo-anser.png","contentUrl":"https:\/\/ansertelefonia.com.ar\/wp-content\/uploads\/2025\/01\/logo-anser.png","width":285,"height":64,"caption":"Anser Telefonia Importaci\u00f3n - AT View"},"image":{"@id":"https:\/\/ansertelefonia.com.ar\/#\/schema\/logo\/image\/"},"sameAs":["https:\/\/www.facebook.com\/AnsertelefoniaaATView\/","https:\/\/www.instagram.com\/ansertelefonia\/","https:\/\/api.whatsapp.com\/send\/?phone=5493413899983&text&type=phone_number&app_absent=0"]}]}},"_links":{"self":[{"href":"https:\/\/ansertelefonia.com.ar\/index.php?rest_route=\/wp\/v2\/product\/815"}],"collection":[{"href":"https:\/\/ansertelefonia.com.ar\/index.php?rest_route=\/wp\/v2\/product"}],"about":[{"href":"https:\/\/ansertelefonia.com.ar\/index.php?rest_route=\/wp\/v2\/types\/product"}],"wp:featuredmedia":[{"embeddable":true,"href":"https:\/\/ansertelefonia.com.ar\/index.php?rest_route=\/wp\/v2\/media\/816"}],"wp:attachment":[{"href":"https:\/\/ansertelefonia.com.ar\/index.php?rest_route=%2Fwp%2Fv2%2Fmedia&parent=815"}],"wp:term":[{"taxonomy":"product_brand","embeddable":true,"href":"https:\/\/ansertelefonia.com.ar\/index.php?rest_route=%2Fwp%2Fv2%2Fproduct_brand&post=815"},{"taxonomy":"product_cat","embeddable":true,"href":"https:\/\/ansertelefonia.com.ar\/index.php?rest_route=%2Fwp%2Fv2%2Fproduct_cat&post=815"},{"taxonomy":"product_tag","embeddable":true,"href":"https:\/\/ansertelefonia.com.ar\/index.php?rest_route=%2Fwp%2Fv2%2Fproduct_tag&post=815"}],"curies":[{"name":"wp","href":"https:\/\/api.w.org\/{rel}","templated":true}]}}