{"id":790,"date":"2019-02-05T17:07:51","date_gmt":"2019-02-05T20:07:51","guid":{"rendered":"https:\/\/ansertelefonia.com.ar\/?post_type=product&#038;p=790"},"modified":"2024-03-13T22:22:52","modified_gmt":"2024-03-14T01:22:52","slug":"videoseguridad-convencional-pro-k1400-1400q","status":"publish","type":"product","link":"https:\/\/ansertelefonia.com.ar\/?product=videoseguridad-convencional-pro-k1400-1400q","title":{"rendered":"Videoseguridad Convencional Pro K1400-1400Q"},"content":{"rendered":"","protected":false},"excerpt":{"rendered":"<p>Blanco y Negro con SECUENCIADOR y \/o QUAD<\/p>\n<p>Alarma por desconexi\u00f3n de c\u00e1mara<\/p>\n<p>Salida RCA de audio y video<\/p>\n<p>Entrada RCA de audio y video<\/p>\n<p>Entrada para 4 c\u00e1maras con 2 v\u00edas de audio, c\/conector 6 PIN S-Din.<\/p>\n<p>Entrada para 4 c\u00e1maras c\/1 v\u00eda de audio, c\/conectores BNC<\/p>\n<p>Scaneo programable<\/p>\n<p>Sistema auto-switching con ajuste de tiempo<\/p>\n<p>Sistema de audio de 2 v\u00edas (Permite escuchar y hablar c\/cada c\u00e1mara)<\/p>\n<p>Control de Brillo, Contraste y Volumen<\/p>\n<p>Resoluci\u00f3n de 800 l\u00edneas<\/p>\n<p>Fuente de alimentaci\u00f3n de 220Vca.<\/p>\n<p>Alarma de detecci\u00f3n de movimiento (Seleccionada una \u00e1rea de la pantalla, el monitor emitira un sonido y congela \u00edmagen de individuo o objeto que alla generado el movimiento)<\/p>\n<p>Certificado normas IRAM y FCC<\/p>\n<p>Manual en espa\u00f1ol. CAMARA o 1 C\u00e1maras Mod. CAM-1014 c\/conector 6 PIN S-Din o Audio de 2 v\u00edas (Permiteescuchar y hablar c\/cada c\u00e1mara) o Cable armado de 20 mts. o Lente CCD de 512 (H) x 582 (V) Pixeles o 6 Leed infrarrojos o Incluye soportes<\/p>\n<hr \/>\n<p><img decoding=\"async\" class=\"alignleft  wp-image-642\" src=\"https:\/\/ansertelefonia.com.ar\/wp-content\/uploads\/2019\/01\/atview-1-300x107.jpg\" alt=\"\" width=\"140\" height=\"50\" srcset=\"https:\/\/ansertelefonia.com.ar\/wp-content\/uploads\/2019\/01\/atview-1-300x107.jpg 300w, https:\/\/ansertelefonia.com.ar\/wp-content\/uploads\/2019\/01\/atview-1-768x274.jpg 768w, https:\/\/ansertelefonia.com.ar\/wp-content\/uploads\/2019\/01\/atview-1-1024x366.jpg 1024w, https:\/\/ansertelefonia.com.ar\/wp-content\/uploads\/2019\/01\/atview-1-600x214.jpg 600w, https:\/\/ansertelefonia.com.ar\/wp-content\/uploads\/2019\/01\/atview-1.jpg 1984w\" sizes=\"(max-width: 140px) 100vw, 140px\" \/><\/p>\n","protected":false},"featured_media":791,"template":"","meta":[],"product_brand":[],"product_cat":[32,28],"product_tag":[],"class_list":{"0":"post-790","1":"product","2":"type-product","3":"status-publish","4":"has-post-thumbnail","6":"product_cat-dvr-nvr","7":"product_cat-seguridad-electronica","9":"first","10":"outofstock","11":"taxable","12":"shipping-taxable","13":"product-type-simple"},"yoast_head":"<!-- This site is optimized with the Yoast SEO plugin v25.6 - https:\/\/yoast.com\/wordpress\/plugins\/seo\/ -->\n<title>Videoseguridad Convencional Pro K1400-1400Q - Anser Telefonia Importaci\u00f3n - AT View<\/title>\n<meta name=\"robots\" content=\"index, follow, max-snippet:-1, max-image-preview:large, max-video-preview:-1\" \/>\n<link rel=\"canonical\" href=\"https:\/\/ansertelefonia.com.ar\/?product=videoseguridad-convencional-pro-k1400-1400q\" \/>\n<meta property=\"og:locale\" content=\"es_ES\" \/>\n<meta property=\"og:type\" content=\"article\" \/>\n<meta property=\"og:title\" content=\"Videoseguridad Convencional Pro K1400-1400Q - Anser Telefonia Importaci\u00f3n - AT View\" \/>\n<meta property=\"og:description\" content=\"Blanco y Negro con SECUENCIADOR y \/o QUAD  Alarma por desconexi\u00f3n de c\u00e1mara  Salida RCA de audio y video  Entrada RCA de audio y video  Entrada para 4 c\u00e1maras con 2 v\u00edas de audio, c\/conector 6 PIN S-Din.  Entrada para 4 c\u00e1maras c\/1 v\u00eda de audio, c\/conectores BNC  Scaneo programable  Sistema auto-switching con ajuste de tiempo  Sistema de audio de 2 v\u00edas (Permite escuchar y hablar c\/cada c\u00e1mara)  Control de Brillo, Contraste y Volumen  Resoluci\u00f3n de 800 l\u00edneas  Fuente de alimentaci\u00f3n de 220Vca.  Alarma de detecci\u00f3n de movimiento (Seleccionada una \u00e1rea de la pantalla, el monitor emitira un sonido y congela \u00edmagen de individuo o objeto que alla generado el movimiento)  Certificado normas IRAM y FCC  Manual en espa\u00f1ol. CAMARA o 1 C\u00e1maras Mod. CAM-1014 c\/conector 6 PIN S-Din o Audio de 2 v\u00edas (Permiteescuchar y hablar c\/cada c\u00e1mara) o Cable armado de 20 mts. o Lente CCD de 512 (H) x 582 (V) Pixeles o 6 Leed infrarrojos o Incluye soportes\" \/>\n<meta property=\"og:url\" content=\"https:\/\/ansertelefonia.com.ar\/?product=videoseguridad-convencional-pro-k1400-1400q\" \/>\n<meta property=\"og:site_name\" content=\"Anser Telefonia Importaci\u00f3n - AT View\" \/>\n<meta property=\"article:publisher\" content=\"https:\/\/www.facebook.com\/AnsertelefoniaaATView\/\" \/>\n<meta property=\"article:modified_time\" content=\"2024-03-14T01:22:52+00:00\" \/>\n<meta property=\"og:image\" content=\"https:\/\/ansertelefonia.com.ar\/wp-content\/uploads\/2019\/02\/Videoseguridad-Convencional-Pro-K1400-1400Q-ansertelefonia-com-ar.jpg\" \/>\n\t<meta property=\"og:image:width\" content=\"1000\" \/>\n\t<meta property=\"og:image:height\" content=\"1004\" \/>\n\t<meta property=\"og:image:type\" content=\"image\/jpeg\" \/>\n<meta name=\"twitter:card\" content=\"summary_large_image\" \/>\n<script type=\"application\/ld+json\" class=\"yoast-schema-graph\">{\"@context\":\"https:\/\/schema.org\",\"@graph\":[{\"@type\":\"WebPage\",\"@id\":\"https:\/\/ansertelefonia.com.ar\/?product=videoseguridad-convencional-pro-k1400-1400q\",\"url\":\"https:\/\/ansertelefonia.com.ar\/?product=videoseguridad-convencional-pro-k1400-1400q\",\"name\":\"Videoseguridad Convencional Pro K1400-1400Q - Anser Telefonia Importaci\u00f3n - AT View\",\"isPartOf\":{\"@id\":\"https:\/\/ansertelefonia.com.ar\/#website\"},\"primaryImageOfPage\":{\"@id\":\"https:\/\/ansertelefonia.com.ar\/?product=videoseguridad-convencional-pro-k1400-1400q#primaryimage\"},\"image\":{\"@id\":\"https:\/\/ansertelefonia.com.ar\/?product=videoseguridad-convencional-pro-k1400-1400q#primaryimage\"},\"thumbnailUrl\":\"https:\/\/ansertelefonia.com.ar\/wp-content\/uploads\/2019\/02\/Videoseguridad-Convencional-Pro-K1400-1400Q-ansertelefonia-com-ar.jpg\",\"datePublished\":\"2019-02-05T20:07:51+00:00\",\"dateModified\":\"2024-03-14T01:22:52+00:00\",\"breadcrumb\":{\"@id\":\"https:\/\/ansertelefonia.com.ar\/?product=videoseguridad-convencional-pro-k1400-1400q#breadcrumb\"},\"inLanguage\":\"es\",\"potentialAction\":[{\"@type\":\"ReadAction\",\"target\":[\"https:\/\/ansertelefonia.com.ar\/?product=videoseguridad-convencional-pro-k1400-1400q\"]}]},{\"@type\":\"ImageObject\",\"inLanguage\":\"es\",\"@id\":\"https:\/\/ansertelefonia.com.ar\/?product=videoseguridad-convencional-pro-k1400-1400q#primaryimage\",\"url\":\"https:\/\/ansertelefonia.com.ar\/wp-content\/uploads\/2019\/02\/Videoseguridad-Convencional-Pro-K1400-1400Q-ansertelefonia-com-ar.jpg\",\"contentUrl\":\"https:\/\/ansertelefonia.com.ar\/wp-content\/uploads\/2019\/02\/Videoseguridad-Convencional-Pro-K1400-1400Q-ansertelefonia-com-ar.jpg\",\"width\":1000,\"height\":1004},{\"@type\":\"BreadcrumbList\",\"@id\":\"https:\/\/ansertelefonia.com.ar\/?product=videoseguridad-convencional-pro-k1400-1400q#breadcrumb\",\"itemListElement\":[{\"@type\":\"ListItem\",\"position\":1,\"name\":\"Portada\",\"item\":\"https:\/\/ansertelefonia.com.ar\/\"},{\"@type\":\"ListItem\",\"position\":2,\"name\":\"Productos\",\"item\":\"https:\/\/ansertelefonia.com.ar\/?page_id=8\"},{\"@type\":\"ListItem\",\"position\":3,\"name\":\"Videoseguridad Convencional Pro K1400-1400Q\"}]},{\"@type\":\"WebSite\",\"@id\":\"https:\/\/ansertelefonia.com.ar\/#website\",\"url\":\"https:\/\/ansertelefonia.com.ar\/\",\"name\":\"Anser Telefonia Importaci\u00f3n - AT View\",\"description\":\"AT View\",\"publisher\":{\"@id\":\"https:\/\/ansertelefonia.com.ar\/#organization\"},\"potentialAction\":[{\"@type\":\"SearchAction\",\"target\":{\"@type\":\"EntryPoint\",\"urlTemplate\":\"https:\/\/ansertelefonia.com.ar\/?s={search_term_string}\"},\"query-input\":{\"@type\":\"PropertyValueSpecification\",\"valueRequired\":true,\"valueName\":\"search_term_string\"}}],\"inLanguage\":\"es\"},{\"@type\":\"Organization\",\"@id\":\"https:\/\/ansertelefonia.com.ar\/#organization\",\"name\":\"Anser Telefonia Importaci\u00f3n - AT View\",\"url\":\"https:\/\/ansertelefonia.com.ar\/\",\"logo\":{\"@type\":\"ImageObject\",\"inLanguage\":\"es\",\"@id\":\"https:\/\/ansertelefonia.com.ar\/#\/schema\/logo\/image\/\",\"url\":\"https:\/\/ansertelefonia.com.ar\/wp-content\/uploads\/2025\/01\/logo-anser.png\",\"contentUrl\":\"https:\/\/ansertelefonia.com.ar\/wp-content\/uploads\/2025\/01\/logo-anser.png\",\"width\":285,\"height\":64,\"caption\":\"Anser Telefonia Importaci\u00f3n - AT View\"},\"image\":{\"@id\":\"https:\/\/ansertelefonia.com.ar\/#\/schema\/logo\/image\/\"},\"sameAs\":[\"https:\/\/www.facebook.com\/AnsertelefoniaaATView\/\",\"https:\/\/www.instagram.com\/ansertelefonia\/\",\"https:\/\/api.whatsapp.com\/send\/?phone=5493413899983&text&type=phone_number&app_absent=0\"]}]}<\/script>\n<!-- \/ Yoast SEO plugin. -->","yoast_head_json":{"title":"Videoseguridad Convencional Pro K1400-1400Q - Anser Telefonia Importaci\u00f3n - AT View","robots":{"index":"index","follow":"follow","max-snippet":"max-snippet:-1","max-image-preview":"max-image-preview:large","max-video-preview":"max-video-preview:-1"},"canonical":"https:\/\/ansertelefonia.com.ar\/?product=videoseguridad-convencional-pro-k1400-1400q","og_locale":"es_ES","og_type":"article","og_title":"Videoseguridad Convencional Pro K1400-1400Q - Anser Telefonia Importaci\u00f3n - AT View","og_description":"Blanco y Negro con SECUENCIADOR y \/o QUAD  Alarma por desconexi\u00f3n de c\u00e1mara  Salida RCA de audio y video  Entrada RCA de audio y video  Entrada para 4 c\u00e1maras con 2 v\u00edas de audio, c\/conector 6 PIN S-Din.  Entrada para 4 c\u00e1maras c\/1 v\u00eda de audio, c\/conectores BNC  Scaneo programable  Sistema auto-switching con ajuste de tiempo  Sistema de audio de 2 v\u00edas (Permite escuchar y hablar c\/cada c\u00e1mara)  Control de Brillo, Contraste y Volumen  Resoluci\u00f3n de 800 l\u00edneas  Fuente de alimentaci\u00f3n de 220Vca.  Alarma de detecci\u00f3n de movimiento (Seleccionada una \u00e1rea de la pantalla, el monitor emitira un sonido y congela \u00edmagen de individuo o objeto que alla generado el movimiento)  Certificado normas IRAM y FCC  Manual en espa\u00f1ol. CAMARA o 1 C\u00e1maras Mod. CAM-1014 c\/conector 6 PIN S-Din o Audio de 2 v\u00edas (Permiteescuchar y hablar c\/cada c\u00e1mara) o Cable armado de 20 mts. o Lente CCD de 512 (H) x 582 (V) Pixeles o 6 Leed infrarrojos o Incluye soportes","og_url":"https:\/\/ansertelefonia.com.ar\/?product=videoseguridad-convencional-pro-k1400-1400q","og_site_name":"Anser Telefonia Importaci\u00f3n - AT View","article_publisher":"https:\/\/www.facebook.com\/AnsertelefoniaaATView\/","article_modified_time":"2024-03-14T01:22:52+00:00","og_image":[{"width":1000,"height":1004,"url":"https:\/\/ansertelefonia.com.ar\/wp-content\/uploads\/2019\/02\/Videoseguridad-Convencional-Pro-K1400-1400Q-ansertelefonia-com-ar.jpg","type":"image\/jpeg"}],"twitter_card":"summary_large_image","schema":{"@context":"https:\/\/schema.org","@graph":[{"@type":"WebPage","@id":"https:\/\/ansertelefonia.com.ar\/?product=videoseguridad-convencional-pro-k1400-1400q","url":"https:\/\/ansertelefonia.com.ar\/?product=videoseguridad-convencional-pro-k1400-1400q","name":"Videoseguridad Convencional Pro K1400-1400Q - Anser Telefonia Importaci\u00f3n - AT View","isPartOf":{"@id":"https:\/\/ansertelefonia.com.ar\/#website"},"primaryImageOfPage":{"@id":"https:\/\/ansertelefonia.com.ar\/?product=videoseguridad-convencional-pro-k1400-1400q#primaryimage"},"image":{"@id":"https:\/\/ansertelefonia.com.ar\/?product=videoseguridad-convencional-pro-k1400-1400q#primaryimage"},"thumbnailUrl":"https:\/\/ansertelefonia.com.ar\/wp-content\/uploads\/2019\/02\/Videoseguridad-Convencional-Pro-K1400-1400Q-ansertelefonia-com-ar.jpg","datePublished":"2019-02-05T20:07:51+00:00","dateModified":"2024-03-14T01:22:52+00:00","breadcrumb":{"@id":"https:\/\/ansertelefonia.com.ar\/?product=videoseguridad-convencional-pro-k1400-1400q#breadcrumb"},"inLanguage":"es","potentialAction":[{"@type":"ReadAction","target":["https:\/\/ansertelefonia.com.ar\/?product=videoseguridad-convencional-pro-k1400-1400q"]}]},{"@type":"ImageObject","inLanguage":"es","@id":"https:\/\/ansertelefonia.com.ar\/?product=videoseguridad-convencional-pro-k1400-1400q#primaryimage","url":"https:\/\/ansertelefonia.com.ar\/wp-content\/uploads\/2019\/02\/Videoseguridad-Convencional-Pro-K1400-1400Q-ansertelefonia-com-ar.jpg","contentUrl":"https:\/\/ansertelefonia.com.ar\/wp-content\/uploads\/2019\/02\/Videoseguridad-Convencional-Pro-K1400-1400Q-ansertelefonia-com-ar.jpg","width":1000,"height":1004},{"@type":"BreadcrumbList","@id":"https:\/\/ansertelefonia.com.ar\/?product=videoseguridad-convencional-pro-k1400-1400q#breadcrumb","itemListElement":[{"@type":"ListItem","position":1,"name":"Portada","item":"https:\/\/ansertelefonia.com.ar\/"},{"@type":"ListItem","position":2,"name":"Productos","item":"https:\/\/ansertelefonia.com.ar\/?page_id=8"},{"@type":"ListItem","position":3,"name":"Videoseguridad Convencional Pro K1400-1400Q"}]},{"@type":"WebSite","@id":"https:\/\/ansertelefonia.com.ar\/#website","url":"https:\/\/ansertelefonia.com.ar\/","name":"Anser Telefonia Importaci\u00f3n - AT View","description":"AT View","publisher":{"@id":"https:\/\/ansertelefonia.com.ar\/#organization"},"potentialAction":[{"@type":"SearchAction","target":{"@type":"EntryPoint","urlTemplate":"https:\/\/ansertelefonia.com.ar\/?s={search_term_string}"},"query-input":{"@type":"PropertyValueSpecification","valueRequired":true,"valueName":"search_term_string"}}],"inLanguage":"es"},{"@type":"Organization","@id":"https:\/\/ansertelefonia.com.ar\/#organization","name":"Anser Telefonia Importaci\u00f3n - AT View","url":"https:\/\/ansertelefonia.com.ar\/","logo":{"@type":"ImageObject","inLanguage":"es","@id":"https:\/\/ansertelefonia.com.ar\/#\/schema\/logo\/image\/","url":"https:\/\/ansertelefonia.com.ar\/wp-content\/uploads\/2025\/01\/logo-anser.png","contentUrl":"https:\/\/ansertelefonia.com.ar\/wp-content\/uploads\/2025\/01\/logo-anser.png","width":285,"height":64,"caption":"Anser Telefonia Importaci\u00f3n - AT View"},"image":{"@id":"https:\/\/ansertelefonia.com.ar\/#\/schema\/logo\/image\/"},"sameAs":["https:\/\/www.facebook.com\/AnsertelefoniaaATView\/","https:\/\/www.instagram.com\/ansertelefonia\/","https:\/\/api.whatsapp.com\/send\/?phone=5493413899983&text&type=phone_number&app_absent=0"]}]}},"_links":{"self":[{"href":"https:\/\/ansertelefonia.com.ar\/index.php?rest_route=\/wp\/v2\/product\/790"}],"collection":[{"href":"https:\/\/ansertelefonia.com.ar\/index.php?rest_route=\/wp\/v2\/product"}],"about":[{"href":"https:\/\/ansertelefonia.com.ar\/index.php?rest_route=\/wp\/v2\/types\/product"}],"wp:featuredmedia":[{"embeddable":true,"href":"https:\/\/ansertelefonia.com.ar\/index.php?rest_route=\/wp\/v2\/media\/791"}],"wp:attachment":[{"href":"https:\/\/ansertelefonia.com.ar\/index.php?rest_route=%2Fwp%2Fv2%2Fmedia&parent=790"}],"wp:term":[{"taxonomy":"product_brand","embeddable":true,"href":"https:\/\/ansertelefonia.com.ar\/index.php?rest_route=%2Fwp%2Fv2%2Fproduct_brand&post=790"},{"taxonomy":"product_cat","embeddable":true,"href":"https:\/\/ansertelefonia.com.ar\/index.php?rest_route=%2Fwp%2Fv2%2Fproduct_cat&post=790"},{"taxonomy":"product_tag","embeddable":true,"href":"https:\/\/ansertelefonia.com.ar\/index.php?rest_route=%2Fwp%2Fv2%2Fproduct_tag&post=790"}],"curies":[{"name":"wp","href":"https:\/\/api.w.org\/{rel}","templated":true}]}}