{"id":778,"date":"2019-02-05T16:38:37","date_gmt":"2019-02-05T19:38:37","guid":{"rendered":"https:\/\/ansertelefonia.com.ar\/?post_type=product&#038;p=778"},"modified":"2026-05-10T18:15:39","modified_gmt":"2026-05-10T21:15:39","slug":"dvr-16-canales-hdmi-at-7016","status":"publish","type":"product","link":"https:\/\/ansertelefonia.com.ar\/?product=dvr-16-canales-hdmi-at-7016","title":{"rendered":"DVR 16 Canales HDMI AT 7016 Importacion Mayorista"},"content":{"rendered":"<p>General Idioma English.Finnish, franc\u00e9s, alem\u00e1n, griego, italiano, japon\u00e9s, polaco, portugu\u00e9s, ruso, espa\u00f1ol, tailand\u00e9s, China, chino tradicional, turco<\/p>\n<p>Muestra de Split 16\/8 \/ 6\/4 \/ 1Channel Zoom Digital NO OSD<\/p>\n<p>Grabar modo de temporizador \\ Detecci\u00f3n de Movimiento Reproducci\u00f3n y copia de seguridad Simult\u00e1neamente reproducci\u00f3n de canal 1-8 multicanal sincronizaci\u00f3n de reproducci\u00f3n local Remoto de sincronizaci\u00f3n de reproducci\u00f3n NO Modo de buscar todas, Canal, Tiempo, Fecha, detecci\u00f3n de movimiento Funciones de reproducci\u00f3n Play, Pause, Stop, Rewind, juego r\u00e1pido, juego lento Modo de copia de seguridad de dispositivos USB Red Interfaz 1 RJ45 10M \/ 100M adaptativa Interfaz Ethernet Funciones de red HTTP, IPv4, TCP \/ IP, DNS, DHCP ONVIF Versi\u00f3n 2.4<\/p>\n<p>.Support TV.VGA y HDMI simult\u00e1neamente Sistema Procesador de alto rendimiento Principal incrustado HI3520D microprocesador LINUX Embedded V\u00eddeo Entrada de 16 canales D1 Salida 1 VGA, 1 HDMI<\/p>\n<p>Alarma Entrada del sensor N \/ A Salida N \/ A Detecci\u00f3n de movimiento N \/ A<\/p>\n<p>T\u00edtulo de c\u00e1mara, tiempo, p\u00e9rdida de v\u00eddeo, grabaci\u00f3n, detecci\u00f3n de movimiento Grabaci\u00f3n Compresi\u00f3n de v\u00eddeo H.264<\/p>\n<p>Soporte de Onvif Navegador Web IE6-11 CMS<\/p>\n","protected":false},"excerpt":{"rendered":"<p>DVR 16CH HDMI H.264 perfil de alta compresi\u00f3n DVR<\/p>\n<p>.Soporta varios monitoreo m\u00f3vil<\/p>\n<p>.Suporta navegadores m\u00faltiples web<\/p>\n<p>.Soporta dos puertos USB 2.0, para lograr rat\u00f3n USB de salida<\/p>\n<p>Visualizaci\u00f3n Resoluci\u00f3n VGA: 1024 \u00d7 768,1280 720,1280 \u00d7 \u00d7 1024 Resoluci\u00f3n HDMI: 1080P (1920 \u00d7 1080) 720p (1280 \u00d7 720)<\/p>\n<p>Resoluci\u00f3n 1080p (1920 \u00d7 1080) \/ 960P (1280&#215;960) \/ 720p (1280 \u00d7 720) \/ D1 (704 \u00d7 576\/704 \u00d7 480)<\/p>\n<p>Velocidad de grabaci\u00f3n PAL: 200fps NTSC: 240fps<\/p>\n<p>Software de soporte de Windows XP \/ Windows Vista \/ Windows 7 \/ Windows 8<\/p>\n<p>Soporte Cloud (P2P) S\u00ed M\u00f3vil iPhone, iPad, Android, Android PAD<\/p>\n<p>Disco duro Conductor Tipo de interfaz SATA 1 Interfaz Capacidad Hasta 2 TB de capacidad<\/p>\n<p>Interfaz USB 2 USB 2.0 Interfaces Fuente de alimentaci\u00f3n DC12V \/ 2A Ambiente de trabajo -10 ~ 55\/10 ~ 90%<\/p>\n<hr \/>\n<p><strong>AT View<\/strong><\/p>\n<p><strong>Importacion Directa<\/strong><\/p>\n<hr \/>\n<p><img decoding=\"async\" class=\"wp-image-642 aligncenter\" src=\"https:\/\/ansertelefonia.com.ar\/wp-content\/uploads\/2019\/01\/atview-1-300x107.jpg\" alt=\"\" width=\"129\" height=\"46\" srcset=\"https:\/\/ansertelefonia.com.ar\/wp-content\/uploads\/2019\/01\/atview-1-300x107.jpg 300w, https:\/\/ansertelefonia.com.ar\/wp-content\/uploads\/2019\/01\/atview-1-768x274.jpg 768w, https:\/\/ansertelefonia.com.ar\/wp-content\/uploads\/2019\/01\/atview-1-1024x366.jpg 1024w, https:\/\/ansertelefonia.com.ar\/wp-content\/uploads\/2019\/01\/atview-1-600x214.jpg 600w, https:\/\/ansertelefonia.com.ar\/wp-content\/uploads\/2019\/01\/atview-1.jpg 1984w\" sizes=\"(max-width: 129px) 100vw, 129px\" \/><\/p>\n","protected":false},"featured_media":2267,"template":"","meta":[],"product_brand":[],"product_cat":[52,32,28],"product_tag":[],"class_list":{"0":"post-778","1":"product","2":"type-product","3":"status-publish","4":"has-post-thumbnail","6":"product_cat-at-view","7":"product_cat-dvr-nvr","8":"product_cat-seguridad-electronica","10":"first","11":"outofstock","12":"taxable","13":"shipping-taxable","14":"product-type-simple"},"yoast_head":"<!-- This site is optimized with the Yoast SEO plugin v25.6 - https:\/\/yoast.com\/wordpress\/plugins\/seo\/ -->\n<title>DVR 16 Canales HDMI AT 7016 Importacion Mayorista - Anser Telefonia Importaci\u00f3n - AT View<\/title>\n<meta name=\"description\" content=\"Soporte: (IOS, Windows Mobile, Android). APP Gratis Visualizacion por celular - Hasta 5 dispsitivos a la vez pueden estar viendo las camaras\" \/>\n<meta name=\"robots\" content=\"index, follow, max-snippet:-1, max-image-preview:large, max-video-preview:-1\" \/>\n<link rel=\"canonical\" href=\"https:\/\/ansertelefonia.com.ar\/?product=dvr-16-canales-hdmi-at-7016\" \/>\n<meta property=\"og:locale\" content=\"es_ES\" \/>\n<meta property=\"og:type\" content=\"article\" \/>\n<meta property=\"og:title\" content=\"DVR 16 Canales HDMI AT 7016 Importacion Mayorista - Anser Telefonia Importaci\u00f3n - AT View\" \/>\n<meta property=\"og:description\" content=\"Soporte: (IOS, Windows Mobile, Android). APP Gratis Visualizacion por celular - Hasta 5 dispsitivos a la vez pueden estar viendo las camaras\" \/>\n<meta property=\"og:url\" content=\"https:\/\/ansertelefonia.com.ar\/?product=dvr-16-canales-hdmi-at-7016\" \/>\n<meta property=\"og:site_name\" content=\"Anser Telefonia Importaci\u00f3n - AT View\" \/>\n<meta property=\"article:publisher\" content=\"https:\/\/www.facebook.com\/AnsertelefoniaaATView\/\" \/>\n<meta property=\"article:modified_time\" content=\"2026-05-10T21:15:39+00:00\" \/>\n<meta property=\"og:image\" content=\"https:\/\/ansertelefonia.com.ar\/wp-content\/uploads\/2024\/03\/dvr-1.jpg\" \/>\n\t<meta property=\"og:image:width\" content=\"1024\" \/>\n\t<meta property=\"og:image:height\" content=\"404\" \/>\n\t<meta property=\"og:image:type\" content=\"image\/jpeg\" \/>\n<meta name=\"twitter:card\" content=\"summary_large_image\" \/>\n<meta name=\"twitter:label1\" content=\"Tiempo de lectura\" \/>\n\t<meta name=\"twitter:data1\" content=\"2 minutos\" \/>\n<script type=\"application\/ld+json\" class=\"yoast-schema-graph\">{\"@context\":\"https:\/\/schema.org\",\"@graph\":[{\"@type\":\"WebPage\",\"@id\":\"https:\/\/ansertelefonia.com.ar\/?product=dvr-16-canales-hdmi-at-7016\",\"url\":\"https:\/\/ansertelefonia.com.ar\/?product=dvr-16-canales-hdmi-at-7016\",\"name\":\"DVR 16 Canales HDMI AT 7016 Importacion Mayorista - Anser Telefonia Importaci\u00f3n - AT View\",\"isPartOf\":{\"@id\":\"https:\/\/ansertelefonia.com.ar\/#website\"},\"primaryImageOfPage\":{\"@id\":\"https:\/\/ansertelefonia.com.ar\/?product=dvr-16-canales-hdmi-at-7016#primaryimage\"},\"image\":{\"@id\":\"https:\/\/ansertelefonia.com.ar\/?product=dvr-16-canales-hdmi-at-7016#primaryimage\"},\"thumbnailUrl\":\"https:\/\/ansertelefonia.com.ar\/wp-content\/uploads\/2024\/03\/dvr-1.jpg\",\"datePublished\":\"2019-02-05T19:38:37+00:00\",\"dateModified\":\"2026-05-10T21:15:39+00:00\",\"description\":\"Soporte: (IOS, Windows Mobile, Android). APP Gratis Visualizacion por celular - Hasta 5 dispsitivos a la vez pueden estar viendo las camaras\",\"breadcrumb\":{\"@id\":\"https:\/\/ansertelefonia.com.ar\/?product=dvr-16-canales-hdmi-at-7016#breadcrumb\"},\"inLanguage\":\"es\",\"potentialAction\":[{\"@type\":\"ReadAction\",\"target\":[\"https:\/\/ansertelefonia.com.ar\/?product=dvr-16-canales-hdmi-at-7016\"]}]},{\"@type\":\"ImageObject\",\"inLanguage\":\"es\",\"@id\":\"https:\/\/ansertelefonia.com.ar\/?product=dvr-16-canales-hdmi-at-7016#primaryimage\",\"url\":\"https:\/\/ansertelefonia.com.ar\/wp-content\/uploads\/2024\/03\/dvr-1.jpg\",\"contentUrl\":\"https:\/\/ansertelefonia.com.ar\/wp-content\/uploads\/2024\/03\/dvr-1.jpg\",\"width\":1024,\"height\":404,\"caption\":\"DVR XVR 8 Canales P2P AT 7011\"},{\"@type\":\"BreadcrumbList\",\"@id\":\"https:\/\/ansertelefonia.com.ar\/?product=dvr-16-canales-hdmi-at-7016#breadcrumb\",\"itemListElement\":[{\"@type\":\"ListItem\",\"position\":1,\"name\":\"Portada\",\"item\":\"https:\/\/ansertelefonia.com.ar\/\"},{\"@type\":\"ListItem\",\"position\":2,\"name\":\"Productos\",\"item\":\"https:\/\/ansertelefonia.com.ar\/?page_id=8\"},{\"@type\":\"ListItem\",\"position\":3,\"name\":\"DVR 16 Canales HDMI AT 7016 Importacion Mayorista\"}]},{\"@type\":\"WebSite\",\"@id\":\"https:\/\/ansertelefonia.com.ar\/#website\",\"url\":\"https:\/\/ansertelefonia.com.ar\/\",\"name\":\"Anser Telefonia Importaci\u00f3n - AT View\",\"description\":\"AT View\",\"publisher\":{\"@id\":\"https:\/\/ansertelefonia.com.ar\/#organization\"},\"potentialAction\":[{\"@type\":\"SearchAction\",\"target\":{\"@type\":\"EntryPoint\",\"urlTemplate\":\"https:\/\/ansertelefonia.com.ar\/?s={search_term_string}\"},\"query-input\":{\"@type\":\"PropertyValueSpecification\",\"valueRequired\":true,\"valueName\":\"search_term_string\"}}],\"inLanguage\":\"es\"},{\"@type\":\"Organization\",\"@id\":\"https:\/\/ansertelefonia.com.ar\/#organization\",\"name\":\"Anser Telefonia Importaci\u00f3n - AT View\",\"url\":\"https:\/\/ansertelefonia.com.ar\/\",\"logo\":{\"@type\":\"ImageObject\",\"inLanguage\":\"es\",\"@id\":\"https:\/\/ansertelefonia.com.ar\/#\/schema\/logo\/image\/\",\"url\":\"https:\/\/ansertelefonia.com.ar\/wp-content\/uploads\/2025\/01\/logo-anser.png\",\"contentUrl\":\"https:\/\/ansertelefonia.com.ar\/wp-content\/uploads\/2025\/01\/logo-anser.png\",\"width\":285,\"height\":64,\"caption\":\"Anser Telefonia Importaci\u00f3n - AT View\"},\"image\":{\"@id\":\"https:\/\/ansertelefonia.com.ar\/#\/schema\/logo\/image\/\"},\"sameAs\":[\"https:\/\/www.facebook.com\/AnsertelefoniaaATView\/\",\"https:\/\/www.instagram.com\/ansertelefonia\/\",\"https:\/\/api.whatsapp.com\/send\/?phone=5493413899983&text&type=phone_number&app_absent=0\"]}]}<\/script>\n<!-- \/ Yoast SEO plugin. -->","yoast_head_json":{"title":"DVR 16 Canales HDMI AT 7016 Importacion Mayorista - Anser Telefonia Importaci\u00f3n - AT View","description":"Soporte: (IOS, Windows Mobile, Android). APP Gratis Visualizacion por celular - Hasta 5 dispsitivos a la vez pueden estar viendo las camaras","robots":{"index":"index","follow":"follow","max-snippet":"max-snippet:-1","max-image-preview":"max-image-preview:large","max-video-preview":"max-video-preview:-1"},"canonical":"https:\/\/ansertelefonia.com.ar\/?product=dvr-16-canales-hdmi-at-7016","og_locale":"es_ES","og_type":"article","og_title":"DVR 16 Canales HDMI AT 7016 Importacion Mayorista - Anser Telefonia Importaci\u00f3n - AT View","og_description":"Soporte: (IOS, Windows Mobile, Android). APP Gratis Visualizacion por celular - Hasta 5 dispsitivos a la vez pueden estar viendo las camaras","og_url":"https:\/\/ansertelefonia.com.ar\/?product=dvr-16-canales-hdmi-at-7016","og_site_name":"Anser Telefonia Importaci\u00f3n - AT View","article_publisher":"https:\/\/www.facebook.com\/AnsertelefoniaaATView\/","article_modified_time":"2026-05-10T21:15:39+00:00","og_image":[{"width":1024,"height":404,"url":"https:\/\/ansertelefonia.com.ar\/wp-content\/uploads\/2024\/03\/dvr-1.jpg","type":"image\/jpeg"}],"twitter_card":"summary_large_image","twitter_misc":{"Tiempo de lectura":"2 minutos"},"schema":{"@context":"https:\/\/schema.org","@graph":[{"@type":"WebPage","@id":"https:\/\/ansertelefonia.com.ar\/?product=dvr-16-canales-hdmi-at-7016","url":"https:\/\/ansertelefonia.com.ar\/?product=dvr-16-canales-hdmi-at-7016","name":"DVR 16 Canales HDMI AT 7016 Importacion Mayorista - Anser Telefonia Importaci\u00f3n - AT View","isPartOf":{"@id":"https:\/\/ansertelefonia.com.ar\/#website"},"primaryImageOfPage":{"@id":"https:\/\/ansertelefonia.com.ar\/?product=dvr-16-canales-hdmi-at-7016#primaryimage"},"image":{"@id":"https:\/\/ansertelefonia.com.ar\/?product=dvr-16-canales-hdmi-at-7016#primaryimage"},"thumbnailUrl":"https:\/\/ansertelefonia.com.ar\/wp-content\/uploads\/2024\/03\/dvr-1.jpg","datePublished":"2019-02-05T19:38:37+00:00","dateModified":"2026-05-10T21:15:39+00:00","description":"Soporte: (IOS, Windows Mobile, Android). APP Gratis Visualizacion por celular - Hasta 5 dispsitivos a la vez pueden estar viendo las camaras","breadcrumb":{"@id":"https:\/\/ansertelefonia.com.ar\/?product=dvr-16-canales-hdmi-at-7016#breadcrumb"},"inLanguage":"es","potentialAction":[{"@type":"ReadAction","target":["https:\/\/ansertelefonia.com.ar\/?product=dvr-16-canales-hdmi-at-7016"]}]},{"@type":"ImageObject","inLanguage":"es","@id":"https:\/\/ansertelefonia.com.ar\/?product=dvr-16-canales-hdmi-at-7016#primaryimage","url":"https:\/\/ansertelefonia.com.ar\/wp-content\/uploads\/2024\/03\/dvr-1.jpg","contentUrl":"https:\/\/ansertelefonia.com.ar\/wp-content\/uploads\/2024\/03\/dvr-1.jpg","width":1024,"height":404,"caption":"DVR XVR 8 Canales P2P AT 7011"},{"@type":"BreadcrumbList","@id":"https:\/\/ansertelefonia.com.ar\/?product=dvr-16-canales-hdmi-at-7016#breadcrumb","itemListElement":[{"@type":"ListItem","position":1,"name":"Portada","item":"https:\/\/ansertelefonia.com.ar\/"},{"@type":"ListItem","position":2,"name":"Productos","item":"https:\/\/ansertelefonia.com.ar\/?page_id=8"},{"@type":"ListItem","position":3,"name":"DVR 16 Canales HDMI AT 7016 Importacion Mayorista"}]},{"@type":"WebSite","@id":"https:\/\/ansertelefonia.com.ar\/#website","url":"https:\/\/ansertelefonia.com.ar\/","name":"Anser Telefonia Importaci\u00f3n - AT View","description":"AT View","publisher":{"@id":"https:\/\/ansertelefonia.com.ar\/#organization"},"potentialAction":[{"@type":"SearchAction","target":{"@type":"EntryPoint","urlTemplate":"https:\/\/ansertelefonia.com.ar\/?s={search_term_string}"},"query-input":{"@type":"PropertyValueSpecification","valueRequired":true,"valueName":"search_term_string"}}],"inLanguage":"es"},{"@type":"Organization","@id":"https:\/\/ansertelefonia.com.ar\/#organization","name":"Anser Telefonia Importaci\u00f3n - AT View","url":"https:\/\/ansertelefonia.com.ar\/","logo":{"@type":"ImageObject","inLanguage":"es","@id":"https:\/\/ansertelefonia.com.ar\/#\/schema\/logo\/image\/","url":"https:\/\/ansertelefonia.com.ar\/wp-content\/uploads\/2025\/01\/logo-anser.png","contentUrl":"https:\/\/ansertelefonia.com.ar\/wp-content\/uploads\/2025\/01\/logo-anser.png","width":285,"height":64,"caption":"Anser Telefonia Importaci\u00f3n - AT View"},"image":{"@id":"https:\/\/ansertelefonia.com.ar\/#\/schema\/logo\/image\/"},"sameAs":["https:\/\/www.facebook.com\/AnsertelefoniaaATView\/","https:\/\/www.instagram.com\/ansertelefonia\/","https:\/\/api.whatsapp.com\/send\/?phone=5493413899983&text&type=phone_number&app_absent=0"]}]}},"_links":{"self":[{"href":"https:\/\/ansertelefonia.com.ar\/index.php?rest_route=\/wp\/v2\/product\/778"}],"collection":[{"href":"https:\/\/ansertelefonia.com.ar\/index.php?rest_route=\/wp\/v2\/product"}],"about":[{"href":"https:\/\/ansertelefonia.com.ar\/index.php?rest_route=\/wp\/v2\/types\/product"}],"wp:featuredmedia":[{"embeddable":true,"href":"https:\/\/ansertelefonia.com.ar\/index.php?rest_route=\/wp\/v2\/media\/2267"}],"wp:attachment":[{"href":"https:\/\/ansertelefonia.com.ar\/index.php?rest_route=%2Fwp%2Fv2%2Fmedia&parent=778"}],"wp:term":[{"taxonomy":"product_brand","embeddable":true,"href":"https:\/\/ansertelefonia.com.ar\/index.php?rest_route=%2Fwp%2Fv2%2Fproduct_brand&post=778"},{"taxonomy":"product_cat","embeddable":true,"href":"https:\/\/ansertelefonia.com.ar\/index.php?rest_route=%2Fwp%2Fv2%2Fproduct_cat&post=778"},{"taxonomy":"product_tag","embeddable":true,"href":"https:\/\/ansertelefonia.com.ar\/index.php?rest_route=%2Fwp%2Fv2%2Fproduct_tag&post=778"}],"curies":[{"name":"wp","href":"https:\/\/api.w.org\/{rel}","templated":true}]}}