{"id":652,"date":"2019-01-11T15:22:38","date_gmt":"2019-01-11T18:22:38","guid":{"rendered":"https:\/\/ansertelefonia.com.ar\/?post_type=product&#038;p=652"},"modified":"2026-05-10T17:37:38","modified_gmt":"2026-05-10T20:37:38","slug":"dvr-4-canales-p2p-at-7005","status":"publish","type":"product","link":"https:\/\/ansertelefonia.com.ar\/?product=dvr-4-canales-p2p-at-7005","title":{"rendered":"DVR 4 Canales P2P AT 7005 ATView"},"content":{"rendered":"<p>Velocidad de grabaci\u00f3n PAL: 200fps NTSC: 240fps Grabar modo de temporizador \\ Detecci\u00f3n de Movimiento Reproducci\u00f3n y copia de seguridad Simult\u00e1neamente reproducci\u00f3n de canal 1-8 multicanal sincronizaci\u00f3n de reproducci\u00f3n local Remoto de sincronizaci\u00f3n de reproducci\u00f3n NO Modo de buscar todas, Canal, Tiempo, Fecha, detecci\u00f3n de movimiento<\/p>\n<p>Funciones de reproducci\u00f3n Play, Pause, Stop, Rewind, juego r\u00e1pido, juego lento Modo de copia de seguridad de dispositivos USB Red Interfaz 1 RJ45 10M \/ 100M adaptativa Interfaz Ethernet Funciones de red HTTP, IPv4, TCP \/ IP, DNS, DHCP ONVIF Versi\u00f3n 2.4 Soporte de Onvif Navegador Web IE6-11 CMS<\/p>\n<p>General Idioma Ingl\u00e9s, finland\u00e9s, franc\u00e9s, alem\u00e1n, griego, italiano, japon\u00e9s, polaco, portugu\u00e9s, Ruso, espa\u00f1ol, tailand\u00e9s, chino, chino tradicional, turco Interfaz USB 2 USB 2.0 Interfaces Fuente de alimentaci\u00f3n DC12V \/ 2A Ambiente de trabajo -10 ~ 55 \u2103 \/ 10 ~ 90%<\/p>\n","protected":false},"excerpt":{"rendered":"<p>Procesador de alto rendimiento Principal incrustado HI3515A microprocesador Sistema operativo Linux Embedded<\/p>\n<p>V\u00eddeo 4 canales de entrada * D1 \/ 4 canales * 960H Salida 1 VGA, 1 HDMI Alarma Entrada del sensor N \/ A Salida N \/ A Detecci\u00f3n de movimiento N \/ A Visualizaci\u00f3n Resoluci\u00f3n VGA: 1024 \u00d7 768,1280 720,1280 \u00d7 \u00d7 1024 Resoluci\u00f3n HDMI: 1080P (1920 \u00d7 1080) 720p (1280 \u00d7 720)<\/p>\n<p>Pantalla Split 4 \/ 1Channel Zoom Digital NO OSD<\/p>\n<p>T\u00edtulo de c\u00e1mara, tiempo, p\u00e9rdida de v\u00eddeo, grabaci\u00f3n, detecci\u00f3n de movimiento<\/p>\n<p>Grabaci\u00f3n Compresi\u00f3n de v\u00eddeo H.264 Resoluci\u00f3n 1080p (1920 \u00d7 1080) \/ 960P (1280&#215;960) \/ 720p (1280 \u00d7 720) \/ D1 (704 \u00d7 576\/704 \u00d7 480)<\/p>\n<p>Software de soporte de Windows XP \/ Windows Vista \/ Windows 7 \/ Windows 8 Soporte Cloud (P2P) S\u00ed M\u00f3vil iPhone, iPad, Android, Android PAD Disco duro Conductor Tipo de interfaz SATA 1 Interfaz Capacidad Capacidad Hasta to4TB<\/p>\n<hr \/>\n<p>AT View<\/p>\n<p>Importacion Directa<\/p>\n<hr \/>\n<p><img decoding=\"async\" class=\"alignleft wp-image-642\" src=\"https:\/\/ansertelefonia.com.ar\/wp-content\/uploads\/2019\/01\/atview-1-300x107.jpg\" alt=\"\" width=\"119\" height=\"43\" srcset=\"https:\/\/ansertelefonia.com.ar\/wp-content\/uploads\/2019\/01\/atview-1-300x107.jpg 300w, https:\/\/ansertelefonia.com.ar\/wp-content\/uploads\/2019\/01\/atview-1-768x274.jpg 768w, https:\/\/ansertelefonia.com.ar\/wp-content\/uploads\/2019\/01\/atview-1-1024x366.jpg 1024w, https:\/\/ansertelefonia.com.ar\/wp-content\/uploads\/2019\/01\/atview-1-600x214.jpg 600w, https:\/\/ansertelefonia.com.ar\/wp-content\/uploads\/2019\/01\/atview-1.jpg 1984w\" sizes=\"(max-width: 119px) 100vw, 119px\" \/><\/p>\n","protected":false},"featured_media":631,"template":"","meta":[],"product_brand":[],"product_cat":[52,32,28],"product_tag":[],"class_list":{"0":"post-652","1":"product","2":"type-product","3":"status-publish","4":"has-post-thumbnail","6":"product_cat-at-view","7":"product_cat-dvr-nvr","8":"product_cat-seguridad-electronica","10":"first","11":"outofstock","12":"taxable","13":"shipping-taxable","14":"product-type-simple"},"yoast_head":"<!-- This site is optimized with the Yoast SEO plugin v25.6 - https:\/\/yoast.com\/wordpress\/plugins\/seo\/ -->\n<title>DVR 4 Canales P2P AT 7005 ATView - Anser Telefonia Importaci\u00f3n - AT View Rosario<\/title>\n<meta name=\"description\" content=\"Procesador de alto rendimiento Principal incrustado HI3515A microprocesador Sistema operativo Linux EmbeddedV\u00eddeo 4 canales de entrada * D1 \/\" \/>\n<meta name=\"robots\" content=\"index, follow, max-snippet:-1, max-image-preview:large, max-video-preview:-1\" \/>\n<link rel=\"canonical\" href=\"https:\/\/ansertelefonia.com.ar\/?product=dvr-4-canales-p2p-at-7005\" \/>\n<meta property=\"og:locale\" content=\"es_ES\" \/>\n<meta property=\"og:type\" content=\"article\" \/>\n<meta property=\"og:title\" content=\"DVR 4 Canales P2P AT 7005 ATView - Anser Telefonia Importaci\u00f3n - AT View Rosario\" \/>\n<meta property=\"og:description\" content=\"Procesador de alto rendimiento Principal incrustado HI3515A microprocesador Sistema operativo Linux EmbeddedV\u00eddeo 4 canales de entrada * D1 \/\" \/>\n<meta property=\"og:url\" content=\"https:\/\/ansertelefonia.com.ar\/?product=dvr-4-canales-p2p-at-7005\" \/>\n<meta property=\"og:site_name\" content=\"Anser Telefonia Importaci\u00f3n - AT View\" \/>\n<meta property=\"article:publisher\" content=\"https:\/\/www.facebook.com\/AnsertelefoniaaATView\/\" \/>\n<meta property=\"article:modified_time\" content=\"2026-05-10T20:37:38+00:00\" \/>\n<meta property=\"og:image\" content=\"https:\/\/ansertelefonia.com.ar\/wp-content\/uploads\/2019\/01\/at-view-dvr-7009-ansertelefonia.jpg\" \/>\n\t<meta property=\"og:image:width\" content=\"1000\" \/>\n\t<meta property=\"og:image:height\" content=\"1000\" \/>\n\t<meta property=\"og:image:type\" content=\"image\/jpeg\" \/>\n<meta name=\"twitter:card\" content=\"summary_large_image\" \/>\n<meta name=\"twitter:label1\" content=\"Tiempo de lectura\" \/>\n\t<meta name=\"twitter:data1\" content=\"1 minuto\" \/>\n<script type=\"application\/ld+json\" class=\"yoast-schema-graph\">{\"@context\":\"https:\/\/schema.org\",\"@graph\":[{\"@type\":\"WebPage\",\"@id\":\"https:\/\/ansertelefonia.com.ar\/?product=dvr-4-canales-p2p-at-7005\",\"url\":\"https:\/\/ansertelefonia.com.ar\/?product=dvr-4-canales-p2p-at-7005\",\"name\":\"DVR 4 Canales P2P AT 7005 ATView - Anser Telefonia Importaci\u00f3n - AT View Rosario\",\"isPartOf\":{\"@id\":\"https:\/\/ansertelefonia.com.ar\/#website\"},\"primaryImageOfPage\":{\"@id\":\"https:\/\/ansertelefonia.com.ar\/?product=dvr-4-canales-p2p-at-7005#primaryimage\"},\"image\":{\"@id\":\"https:\/\/ansertelefonia.com.ar\/?product=dvr-4-canales-p2p-at-7005#primaryimage\"},\"thumbnailUrl\":\"https:\/\/ansertelefonia.com.ar\/wp-content\/uploads\/2019\/01\/at-view-dvr-7009-ansertelefonia.jpg\",\"datePublished\":\"2019-01-11T18:22:38+00:00\",\"dateModified\":\"2026-05-10T20:37:38+00:00\",\"description\":\"Procesador de alto rendimiento Principal incrustado HI3515A microprocesador Sistema operativo Linux EmbeddedV\u00eddeo 4 canales de entrada * D1 \/\",\"breadcrumb\":{\"@id\":\"https:\/\/ansertelefonia.com.ar\/?product=dvr-4-canales-p2p-at-7005#breadcrumb\"},\"inLanguage\":\"es\",\"potentialAction\":[{\"@type\":\"ReadAction\",\"target\":[\"https:\/\/ansertelefonia.com.ar\/?product=dvr-4-canales-p2p-at-7005\"]}]},{\"@type\":\"ImageObject\",\"inLanguage\":\"es\",\"@id\":\"https:\/\/ansertelefonia.com.ar\/?product=dvr-4-canales-p2p-at-7005#primaryimage\",\"url\":\"https:\/\/ansertelefonia.com.ar\/wp-content\/uploads\/2019\/01\/at-view-dvr-7009-ansertelefonia.jpg\",\"contentUrl\":\"https:\/\/ansertelefonia.com.ar\/wp-content\/uploads\/2019\/01\/at-view-dvr-7009-ansertelefonia.jpg\",\"width\":1000,\"height\":1000,\"caption\":\"DVR 4 Canales P2P AT 7005 Anser Telefonia\"},{\"@type\":\"BreadcrumbList\",\"@id\":\"https:\/\/ansertelefonia.com.ar\/?product=dvr-4-canales-p2p-at-7005#breadcrumb\",\"itemListElement\":[{\"@type\":\"ListItem\",\"position\":1,\"name\":\"Portada\",\"item\":\"https:\/\/ansertelefonia.com.ar\/\"},{\"@type\":\"ListItem\",\"position\":2,\"name\":\"Productos\",\"item\":\"https:\/\/ansertelefonia.com.ar\/?page_id=8\"},{\"@type\":\"ListItem\",\"position\":3,\"name\":\"DVR 4 Canales P2P AT 7005 ATView\"}]},{\"@type\":\"WebSite\",\"@id\":\"https:\/\/ansertelefonia.com.ar\/#website\",\"url\":\"https:\/\/ansertelefonia.com.ar\/\",\"name\":\"Anser Telefonia Importaci\u00f3n - AT View\",\"description\":\"AT View\",\"publisher\":{\"@id\":\"https:\/\/ansertelefonia.com.ar\/#organization\"},\"potentialAction\":[{\"@type\":\"SearchAction\",\"target\":{\"@type\":\"EntryPoint\",\"urlTemplate\":\"https:\/\/ansertelefonia.com.ar\/?s={search_term_string}\"},\"query-input\":{\"@type\":\"PropertyValueSpecification\",\"valueRequired\":true,\"valueName\":\"search_term_string\"}}],\"inLanguage\":\"es\"},{\"@type\":\"Organization\",\"@id\":\"https:\/\/ansertelefonia.com.ar\/#organization\",\"name\":\"Anser Telefonia Importaci\u00f3n - AT View\",\"url\":\"https:\/\/ansertelefonia.com.ar\/\",\"logo\":{\"@type\":\"ImageObject\",\"inLanguage\":\"es\",\"@id\":\"https:\/\/ansertelefonia.com.ar\/#\/schema\/logo\/image\/\",\"url\":\"https:\/\/ansertelefonia.com.ar\/wp-content\/uploads\/2025\/01\/logo-anser.png\",\"contentUrl\":\"https:\/\/ansertelefonia.com.ar\/wp-content\/uploads\/2025\/01\/logo-anser.png\",\"width\":285,\"height\":64,\"caption\":\"Anser Telefonia Importaci\u00f3n - AT View\"},\"image\":{\"@id\":\"https:\/\/ansertelefonia.com.ar\/#\/schema\/logo\/image\/\"},\"sameAs\":[\"https:\/\/www.facebook.com\/AnsertelefoniaaATView\/\",\"https:\/\/www.instagram.com\/ansertelefonia\/\",\"https:\/\/api.whatsapp.com\/send\/?phone=5493413899983&text&type=phone_number&app_absent=0\"]}]}<\/script>\n<!-- \/ Yoast SEO plugin. -->","yoast_head_json":{"title":"DVR 4 Canales P2P AT 7005 ATView - Anser Telefonia Importaci\u00f3n - AT View Rosario","description":"Procesador de alto rendimiento Principal incrustado HI3515A microprocesador Sistema operativo Linux EmbeddedV\u00eddeo 4 canales de entrada * D1 \/","robots":{"index":"index","follow":"follow","max-snippet":"max-snippet:-1","max-image-preview":"max-image-preview:large","max-video-preview":"max-video-preview:-1"},"canonical":"https:\/\/ansertelefonia.com.ar\/?product=dvr-4-canales-p2p-at-7005","og_locale":"es_ES","og_type":"article","og_title":"DVR 4 Canales P2P AT 7005 ATView - Anser Telefonia Importaci\u00f3n - AT View Rosario","og_description":"Procesador de alto rendimiento Principal incrustado HI3515A microprocesador Sistema operativo Linux EmbeddedV\u00eddeo 4 canales de entrada * D1 \/","og_url":"https:\/\/ansertelefonia.com.ar\/?product=dvr-4-canales-p2p-at-7005","og_site_name":"Anser Telefonia Importaci\u00f3n - AT View","article_publisher":"https:\/\/www.facebook.com\/AnsertelefoniaaATView\/","article_modified_time":"2026-05-10T20:37:38+00:00","og_image":[{"width":1000,"height":1000,"url":"https:\/\/ansertelefonia.com.ar\/wp-content\/uploads\/2019\/01\/at-view-dvr-7009-ansertelefonia.jpg","type":"image\/jpeg"}],"twitter_card":"summary_large_image","twitter_misc":{"Tiempo de lectura":"1 minuto"},"schema":{"@context":"https:\/\/schema.org","@graph":[{"@type":"WebPage","@id":"https:\/\/ansertelefonia.com.ar\/?product=dvr-4-canales-p2p-at-7005","url":"https:\/\/ansertelefonia.com.ar\/?product=dvr-4-canales-p2p-at-7005","name":"DVR 4 Canales P2P AT 7005 ATView - Anser Telefonia Importaci\u00f3n - AT View Rosario","isPartOf":{"@id":"https:\/\/ansertelefonia.com.ar\/#website"},"primaryImageOfPage":{"@id":"https:\/\/ansertelefonia.com.ar\/?product=dvr-4-canales-p2p-at-7005#primaryimage"},"image":{"@id":"https:\/\/ansertelefonia.com.ar\/?product=dvr-4-canales-p2p-at-7005#primaryimage"},"thumbnailUrl":"https:\/\/ansertelefonia.com.ar\/wp-content\/uploads\/2019\/01\/at-view-dvr-7009-ansertelefonia.jpg","datePublished":"2019-01-11T18:22:38+00:00","dateModified":"2026-05-10T20:37:38+00:00","description":"Procesador de alto rendimiento Principal incrustado HI3515A microprocesador Sistema operativo Linux EmbeddedV\u00eddeo 4 canales de entrada * D1 \/","breadcrumb":{"@id":"https:\/\/ansertelefonia.com.ar\/?product=dvr-4-canales-p2p-at-7005#breadcrumb"},"inLanguage":"es","potentialAction":[{"@type":"ReadAction","target":["https:\/\/ansertelefonia.com.ar\/?product=dvr-4-canales-p2p-at-7005"]}]},{"@type":"ImageObject","inLanguage":"es","@id":"https:\/\/ansertelefonia.com.ar\/?product=dvr-4-canales-p2p-at-7005#primaryimage","url":"https:\/\/ansertelefonia.com.ar\/wp-content\/uploads\/2019\/01\/at-view-dvr-7009-ansertelefonia.jpg","contentUrl":"https:\/\/ansertelefonia.com.ar\/wp-content\/uploads\/2019\/01\/at-view-dvr-7009-ansertelefonia.jpg","width":1000,"height":1000,"caption":"DVR 4 Canales P2P AT 7005 Anser Telefonia"},{"@type":"BreadcrumbList","@id":"https:\/\/ansertelefonia.com.ar\/?product=dvr-4-canales-p2p-at-7005#breadcrumb","itemListElement":[{"@type":"ListItem","position":1,"name":"Portada","item":"https:\/\/ansertelefonia.com.ar\/"},{"@type":"ListItem","position":2,"name":"Productos","item":"https:\/\/ansertelefonia.com.ar\/?page_id=8"},{"@type":"ListItem","position":3,"name":"DVR 4 Canales P2P AT 7005 ATView"}]},{"@type":"WebSite","@id":"https:\/\/ansertelefonia.com.ar\/#website","url":"https:\/\/ansertelefonia.com.ar\/","name":"Anser Telefonia Importaci\u00f3n - AT View","description":"AT View","publisher":{"@id":"https:\/\/ansertelefonia.com.ar\/#organization"},"potentialAction":[{"@type":"SearchAction","target":{"@type":"EntryPoint","urlTemplate":"https:\/\/ansertelefonia.com.ar\/?s={search_term_string}"},"query-input":{"@type":"PropertyValueSpecification","valueRequired":true,"valueName":"search_term_string"}}],"inLanguage":"es"},{"@type":"Organization","@id":"https:\/\/ansertelefonia.com.ar\/#organization","name":"Anser Telefonia Importaci\u00f3n - AT View","url":"https:\/\/ansertelefonia.com.ar\/","logo":{"@type":"ImageObject","inLanguage":"es","@id":"https:\/\/ansertelefonia.com.ar\/#\/schema\/logo\/image\/","url":"https:\/\/ansertelefonia.com.ar\/wp-content\/uploads\/2025\/01\/logo-anser.png","contentUrl":"https:\/\/ansertelefonia.com.ar\/wp-content\/uploads\/2025\/01\/logo-anser.png","width":285,"height":64,"caption":"Anser Telefonia Importaci\u00f3n - AT View"},"image":{"@id":"https:\/\/ansertelefonia.com.ar\/#\/schema\/logo\/image\/"},"sameAs":["https:\/\/www.facebook.com\/AnsertelefoniaaATView\/","https:\/\/www.instagram.com\/ansertelefonia\/","https:\/\/api.whatsapp.com\/send\/?phone=5493413899983&text&type=phone_number&app_absent=0"]}]}},"_links":{"self":[{"href":"https:\/\/ansertelefonia.com.ar\/index.php?rest_route=\/wp\/v2\/product\/652"}],"collection":[{"href":"https:\/\/ansertelefonia.com.ar\/index.php?rest_route=\/wp\/v2\/product"}],"about":[{"href":"https:\/\/ansertelefonia.com.ar\/index.php?rest_route=\/wp\/v2\/types\/product"}],"wp:featuredmedia":[{"embeddable":true,"href":"https:\/\/ansertelefonia.com.ar\/index.php?rest_route=\/wp\/v2\/media\/631"}],"wp:attachment":[{"href":"https:\/\/ansertelefonia.com.ar\/index.php?rest_route=%2Fwp%2Fv2%2Fmedia&parent=652"}],"wp:term":[{"taxonomy":"product_brand","embeddable":true,"href":"https:\/\/ansertelefonia.com.ar\/index.php?rest_route=%2Fwp%2Fv2%2Fproduct_brand&post=652"},{"taxonomy":"product_cat","embeddable":true,"href":"https:\/\/ansertelefonia.com.ar\/index.php?rest_route=%2Fwp%2Fv2%2Fproduct_cat&post=652"},{"taxonomy":"product_tag","embeddable":true,"href":"https:\/\/ansertelefonia.com.ar\/index.php?rest_route=%2Fwp%2Fv2%2Fproduct_tag&post=652"}],"curies":[{"name":"wp","href":"https:\/\/api.w.org\/{rel}","templated":true}]}}