{"id":641,"date":"2019-01-11T12:17:17","date_gmt":"2019-01-11T15:17:17","guid":{"rendered":"https:\/\/ansertelefonia.com.ar\/?post_type=product&#038;p=641"},"modified":"2020-05-05T16:25:25","modified_gmt":"2020-05-05T19:25:25","slug":"pronext-k15c","status":"publish","type":"product","link":"https:\/\/ansertelefonia.com.ar\/?product=pronext-k15c","title":{"rendered":"PRONEXT K15C"},"content":{"rendered":"","protected":false},"excerpt":{"rendered":"<p>Kit compuesto por un monitor de 10&#8242; LCD con 4 c\u00e1maras con visi\u00f3n nocturna o 4 cables de conexi\u00f3n de 20 metros y fuente de alimentaci\u00f3n para todo el sistema o SOPORTE: Incluye soporte de pie y soporte de pared que permite su adaptaci\u00f3n pr\u00e1cticamente en cualquier espacio o Su control remoto con acceso al 100% de sus funciones lo convierte en una herramienta c\u00f3moda para su utilizaci\u00f3n o Entrada VGA para conectar una PC y utilizar al monitor como monitor de PC y CCTV con solo tocar un bot\u00f3n.<\/p>\n<hr \/>\n<p>&nbsp;<\/p>\n","protected":false},"featured_media":647,"template":"","meta":[],"product_brand":[],"product_cat":[30,32,28],"product_tag":[],"class_list":{"0":"post-641","1":"product","2":"type-product","3":"status-publish","4":"has-post-thumbnail","6":"product_cat-camaras-de-seguridad","7":"product_cat-dvr-nvr","8":"product_cat-seguridad-electronica","10":"first","11":"outofstock","12":"taxable","13":"shipping-taxable","14":"product-type-simple"},"yoast_head":"<!-- This site is optimized with the Yoast SEO plugin v25.6 - https:\/\/yoast.com\/wordpress\/plugins\/seo\/ -->\n<title>PRONEXT K15C - Anser Telefonia Importaci\u00f3n - AT View<\/title>\n<meta name=\"robots\" content=\"index, follow, max-snippet:-1, max-image-preview:large, max-video-preview:-1\" \/>\n<link rel=\"canonical\" href=\"https:\/\/ansertelefonia.com.ar\/?product=pronext-k15c\" \/>\n<meta property=\"og:locale\" content=\"es_ES\" \/>\n<meta property=\"og:type\" content=\"article\" \/>\n<meta property=\"og:title\" content=\"PRONEXT K15C - Anser Telefonia Importaci\u00f3n - AT View\" \/>\n<meta property=\"og:description\" content=\"Kit compuesto por un monitor de 10&#039; LCD con 4 c\u00e1maras con visi\u00f3n nocturna o 4 cables de conexi\u00f3n de 20 metros y fuente de alimentaci\u00f3n para todo el sistema o SOPORTE: Incluye soporte de pie y soporte de pared que permite su adaptaci\u00f3n pr\u00e1cticamente en cualquier espacio o Su control remoto con acceso al 100% de sus funciones lo convierte en una herramienta c\u00f3moda para su utilizaci\u00f3n o Entrada VGA para conectar una PC y utilizar al monitor como monitor de PC y CCTV con solo tocar un bot\u00f3n.    &nbsp;\" \/>\n<meta property=\"og:url\" content=\"https:\/\/ansertelefonia.com.ar\/?product=pronext-k15c\" \/>\n<meta property=\"og:site_name\" content=\"Anser Telefonia Importaci\u00f3n - AT View\" \/>\n<meta property=\"article:publisher\" content=\"https:\/\/www.facebook.com\/AnsertelefoniaaATView\/\" \/>\n<meta property=\"article:modified_time\" content=\"2020-05-05T19:25:25+00:00\" \/>\n<meta property=\"og:image\" content=\"https:\/\/ansertelefonia.com.ar\/wp-content\/uploads\/2019\/01\/at-view-pronext-k15c-ansertelefonia-1.jpg\" \/>\n\t<meta property=\"og:image:width\" content=\"1000\" \/>\n\t<meta property=\"og:image:height\" content=\"1000\" \/>\n\t<meta property=\"og:image:type\" content=\"image\/jpeg\" \/>\n<meta name=\"twitter:card\" content=\"summary_large_image\" \/>\n<script type=\"application\/ld+json\" class=\"yoast-schema-graph\">{\"@context\":\"https:\/\/schema.org\",\"@graph\":[{\"@type\":\"WebPage\",\"@id\":\"https:\/\/ansertelefonia.com.ar\/?product=pronext-k15c\",\"url\":\"https:\/\/ansertelefonia.com.ar\/?product=pronext-k15c\",\"name\":\"PRONEXT K15C - Anser Telefonia Importaci\u00f3n - AT View\",\"isPartOf\":{\"@id\":\"https:\/\/ansertelefonia.com.ar\/#website\"},\"primaryImageOfPage\":{\"@id\":\"https:\/\/ansertelefonia.com.ar\/?product=pronext-k15c#primaryimage\"},\"image\":{\"@id\":\"https:\/\/ansertelefonia.com.ar\/?product=pronext-k15c#primaryimage\"},\"thumbnailUrl\":\"https:\/\/ansertelefonia.com.ar\/wp-content\/uploads\/2019\/01\/at-view-pronext-k15c-ansertelefonia-1.jpg\",\"datePublished\":\"2019-01-11T15:17:17+00:00\",\"dateModified\":\"2020-05-05T19:25:25+00:00\",\"breadcrumb\":{\"@id\":\"https:\/\/ansertelefonia.com.ar\/?product=pronext-k15c#breadcrumb\"},\"inLanguage\":\"es\",\"potentialAction\":[{\"@type\":\"ReadAction\",\"target\":[\"https:\/\/ansertelefonia.com.ar\/?product=pronext-k15c\"]}]},{\"@type\":\"ImageObject\",\"inLanguage\":\"es\",\"@id\":\"https:\/\/ansertelefonia.com.ar\/?product=pronext-k15c#primaryimage\",\"url\":\"https:\/\/ansertelefonia.com.ar\/wp-content\/uploads\/2019\/01\/at-view-pronext-k15c-ansertelefonia-1.jpg\",\"contentUrl\":\"https:\/\/ansertelefonia.com.ar\/wp-content\/uploads\/2019\/01\/at-view-pronext-k15c-ansertelefonia-1.jpg\",\"width\":1000,\"height\":1000},{\"@type\":\"BreadcrumbList\",\"@id\":\"https:\/\/ansertelefonia.com.ar\/?product=pronext-k15c#breadcrumb\",\"itemListElement\":[{\"@type\":\"ListItem\",\"position\":1,\"name\":\"Portada\",\"item\":\"https:\/\/ansertelefonia.com.ar\/\"},{\"@type\":\"ListItem\",\"position\":2,\"name\":\"Productos\",\"item\":\"https:\/\/ansertelefonia.com.ar\/?page_id=8\"},{\"@type\":\"ListItem\",\"position\":3,\"name\":\"PRONEXT K15C\"}]},{\"@type\":\"WebSite\",\"@id\":\"https:\/\/ansertelefonia.com.ar\/#website\",\"url\":\"https:\/\/ansertelefonia.com.ar\/\",\"name\":\"Anser Telefonia Importaci\u00f3n - AT View\",\"description\":\"AT View\",\"publisher\":{\"@id\":\"https:\/\/ansertelefonia.com.ar\/#organization\"},\"potentialAction\":[{\"@type\":\"SearchAction\",\"target\":{\"@type\":\"EntryPoint\",\"urlTemplate\":\"https:\/\/ansertelefonia.com.ar\/?s={search_term_string}\"},\"query-input\":{\"@type\":\"PropertyValueSpecification\",\"valueRequired\":true,\"valueName\":\"search_term_string\"}}],\"inLanguage\":\"es\"},{\"@type\":\"Organization\",\"@id\":\"https:\/\/ansertelefonia.com.ar\/#organization\",\"name\":\"Anser Telefonia Importaci\u00f3n - AT View\",\"url\":\"https:\/\/ansertelefonia.com.ar\/\",\"logo\":{\"@type\":\"ImageObject\",\"inLanguage\":\"es\",\"@id\":\"https:\/\/ansertelefonia.com.ar\/#\/schema\/logo\/image\/\",\"url\":\"https:\/\/ansertelefonia.com.ar\/wp-content\/uploads\/2025\/01\/logo-anser.png\",\"contentUrl\":\"https:\/\/ansertelefonia.com.ar\/wp-content\/uploads\/2025\/01\/logo-anser.png\",\"width\":285,\"height\":64,\"caption\":\"Anser Telefonia Importaci\u00f3n - AT View\"},\"image\":{\"@id\":\"https:\/\/ansertelefonia.com.ar\/#\/schema\/logo\/image\/\"},\"sameAs\":[\"https:\/\/www.facebook.com\/AnsertelefoniaaATView\/\",\"https:\/\/www.instagram.com\/ansertelefonia\/\",\"https:\/\/api.whatsapp.com\/send\/?phone=5493413899983&text&type=phone_number&app_absent=0\"]}]}<\/script>\n<!-- \/ Yoast SEO plugin. -->","yoast_head_json":{"title":"PRONEXT K15C - Anser Telefonia Importaci\u00f3n - AT View","robots":{"index":"index","follow":"follow","max-snippet":"max-snippet:-1","max-image-preview":"max-image-preview:large","max-video-preview":"max-video-preview:-1"},"canonical":"https:\/\/ansertelefonia.com.ar\/?product=pronext-k15c","og_locale":"es_ES","og_type":"article","og_title":"PRONEXT K15C - Anser Telefonia Importaci\u00f3n - AT View","og_description":"Kit compuesto por un monitor de 10' LCD con 4 c\u00e1maras con visi\u00f3n nocturna o 4 cables de conexi\u00f3n de 20 metros y fuente de alimentaci\u00f3n para todo el sistema o SOPORTE: Incluye soporte de pie y soporte de pared que permite su adaptaci\u00f3n pr\u00e1cticamente en cualquier espacio o Su control remoto con acceso al 100% de sus funciones lo convierte en una herramienta c\u00f3moda para su utilizaci\u00f3n o Entrada VGA para conectar una PC y utilizar al monitor como monitor de PC y CCTV con solo tocar un bot\u00f3n.    &nbsp;","og_url":"https:\/\/ansertelefonia.com.ar\/?product=pronext-k15c","og_site_name":"Anser Telefonia Importaci\u00f3n - AT View","article_publisher":"https:\/\/www.facebook.com\/AnsertelefoniaaATView\/","article_modified_time":"2020-05-05T19:25:25+00:00","og_image":[{"width":1000,"height":1000,"url":"https:\/\/ansertelefonia.com.ar\/wp-content\/uploads\/2019\/01\/at-view-pronext-k15c-ansertelefonia-1.jpg","type":"image\/jpeg"}],"twitter_card":"summary_large_image","schema":{"@context":"https:\/\/schema.org","@graph":[{"@type":"WebPage","@id":"https:\/\/ansertelefonia.com.ar\/?product=pronext-k15c","url":"https:\/\/ansertelefonia.com.ar\/?product=pronext-k15c","name":"PRONEXT K15C - Anser Telefonia Importaci\u00f3n - AT View","isPartOf":{"@id":"https:\/\/ansertelefonia.com.ar\/#website"},"primaryImageOfPage":{"@id":"https:\/\/ansertelefonia.com.ar\/?product=pronext-k15c#primaryimage"},"image":{"@id":"https:\/\/ansertelefonia.com.ar\/?product=pronext-k15c#primaryimage"},"thumbnailUrl":"https:\/\/ansertelefonia.com.ar\/wp-content\/uploads\/2019\/01\/at-view-pronext-k15c-ansertelefonia-1.jpg","datePublished":"2019-01-11T15:17:17+00:00","dateModified":"2020-05-05T19:25:25+00:00","breadcrumb":{"@id":"https:\/\/ansertelefonia.com.ar\/?product=pronext-k15c#breadcrumb"},"inLanguage":"es","potentialAction":[{"@type":"ReadAction","target":["https:\/\/ansertelefonia.com.ar\/?product=pronext-k15c"]}]},{"@type":"ImageObject","inLanguage":"es","@id":"https:\/\/ansertelefonia.com.ar\/?product=pronext-k15c#primaryimage","url":"https:\/\/ansertelefonia.com.ar\/wp-content\/uploads\/2019\/01\/at-view-pronext-k15c-ansertelefonia-1.jpg","contentUrl":"https:\/\/ansertelefonia.com.ar\/wp-content\/uploads\/2019\/01\/at-view-pronext-k15c-ansertelefonia-1.jpg","width":1000,"height":1000},{"@type":"BreadcrumbList","@id":"https:\/\/ansertelefonia.com.ar\/?product=pronext-k15c#breadcrumb","itemListElement":[{"@type":"ListItem","position":1,"name":"Portada","item":"https:\/\/ansertelefonia.com.ar\/"},{"@type":"ListItem","position":2,"name":"Productos","item":"https:\/\/ansertelefonia.com.ar\/?page_id=8"},{"@type":"ListItem","position":3,"name":"PRONEXT K15C"}]},{"@type":"WebSite","@id":"https:\/\/ansertelefonia.com.ar\/#website","url":"https:\/\/ansertelefonia.com.ar\/","name":"Anser Telefonia Importaci\u00f3n - AT View","description":"AT View","publisher":{"@id":"https:\/\/ansertelefonia.com.ar\/#organization"},"potentialAction":[{"@type":"SearchAction","target":{"@type":"EntryPoint","urlTemplate":"https:\/\/ansertelefonia.com.ar\/?s={search_term_string}"},"query-input":{"@type":"PropertyValueSpecification","valueRequired":true,"valueName":"search_term_string"}}],"inLanguage":"es"},{"@type":"Organization","@id":"https:\/\/ansertelefonia.com.ar\/#organization","name":"Anser Telefonia Importaci\u00f3n - AT View","url":"https:\/\/ansertelefonia.com.ar\/","logo":{"@type":"ImageObject","inLanguage":"es","@id":"https:\/\/ansertelefonia.com.ar\/#\/schema\/logo\/image\/","url":"https:\/\/ansertelefonia.com.ar\/wp-content\/uploads\/2025\/01\/logo-anser.png","contentUrl":"https:\/\/ansertelefonia.com.ar\/wp-content\/uploads\/2025\/01\/logo-anser.png","width":285,"height":64,"caption":"Anser Telefonia Importaci\u00f3n - AT View"},"image":{"@id":"https:\/\/ansertelefonia.com.ar\/#\/schema\/logo\/image\/"},"sameAs":["https:\/\/www.facebook.com\/AnsertelefoniaaATView\/","https:\/\/www.instagram.com\/ansertelefonia\/","https:\/\/api.whatsapp.com\/send\/?phone=5493413899983&text&type=phone_number&app_absent=0"]}]}},"_links":{"self":[{"href":"https:\/\/ansertelefonia.com.ar\/index.php?rest_route=\/wp\/v2\/product\/641"}],"collection":[{"href":"https:\/\/ansertelefonia.com.ar\/index.php?rest_route=\/wp\/v2\/product"}],"about":[{"href":"https:\/\/ansertelefonia.com.ar\/index.php?rest_route=\/wp\/v2\/types\/product"}],"wp:featuredmedia":[{"embeddable":true,"href":"https:\/\/ansertelefonia.com.ar\/index.php?rest_route=\/wp\/v2\/media\/647"}],"wp:attachment":[{"href":"https:\/\/ansertelefonia.com.ar\/index.php?rest_route=%2Fwp%2Fv2%2Fmedia&parent=641"}],"wp:term":[{"taxonomy":"product_brand","embeddable":true,"href":"https:\/\/ansertelefonia.com.ar\/index.php?rest_route=%2Fwp%2Fv2%2Fproduct_brand&post=641"},{"taxonomy":"product_cat","embeddable":true,"href":"https:\/\/ansertelefonia.com.ar\/index.php?rest_route=%2Fwp%2Fv2%2Fproduct_cat&post=641"},{"taxonomy":"product_tag","embeddable":true,"href":"https:\/\/ansertelefonia.com.ar\/index.php?rest_route=%2Fwp%2Fv2%2Fproduct_tag&post=641"}],"curies":[{"name":"wp","href":"https:\/\/api.w.org\/{rel}","templated":true}]}}