{"id":632,"date":"2019-01-10T04:15:33","date_gmt":"2019-01-10T07:15:33","guid":{"rendered":"https:\/\/ansertelefonia.com.ar\/?post_type=product&#038;p=632"},"modified":"2026-05-10T17:55:06","modified_gmt":"2026-05-10T20:55:06","slug":"dvr-at-7008-8-canales","status":"publish","type":"product","link":"https:\/\/ansertelefonia.com.ar\/?product=dvr-at-7008-8-canales","title":{"rendered":"DVR AT 7008 8 Canales P2P AT ATview  Importacion Mayorista"},"content":{"rendered":"<p>Grabadora de v\u00eddeo digital 8 canales H.264 de la red (8 canales \u00d7 D1)<\/p>\n<hr \/>\n<p>Compresi\u00f3n de v\u00eddeo: H.264; Sistema de v\u00eddeo: PAL \/ NTSC \u25c7 de entrada \/ salida de v\u00eddeo: BNC 8 canales de entrada y 1 canal de salida BNC y salida VGA 1 canal<\/p>\n<hr \/>\n<p>Resoluci\u00f3n VGA: 1024\u00d7768,1280\u00d71024\u00a0 de entrada \/ salida de audio: RCA de entrada de 2 canales \/ RCA de salida de 1 canal<\/p>\n<hr \/>\n<p>Resoluci\u00f3n de pantalla: 704 x 576 D1 \/ CIF 352 \u00d7 288 (PAL); D1 720 x 480 \/ CIF 352 \u00d7 240 (NTSC)<\/p>\n<hr \/>\n<p>Display de velocidad de cuadro: 200fps (PAL); 240fps (NTSC) (compartidas por 8 c\u00e1maras)<\/p>\n<hr \/>\n<p>Resoluci\u00f3n de la grabaci\u00f3n: D1 704 \u00d7 576 \/ CIF 352 \u00d7 288 (PAL); D1 720 \u00d7 480 \/ CIF 352 \u00d7 240 (NTSC)<\/p>\n<hr \/>\n<p>Velocidad de fotogramas de grabaci\u00f3n: D1 @ 200fps @ CIF \/ 200fps (PAL); D1 @ 240fps @ CIF \/ 240fps (NTSC)<\/p>\n<hr \/>\n<p>Resoluci\u00f3n Reproducci\u00f3n: 4x D1 Conector Ethernet RJ-45, est\u00e1tica, IP din\u00e1mica y DDNS, Soporte Internet Explorer y software especial del cliente; Opini\u00f3n alejada del m\u00f3vil por\u00a0 2 x USB, 1 x USB Mouse \u25c7 Copia de seguridad: USB 2.0 y Red, men\u00fa multi-idioma<\/p>\n<hr \/>\n<p><strong>AT View<\/strong><\/p>\n<p><strong>Importacion Directa<\/strong><\/p>\n","protected":false},"excerpt":{"rendered":"<p>Grabadora de v\u00eddeo digital 8 canales H.264 de la red (8 canales \u00d7 D1)<\/p>\n<hr \/>\n<p>Compresi\u00f3n de v\u00eddeo: H.264; Sistema de v\u00eddeo: PAL \/ NTSC \u25c7 de entrada \/ salida de v\u00eddeo: BNC 8 canales de entrada y 1 canal de salida BNC y salida VGA 1 canal<\/p>\n<hr \/>\n<p>Resoluci\u00f3n VGA: 1024&#215;768,1280&#215;1024\u00a0 de entrada \/ salida de audio: RCA de entrada de 2 canales \/ RCA de salida de 1 canal<\/p>\n<hr \/>\n<p>Resoluci\u00f3n de pantalla: 704 x 576 D1 \/ CIF 352 \u00d7 288 (PAL); D1 720 x 480 \/ CIF 352 \u00d7 240 (NTSC)<\/p>\n<hr \/>\n<p>Display de velocidad de cuadro: 200fps (PAL); 240fps (NTSC) (compartidas por 8 c\u00e1maras)<\/p>\n<hr \/>\n<p>Resoluci\u00f3n de la grabaci\u00f3n: D1 704 \u00d7 576 \/ CIF 352 \u00d7 288 (PAL); D1 720 \u00d7 480 \/ CIF 352 \u00d7 240 (NTSC)<\/p>\n<hr \/>\n<p>Velocidad de fotogramas de grabaci\u00f3n: D1 @ 200fps @ CIF \/ 200fps (PAL); D1 @ 240fps @ CIF \/ 240fps (NTSC)<\/p>\n<hr \/>\n<p>Resoluci\u00f3n Reproducci\u00f3n: 4x D1 Conector Ethernet RJ-45, est\u00e1tica, IP din\u00e1mica y DDNS, Soporte Internet Explorer y software especial del cliente; Opini\u00f3n alejada del m\u00f3vil por\u00a0 2 x USB, 1 x USB Mouse \u25c7 Copia de seguridad: USB 2.0 y Red, men\u00fa multi-idioma<\/p>\n<hr \/>\n<p><strong>AT View<\/strong><\/p>\n<p><strong>Importacion Directa<\/strong><\/p>\n<hr \/>\n<p><img decoding=\"async\" class=\"alignleft wp-image-535\" src=\"https:\/\/ansertelefonia.com.ar\/wp-content\/uploads\/2019\/01\/atview-300x107.jpg\" alt=\"\" width=\"128\" height=\"46\" srcset=\"https:\/\/ansertelefonia.com.ar\/wp-content\/uploads\/2019\/01\/atview-300x107.jpg 300w, https:\/\/ansertelefonia.com.ar\/wp-content\/uploads\/2019\/01\/atview-768x274.jpg 768w, https:\/\/ansertelefonia.com.ar\/wp-content\/uploads\/2019\/01\/atview-1024x366.jpg 1024w, https:\/\/ansertelefonia.com.ar\/wp-content\/uploads\/2019\/01\/atview-600x214.jpg 600w, https:\/\/ansertelefonia.com.ar\/wp-content\/uploads\/2019\/01\/atview.jpg 1984w\" sizes=\"(max-width: 128px) 100vw, 128px\" \/><\/p>\n","protected":false},"featured_media":633,"template":"","meta":[],"product_brand":[],"product_cat":[52,32,28],"product_tag":[],"class_list":{"0":"post-632","1":"product","2":"type-product","3":"status-publish","4":"has-post-thumbnail","6":"product_cat-at-view","7":"product_cat-dvr-nvr","8":"product_cat-seguridad-electronica","10":"first","11":"outofstock","12":"taxable","13":"shipping-taxable","14":"product-type-simple"},"yoast_head":"<!-- This site is optimized with the Yoast SEO plugin v25.6 - https:\/\/yoast.com\/wordpress\/plugins\/seo\/ -->\n<title>DVR AT 7008 8 Canales P2P AT ATview Importacion Mayorista -<\/title>\n<meta name=\"description\" content=\"Soporte: (IOS, Windows Mobile, Android). APP Gratis Visualizacion por celular - Hasta 5 dispsitivos a la vez pueden estar viendo las camaras\" \/>\n<meta name=\"robots\" content=\"index, follow, max-snippet:-1, max-image-preview:large, max-video-preview:-1\" \/>\n<link rel=\"canonical\" href=\"https:\/\/ansertelefonia.com.ar\/?product=dvr-at-7008-8-canales\" \/>\n<meta property=\"og:locale\" content=\"es_ES\" \/>\n<meta property=\"og:type\" content=\"article\" \/>\n<meta property=\"og:title\" content=\"DVR AT 7008 8 Canales P2P AT ATview Importacion Mayorista -\" \/>\n<meta property=\"og:description\" content=\"Soporte: (IOS, Windows Mobile, Android). APP Gratis Visualizacion por celular - Hasta 5 dispsitivos a la vez pueden estar viendo las camaras\" \/>\n<meta property=\"og:url\" content=\"https:\/\/ansertelefonia.com.ar\/?product=dvr-at-7008-8-canales\" \/>\n<meta property=\"og:site_name\" content=\"Anser Telefonia Importaci\u00f3n - AT View\" \/>\n<meta property=\"article:publisher\" content=\"https:\/\/www.facebook.com\/AnsertelefoniaaATView\/\" \/>\n<meta property=\"article:modified_time\" content=\"2026-05-10T20:55:06+00:00\" \/>\n<meta property=\"og:image\" content=\"https:\/\/ansertelefonia.com.ar\/wp-content\/uploads\/2019\/01\/at-view-dvr-8-canales-at-7008-ansertelefonia.jpg\" \/>\n\t<meta property=\"og:image:width\" content=\"1000\" \/>\n\t<meta property=\"og:image:height\" content=\"651\" \/>\n\t<meta property=\"og:image:type\" content=\"image\/jpeg\" \/>\n<meta name=\"twitter:card\" content=\"summary_large_image\" \/>\n<meta name=\"twitter:label1\" content=\"Tiempo de lectura\" \/>\n\t<meta name=\"twitter:data1\" content=\"2 minutos\" \/>\n<script type=\"application\/ld+json\" class=\"yoast-schema-graph\">{\"@context\":\"https:\/\/schema.org\",\"@graph\":[{\"@type\":\"WebPage\",\"@id\":\"https:\/\/ansertelefonia.com.ar\/?product=dvr-at-7008-8-canales\",\"url\":\"https:\/\/ansertelefonia.com.ar\/?product=dvr-at-7008-8-canales\",\"name\":\"DVR AT 7008 8 Canales P2P AT ATview Importacion Mayorista -\",\"isPartOf\":{\"@id\":\"https:\/\/ansertelefonia.com.ar\/#website\"},\"primaryImageOfPage\":{\"@id\":\"https:\/\/ansertelefonia.com.ar\/?product=dvr-at-7008-8-canales#primaryimage\"},\"image\":{\"@id\":\"https:\/\/ansertelefonia.com.ar\/?product=dvr-at-7008-8-canales#primaryimage\"},\"thumbnailUrl\":\"https:\/\/ansertelefonia.com.ar\/wp-content\/uploads\/2019\/01\/at-view-dvr-8-canales-at-7008-ansertelefonia.jpg\",\"datePublished\":\"2019-01-10T07:15:33+00:00\",\"dateModified\":\"2026-05-10T20:55:06+00:00\",\"description\":\"Soporte: (IOS, Windows Mobile, Android). APP Gratis Visualizacion por celular - Hasta 5 dispsitivos a la vez pueden estar viendo las camaras\",\"breadcrumb\":{\"@id\":\"https:\/\/ansertelefonia.com.ar\/?product=dvr-at-7008-8-canales#breadcrumb\"},\"inLanguage\":\"es\",\"potentialAction\":[{\"@type\":\"ReadAction\",\"target\":[\"https:\/\/ansertelefonia.com.ar\/?product=dvr-at-7008-8-canales\"]}]},{\"@type\":\"ImageObject\",\"inLanguage\":\"es\",\"@id\":\"https:\/\/ansertelefonia.com.ar\/?product=dvr-at-7008-8-canales#primaryimage\",\"url\":\"https:\/\/ansertelefonia.com.ar\/wp-content\/uploads\/2019\/01\/at-view-dvr-8-canales-at-7008-ansertelefonia.jpg\",\"contentUrl\":\"https:\/\/ansertelefonia.com.ar\/wp-content\/uploads\/2019\/01\/at-view-dvr-8-canales-at-7008-ansertelefonia.jpg\",\"width\":1000,\"height\":651,\"caption\":\"DVR AT 7008 8 Canales Anser Telefonia\"},{\"@type\":\"BreadcrumbList\",\"@id\":\"https:\/\/ansertelefonia.com.ar\/?product=dvr-at-7008-8-canales#breadcrumb\",\"itemListElement\":[{\"@type\":\"ListItem\",\"position\":1,\"name\":\"Portada\",\"item\":\"https:\/\/ansertelefonia.com.ar\/\"},{\"@type\":\"ListItem\",\"position\":2,\"name\":\"Productos\",\"item\":\"https:\/\/ansertelefonia.com.ar\/?page_id=8\"},{\"@type\":\"ListItem\",\"position\":3,\"name\":\"DVR AT 7008 8 Canales P2P AT ATview Importacion Mayorista\"}]},{\"@type\":\"WebSite\",\"@id\":\"https:\/\/ansertelefonia.com.ar\/#website\",\"url\":\"https:\/\/ansertelefonia.com.ar\/\",\"name\":\"Anser Telefonia Importaci\u00f3n - AT View\",\"description\":\"AT View\",\"publisher\":{\"@id\":\"https:\/\/ansertelefonia.com.ar\/#organization\"},\"potentialAction\":[{\"@type\":\"SearchAction\",\"target\":{\"@type\":\"EntryPoint\",\"urlTemplate\":\"https:\/\/ansertelefonia.com.ar\/?s={search_term_string}\"},\"query-input\":{\"@type\":\"PropertyValueSpecification\",\"valueRequired\":true,\"valueName\":\"search_term_string\"}}],\"inLanguage\":\"es\"},{\"@type\":\"Organization\",\"@id\":\"https:\/\/ansertelefonia.com.ar\/#organization\",\"name\":\"Anser Telefonia Importaci\u00f3n - AT View\",\"url\":\"https:\/\/ansertelefonia.com.ar\/\",\"logo\":{\"@type\":\"ImageObject\",\"inLanguage\":\"es\",\"@id\":\"https:\/\/ansertelefonia.com.ar\/#\/schema\/logo\/image\/\",\"url\":\"https:\/\/ansertelefonia.com.ar\/wp-content\/uploads\/2025\/01\/logo-anser.png\",\"contentUrl\":\"https:\/\/ansertelefonia.com.ar\/wp-content\/uploads\/2025\/01\/logo-anser.png\",\"width\":285,\"height\":64,\"caption\":\"Anser Telefonia Importaci\u00f3n - AT View\"},\"image\":{\"@id\":\"https:\/\/ansertelefonia.com.ar\/#\/schema\/logo\/image\/\"},\"sameAs\":[\"https:\/\/www.facebook.com\/AnsertelefoniaaATView\/\",\"https:\/\/www.instagram.com\/ansertelefonia\/\",\"https:\/\/api.whatsapp.com\/send\/?phone=5493413899983&text&type=phone_number&app_absent=0\"]}]}<\/script>\n<!-- \/ Yoast SEO plugin. -->","yoast_head_json":{"title":"DVR AT 7008 8 Canales P2P AT ATview Importacion Mayorista -","description":"Soporte: (IOS, Windows Mobile, Android). APP Gratis Visualizacion por celular - Hasta 5 dispsitivos a la vez pueden estar viendo las camaras","robots":{"index":"index","follow":"follow","max-snippet":"max-snippet:-1","max-image-preview":"max-image-preview:large","max-video-preview":"max-video-preview:-1"},"canonical":"https:\/\/ansertelefonia.com.ar\/?product=dvr-at-7008-8-canales","og_locale":"es_ES","og_type":"article","og_title":"DVR AT 7008 8 Canales P2P AT ATview Importacion Mayorista -","og_description":"Soporte: (IOS, Windows Mobile, Android). APP Gratis Visualizacion por celular - Hasta 5 dispsitivos a la vez pueden estar viendo las camaras","og_url":"https:\/\/ansertelefonia.com.ar\/?product=dvr-at-7008-8-canales","og_site_name":"Anser Telefonia Importaci\u00f3n - AT View","article_publisher":"https:\/\/www.facebook.com\/AnsertelefoniaaATView\/","article_modified_time":"2026-05-10T20:55:06+00:00","og_image":[{"width":1000,"height":651,"url":"https:\/\/ansertelefonia.com.ar\/wp-content\/uploads\/2019\/01\/at-view-dvr-8-canales-at-7008-ansertelefonia.jpg","type":"image\/jpeg"}],"twitter_card":"summary_large_image","twitter_misc":{"Tiempo de lectura":"2 minutos"},"schema":{"@context":"https:\/\/schema.org","@graph":[{"@type":"WebPage","@id":"https:\/\/ansertelefonia.com.ar\/?product=dvr-at-7008-8-canales","url":"https:\/\/ansertelefonia.com.ar\/?product=dvr-at-7008-8-canales","name":"DVR AT 7008 8 Canales P2P AT ATview Importacion Mayorista -","isPartOf":{"@id":"https:\/\/ansertelefonia.com.ar\/#website"},"primaryImageOfPage":{"@id":"https:\/\/ansertelefonia.com.ar\/?product=dvr-at-7008-8-canales#primaryimage"},"image":{"@id":"https:\/\/ansertelefonia.com.ar\/?product=dvr-at-7008-8-canales#primaryimage"},"thumbnailUrl":"https:\/\/ansertelefonia.com.ar\/wp-content\/uploads\/2019\/01\/at-view-dvr-8-canales-at-7008-ansertelefonia.jpg","datePublished":"2019-01-10T07:15:33+00:00","dateModified":"2026-05-10T20:55:06+00:00","description":"Soporte: (IOS, Windows Mobile, Android). APP Gratis Visualizacion por celular - Hasta 5 dispsitivos a la vez pueden estar viendo las camaras","breadcrumb":{"@id":"https:\/\/ansertelefonia.com.ar\/?product=dvr-at-7008-8-canales#breadcrumb"},"inLanguage":"es","potentialAction":[{"@type":"ReadAction","target":["https:\/\/ansertelefonia.com.ar\/?product=dvr-at-7008-8-canales"]}]},{"@type":"ImageObject","inLanguage":"es","@id":"https:\/\/ansertelefonia.com.ar\/?product=dvr-at-7008-8-canales#primaryimage","url":"https:\/\/ansertelefonia.com.ar\/wp-content\/uploads\/2019\/01\/at-view-dvr-8-canales-at-7008-ansertelefonia.jpg","contentUrl":"https:\/\/ansertelefonia.com.ar\/wp-content\/uploads\/2019\/01\/at-view-dvr-8-canales-at-7008-ansertelefonia.jpg","width":1000,"height":651,"caption":"DVR AT 7008 8 Canales Anser Telefonia"},{"@type":"BreadcrumbList","@id":"https:\/\/ansertelefonia.com.ar\/?product=dvr-at-7008-8-canales#breadcrumb","itemListElement":[{"@type":"ListItem","position":1,"name":"Portada","item":"https:\/\/ansertelefonia.com.ar\/"},{"@type":"ListItem","position":2,"name":"Productos","item":"https:\/\/ansertelefonia.com.ar\/?page_id=8"},{"@type":"ListItem","position":3,"name":"DVR AT 7008 8 Canales P2P AT ATview Importacion Mayorista"}]},{"@type":"WebSite","@id":"https:\/\/ansertelefonia.com.ar\/#website","url":"https:\/\/ansertelefonia.com.ar\/","name":"Anser Telefonia Importaci\u00f3n - AT View","description":"AT View","publisher":{"@id":"https:\/\/ansertelefonia.com.ar\/#organization"},"potentialAction":[{"@type":"SearchAction","target":{"@type":"EntryPoint","urlTemplate":"https:\/\/ansertelefonia.com.ar\/?s={search_term_string}"},"query-input":{"@type":"PropertyValueSpecification","valueRequired":true,"valueName":"search_term_string"}}],"inLanguage":"es"},{"@type":"Organization","@id":"https:\/\/ansertelefonia.com.ar\/#organization","name":"Anser Telefonia Importaci\u00f3n - AT View","url":"https:\/\/ansertelefonia.com.ar\/","logo":{"@type":"ImageObject","inLanguage":"es","@id":"https:\/\/ansertelefonia.com.ar\/#\/schema\/logo\/image\/","url":"https:\/\/ansertelefonia.com.ar\/wp-content\/uploads\/2025\/01\/logo-anser.png","contentUrl":"https:\/\/ansertelefonia.com.ar\/wp-content\/uploads\/2025\/01\/logo-anser.png","width":285,"height":64,"caption":"Anser Telefonia Importaci\u00f3n - AT View"},"image":{"@id":"https:\/\/ansertelefonia.com.ar\/#\/schema\/logo\/image\/"},"sameAs":["https:\/\/www.facebook.com\/AnsertelefoniaaATView\/","https:\/\/www.instagram.com\/ansertelefonia\/","https:\/\/api.whatsapp.com\/send\/?phone=5493413899983&text&type=phone_number&app_absent=0"]}]}},"_links":{"self":[{"href":"https:\/\/ansertelefonia.com.ar\/index.php?rest_route=\/wp\/v2\/product\/632"}],"collection":[{"href":"https:\/\/ansertelefonia.com.ar\/index.php?rest_route=\/wp\/v2\/product"}],"about":[{"href":"https:\/\/ansertelefonia.com.ar\/index.php?rest_route=\/wp\/v2\/types\/product"}],"wp:featuredmedia":[{"embeddable":true,"href":"https:\/\/ansertelefonia.com.ar\/index.php?rest_route=\/wp\/v2\/media\/633"}],"wp:attachment":[{"href":"https:\/\/ansertelefonia.com.ar\/index.php?rest_route=%2Fwp%2Fv2%2Fmedia&parent=632"}],"wp:term":[{"taxonomy":"product_brand","embeddable":true,"href":"https:\/\/ansertelefonia.com.ar\/index.php?rest_route=%2Fwp%2Fv2%2Fproduct_brand&post=632"},{"taxonomy":"product_cat","embeddable":true,"href":"https:\/\/ansertelefonia.com.ar\/index.php?rest_route=%2Fwp%2Fv2%2Fproduct_cat&post=632"},{"taxonomy":"product_tag","embeddable":true,"href":"https:\/\/ansertelefonia.com.ar\/index.php?rest_route=%2Fwp%2Fv2%2Fproduct_tag&post=632"}],"curies":[{"name":"wp","href":"https:\/\/api.w.org\/{rel}","templated":true}]}}