{"id":615,"date":"2019-01-10T02:56:59","date_gmt":"2019-01-10T05:56:59","guid":{"rendered":"https:\/\/ansertelefonia.com.ar\/?post_type=product&#038;p=615"},"modified":"2020-12-24T04:11:03","modified_gmt":"2020-12-24T07:11:03","slug":"camara-ip-he8802ip","status":"publish","type":"product","link":"https:\/\/ansertelefonia.com.ar\/?product=camara-ip-he8802ip","title":{"rendered":"C\u00e1mara IP HE8802IP"},"content":{"rendered":"","protected":false},"excerpt":{"rendered":"<p>C\u00e1mara IP HE8802IP impermeable IR<\/p>\n<hr \/>\n<p>Muy buena resoluci\u00f3n de d\u00eda y de noche una calidad superior a cualquier otra c\u00e1mara de rayos infrarrojos.<\/p>\n<hr \/>\n<p>Detecci\u00f3n de movimiento o Compensaci\u00f3n al contraluz<\/p>\n<hr \/>\n<p>Video color de imagen ajustable<\/p>\n<hr \/>\n<p>B\u00fasqueda autom\u00e1tica de direcciones IP Monitorizaci\u00f3n remota, a trav\u00e9s de Internet Explorer o DVP o Sensor CMOS 1\/3&#8243;.<\/p>\n<hr \/>\n<p><strong>AT View\u00a0<\/strong><\/p>\n<p><strong>Importacion Directa<\/strong><\/p>\n<hr \/>\n<p><img decoding=\"async\" class=\"alignleft wp-image-535\" src=\"https:\/\/ansertelefonia.com.ar\/wp-content\/uploads\/2019\/01\/atview-300x107.jpg\" alt=\"\" width=\"129\" height=\"46\" srcset=\"https:\/\/ansertelefonia.com.ar\/wp-content\/uploads\/2019\/01\/atview-300x107.jpg 300w, https:\/\/ansertelefonia.com.ar\/wp-content\/uploads\/2019\/01\/atview-768x274.jpg 768w, https:\/\/ansertelefonia.com.ar\/wp-content\/uploads\/2019\/01\/atview-1024x366.jpg 1024w, https:\/\/ansertelefonia.com.ar\/wp-content\/uploads\/2019\/01\/atview-600x214.jpg 600w, https:\/\/ansertelefonia.com.ar\/wp-content\/uploads\/2019\/01\/atview.jpg 1984w\" sizes=\"(max-width: 129px) 100vw, 129px\" \/><\/p>\n","protected":false},"featured_media":616,"template":"","meta":[],"product_brand":[],"product_cat":[52,31,28],"product_tag":[],"class_list":{"0":"post-615","1":"product","2":"type-product","3":"status-publish","4":"has-post-thumbnail","6":"product_cat-at-view","7":"product_cat-camaras-ip","8":"product_cat-seguridad-electronica","10":"first","11":"instock","12":"taxable","13":"shipping-taxable","14":"product-type-simple"},"yoast_head":"<!-- This site is optimized with the Yoast SEO plugin v25.6 - https:\/\/yoast.com\/wordpress\/plugins\/seo\/ -->\n<title>C\u00e1mara IP HE8802IP - Anser Telefonia Importaci\u00f3n - AT View<\/title>\n<meta name=\"robots\" content=\"index, follow, max-snippet:-1, max-image-preview:large, max-video-preview:-1\" \/>\n<link rel=\"canonical\" href=\"https:\/\/ansertelefonia.com.ar\/?product=camara-ip-he8802ip\" \/>\n<meta property=\"og:locale\" content=\"es_ES\" \/>\n<meta property=\"og:type\" content=\"article\" \/>\n<meta property=\"og:title\" content=\"C\u00e1mara IP HE8802IP - Anser Telefonia Importaci\u00f3n - AT View\" \/>\n<meta property=\"og:description\" content=\"C\u00e1mara IP HE8802IP impermeable IR    Muy buena resoluci\u00f3n de d\u00eda y de noche una calidad superior a cualquier otra c\u00e1mara de rayos infrarrojos.    Detecci\u00f3n de movimiento o Compensaci\u00f3n al contraluz    Video color de imagen ajustable    B\u00fasqueda autom\u00e1tica de direcciones IP Monitorizaci\u00f3n remota, a trav\u00e9s de Internet Explorer o DVP o Sensor CMOS 1\/3&quot;.    AT View\u00a0  Importacion Directa\" \/>\n<meta property=\"og:url\" content=\"https:\/\/ansertelefonia.com.ar\/?product=camara-ip-he8802ip\" \/>\n<meta property=\"og:site_name\" content=\"Anser Telefonia Importaci\u00f3n - AT View\" \/>\n<meta property=\"article:publisher\" content=\"https:\/\/www.facebook.com\/AnsertelefoniaaATView\/\" \/>\n<meta property=\"article:modified_time\" content=\"2020-12-24T07:11:03+00:00\" \/>\n<meta property=\"og:image\" content=\"https:\/\/ansertelefonia.com.ar\/wp-content\/uploads\/2019\/01\/at-view-camara-ip-he8802ip-ansertelefonia.jpg\" \/>\n\t<meta property=\"og:image:width\" content=\"1000\" \/>\n\t<meta property=\"og:image:height\" content=\"688\" \/>\n\t<meta property=\"og:image:type\" content=\"image\/jpeg\" \/>\n<meta name=\"twitter:card\" content=\"summary_large_image\" \/>\n<script type=\"application\/ld+json\" class=\"yoast-schema-graph\">{\"@context\":\"https:\/\/schema.org\",\"@graph\":[{\"@type\":\"WebPage\",\"@id\":\"https:\/\/ansertelefonia.com.ar\/?product=camara-ip-he8802ip\",\"url\":\"https:\/\/ansertelefonia.com.ar\/?product=camara-ip-he8802ip\",\"name\":\"C\u00e1mara IP HE8802IP - Anser Telefonia Importaci\u00f3n - AT View\",\"isPartOf\":{\"@id\":\"https:\/\/ansertelefonia.com.ar\/#website\"},\"primaryImageOfPage\":{\"@id\":\"https:\/\/ansertelefonia.com.ar\/?product=camara-ip-he8802ip#primaryimage\"},\"image\":{\"@id\":\"https:\/\/ansertelefonia.com.ar\/?product=camara-ip-he8802ip#primaryimage\"},\"thumbnailUrl\":\"https:\/\/ansertelefonia.com.ar\/wp-content\/uploads\/2019\/01\/at-view-camara-ip-he8802ip-ansertelefonia.jpg\",\"datePublished\":\"2019-01-10T05:56:59+00:00\",\"dateModified\":\"2020-12-24T07:11:03+00:00\",\"breadcrumb\":{\"@id\":\"https:\/\/ansertelefonia.com.ar\/?product=camara-ip-he8802ip#breadcrumb\"},\"inLanguage\":\"es\",\"potentialAction\":[{\"@type\":\"ReadAction\",\"target\":[\"https:\/\/ansertelefonia.com.ar\/?product=camara-ip-he8802ip\"]}]},{\"@type\":\"ImageObject\",\"inLanguage\":\"es\",\"@id\":\"https:\/\/ansertelefonia.com.ar\/?product=camara-ip-he8802ip#primaryimage\",\"url\":\"https:\/\/ansertelefonia.com.ar\/wp-content\/uploads\/2019\/01\/at-view-camara-ip-he8802ip-ansertelefonia.jpg\",\"contentUrl\":\"https:\/\/ansertelefonia.com.ar\/wp-content\/uploads\/2019\/01\/at-view-camara-ip-he8802ip-ansertelefonia.jpg\",\"width\":1000,\"height\":688,\"caption\":\"C\u00e1mara de Seeguridad IP HE8802IP AT View Anser Telefonia\"},{\"@type\":\"BreadcrumbList\",\"@id\":\"https:\/\/ansertelefonia.com.ar\/?product=camara-ip-he8802ip#breadcrumb\",\"itemListElement\":[{\"@type\":\"ListItem\",\"position\":1,\"name\":\"Portada\",\"item\":\"https:\/\/ansertelefonia.com.ar\/\"},{\"@type\":\"ListItem\",\"position\":2,\"name\":\"Productos\",\"item\":\"https:\/\/ansertelefonia.com.ar\/?page_id=8\"},{\"@type\":\"ListItem\",\"position\":3,\"name\":\"C\u00e1mara IP HE8802IP\"}]},{\"@type\":\"WebSite\",\"@id\":\"https:\/\/ansertelefonia.com.ar\/#website\",\"url\":\"https:\/\/ansertelefonia.com.ar\/\",\"name\":\"Anser Telefonia Importaci\u00f3n - AT View\",\"description\":\"AT View\",\"publisher\":{\"@id\":\"https:\/\/ansertelefonia.com.ar\/#organization\"},\"potentialAction\":[{\"@type\":\"SearchAction\",\"target\":{\"@type\":\"EntryPoint\",\"urlTemplate\":\"https:\/\/ansertelefonia.com.ar\/?s={search_term_string}\"},\"query-input\":{\"@type\":\"PropertyValueSpecification\",\"valueRequired\":true,\"valueName\":\"search_term_string\"}}],\"inLanguage\":\"es\"},{\"@type\":\"Organization\",\"@id\":\"https:\/\/ansertelefonia.com.ar\/#organization\",\"name\":\"Anser Telefonia Importaci\u00f3n - AT View\",\"url\":\"https:\/\/ansertelefonia.com.ar\/\",\"logo\":{\"@type\":\"ImageObject\",\"inLanguage\":\"es\",\"@id\":\"https:\/\/ansertelefonia.com.ar\/#\/schema\/logo\/image\/\",\"url\":\"https:\/\/ansertelefonia.com.ar\/wp-content\/uploads\/2025\/01\/logo-anser.png\",\"contentUrl\":\"https:\/\/ansertelefonia.com.ar\/wp-content\/uploads\/2025\/01\/logo-anser.png\",\"width\":285,\"height\":64,\"caption\":\"Anser Telefonia Importaci\u00f3n - AT View\"},\"image\":{\"@id\":\"https:\/\/ansertelefonia.com.ar\/#\/schema\/logo\/image\/\"},\"sameAs\":[\"https:\/\/www.facebook.com\/AnsertelefoniaaATView\/\",\"https:\/\/www.instagram.com\/ansertelefonia\/\",\"https:\/\/api.whatsapp.com\/send\/?phone=5493413899983&text&type=phone_number&app_absent=0\"]}]}<\/script>\n<!-- \/ Yoast SEO plugin. -->","yoast_head_json":{"title":"C\u00e1mara IP HE8802IP - Anser Telefonia Importaci\u00f3n - AT View","robots":{"index":"index","follow":"follow","max-snippet":"max-snippet:-1","max-image-preview":"max-image-preview:large","max-video-preview":"max-video-preview:-1"},"canonical":"https:\/\/ansertelefonia.com.ar\/?product=camara-ip-he8802ip","og_locale":"es_ES","og_type":"article","og_title":"C\u00e1mara IP HE8802IP - Anser Telefonia Importaci\u00f3n - AT View","og_description":"C\u00e1mara IP HE8802IP impermeable IR    Muy buena resoluci\u00f3n de d\u00eda y de noche una calidad superior a cualquier otra c\u00e1mara de rayos infrarrojos.    Detecci\u00f3n de movimiento o Compensaci\u00f3n al contraluz    Video color de imagen ajustable    B\u00fasqueda autom\u00e1tica de direcciones IP Monitorizaci\u00f3n remota, a trav\u00e9s de Internet Explorer o DVP o Sensor CMOS 1\/3\".    AT View\u00a0  Importacion Directa","og_url":"https:\/\/ansertelefonia.com.ar\/?product=camara-ip-he8802ip","og_site_name":"Anser Telefonia Importaci\u00f3n - AT View","article_publisher":"https:\/\/www.facebook.com\/AnsertelefoniaaATView\/","article_modified_time":"2020-12-24T07:11:03+00:00","og_image":[{"width":1000,"height":688,"url":"https:\/\/ansertelefonia.com.ar\/wp-content\/uploads\/2019\/01\/at-view-camara-ip-he8802ip-ansertelefonia.jpg","type":"image\/jpeg"}],"twitter_card":"summary_large_image","schema":{"@context":"https:\/\/schema.org","@graph":[{"@type":"WebPage","@id":"https:\/\/ansertelefonia.com.ar\/?product=camara-ip-he8802ip","url":"https:\/\/ansertelefonia.com.ar\/?product=camara-ip-he8802ip","name":"C\u00e1mara IP HE8802IP - Anser Telefonia Importaci\u00f3n - AT View","isPartOf":{"@id":"https:\/\/ansertelefonia.com.ar\/#website"},"primaryImageOfPage":{"@id":"https:\/\/ansertelefonia.com.ar\/?product=camara-ip-he8802ip#primaryimage"},"image":{"@id":"https:\/\/ansertelefonia.com.ar\/?product=camara-ip-he8802ip#primaryimage"},"thumbnailUrl":"https:\/\/ansertelefonia.com.ar\/wp-content\/uploads\/2019\/01\/at-view-camara-ip-he8802ip-ansertelefonia.jpg","datePublished":"2019-01-10T05:56:59+00:00","dateModified":"2020-12-24T07:11:03+00:00","breadcrumb":{"@id":"https:\/\/ansertelefonia.com.ar\/?product=camara-ip-he8802ip#breadcrumb"},"inLanguage":"es","potentialAction":[{"@type":"ReadAction","target":["https:\/\/ansertelefonia.com.ar\/?product=camara-ip-he8802ip"]}]},{"@type":"ImageObject","inLanguage":"es","@id":"https:\/\/ansertelefonia.com.ar\/?product=camara-ip-he8802ip#primaryimage","url":"https:\/\/ansertelefonia.com.ar\/wp-content\/uploads\/2019\/01\/at-view-camara-ip-he8802ip-ansertelefonia.jpg","contentUrl":"https:\/\/ansertelefonia.com.ar\/wp-content\/uploads\/2019\/01\/at-view-camara-ip-he8802ip-ansertelefonia.jpg","width":1000,"height":688,"caption":"C\u00e1mara de Seeguridad IP HE8802IP AT View Anser Telefonia"},{"@type":"BreadcrumbList","@id":"https:\/\/ansertelefonia.com.ar\/?product=camara-ip-he8802ip#breadcrumb","itemListElement":[{"@type":"ListItem","position":1,"name":"Portada","item":"https:\/\/ansertelefonia.com.ar\/"},{"@type":"ListItem","position":2,"name":"Productos","item":"https:\/\/ansertelefonia.com.ar\/?page_id=8"},{"@type":"ListItem","position":3,"name":"C\u00e1mara IP HE8802IP"}]},{"@type":"WebSite","@id":"https:\/\/ansertelefonia.com.ar\/#website","url":"https:\/\/ansertelefonia.com.ar\/","name":"Anser Telefonia Importaci\u00f3n - AT View","description":"AT View","publisher":{"@id":"https:\/\/ansertelefonia.com.ar\/#organization"},"potentialAction":[{"@type":"SearchAction","target":{"@type":"EntryPoint","urlTemplate":"https:\/\/ansertelefonia.com.ar\/?s={search_term_string}"},"query-input":{"@type":"PropertyValueSpecification","valueRequired":true,"valueName":"search_term_string"}}],"inLanguage":"es"},{"@type":"Organization","@id":"https:\/\/ansertelefonia.com.ar\/#organization","name":"Anser Telefonia Importaci\u00f3n - AT View","url":"https:\/\/ansertelefonia.com.ar\/","logo":{"@type":"ImageObject","inLanguage":"es","@id":"https:\/\/ansertelefonia.com.ar\/#\/schema\/logo\/image\/","url":"https:\/\/ansertelefonia.com.ar\/wp-content\/uploads\/2025\/01\/logo-anser.png","contentUrl":"https:\/\/ansertelefonia.com.ar\/wp-content\/uploads\/2025\/01\/logo-anser.png","width":285,"height":64,"caption":"Anser Telefonia Importaci\u00f3n - AT View"},"image":{"@id":"https:\/\/ansertelefonia.com.ar\/#\/schema\/logo\/image\/"},"sameAs":["https:\/\/www.facebook.com\/AnsertelefoniaaATView\/","https:\/\/www.instagram.com\/ansertelefonia\/","https:\/\/api.whatsapp.com\/send\/?phone=5493413899983&text&type=phone_number&app_absent=0"]}]}},"_links":{"self":[{"href":"https:\/\/ansertelefonia.com.ar\/index.php?rest_route=\/wp\/v2\/product\/615"}],"collection":[{"href":"https:\/\/ansertelefonia.com.ar\/index.php?rest_route=\/wp\/v2\/product"}],"about":[{"href":"https:\/\/ansertelefonia.com.ar\/index.php?rest_route=\/wp\/v2\/types\/product"}],"wp:featuredmedia":[{"embeddable":true,"href":"https:\/\/ansertelefonia.com.ar\/index.php?rest_route=\/wp\/v2\/media\/616"}],"wp:attachment":[{"href":"https:\/\/ansertelefonia.com.ar\/index.php?rest_route=%2Fwp%2Fv2%2Fmedia&parent=615"}],"wp:term":[{"taxonomy":"product_brand","embeddable":true,"href":"https:\/\/ansertelefonia.com.ar\/index.php?rest_route=%2Fwp%2Fv2%2Fproduct_brand&post=615"},{"taxonomy":"product_cat","embeddable":true,"href":"https:\/\/ansertelefonia.com.ar\/index.php?rest_route=%2Fwp%2Fv2%2Fproduct_cat&post=615"},{"taxonomy":"product_tag","embeddable":true,"href":"https:\/\/ansertelefonia.com.ar\/index.php?rest_route=%2Fwp%2Fv2%2Fproduct_tag&post=615"}],"curies":[{"name":"wp","href":"https:\/\/api.w.org\/{rel}","templated":true}]}}