{"id":576,"date":"2019-01-06T22:48:03","date_gmt":"2019-01-07T01:48:03","guid":{"rendered":"https:\/\/ansertelefonia.com.ar\/?post_type=product&#038;p=576"},"modified":"2026-05-09T18:10:19","modified_gmt":"2026-05-09T21:10:19","slug":"camara-at-1014","status":"publish","type":"product","link":"https:\/\/ansertelefonia.com.ar\/?product=camara-at-1014","title":{"rendered":"Camara AT 1014"},"content":{"rendered":"<p>Especificaciones: Dispositivo de imagen CMOS Formato de TV PAL \/ NTSC N\u00famero de Pixel 720P Resoluci\u00f3n 1000 l\u00edneas de TV Sync.System Interna LED IR 24 LEDs Alcance efectivo IR Hasta 15 metros Iluminaci\u00f3n m\u00ednima 0Lux (IR ON) LEN 2.8 \/ 3.6mm lente fija Clasificaci\u00f3n IP IP66 AGC AUTO S \/ N Ratio \u226550dB Smart Control Luz S\u00cd Ganar control Auto Balance blanco Auto (2500 \u00b0 K ~ 9500 \u00b0 K) Obturador electr\u00f3nico Auto E obturaci\u00f3n: 1\/60 (1\/50) ~ 1\/100000 Sec (PAL) 1\/60 ~ -1 \/ 120000 Sec (NTSC) Compensaci\u00f3n de contraluz AUTO Salida de v\u00eddeo 1,0 Vp-p 75o compuesto Consumo de energ\u00eda 400mA Fuente de alimentaci\u00f3n DC12V Temp de la operaci\u00f3n -10 \u00b0 C ~ + 50 \u00b0 C<\/p>\n","protected":false},"excerpt":{"rendered":"<p>AHD 720P 1MEGPIXEL CMOS 1000TVL 500meter TRANSMITIR.<\/p>\n<p>Adoptar alto rendimiento del procesador DSP APTINA<\/p>\n<p>Sensor CMOS de alto rendimiento, alto grado de reproducci\u00f3n del color, alta sensibilidad, alta resoluci\u00f3n de imagen, la imagen es hermosa, exquisita calidad.<\/p>\n<p>iluminaci\u00f3n baja\u00a0de filtro IR CUT Soporte &#8211; funci\u00f3n de conmutaci\u00f3n, la vigilancia d\u00eda y noche IR LED: 24LED distancia de la visi\u00f3n nocturna del IR 15 metros\u00a0de la lente est\u00e1ndar: 2,8 \/ 3,6 mm lente fija; Soporte incluido; cable incorporado en el dise\u00f1o del soporte\u00a0 IP66, conveniente para el uso al aire libre, f\u00e1cil para la instalaci\u00f3n<\/p>\n<hr \/>\n<p><strong>AT View<\/strong><\/p>\n<p><strong>Importacion Directa<\/strong><\/p>\n<hr \/>\n<p><img decoding=\"async\" class=\"alignleft wp-image-535\" src=\"https:\/\/ansertelefonia.com.ar\/wp-content\/uploads\/2019\/01\/atview-300x107.jpg\" alt=\"\" width=\"140\" height=\"50\" srcset=\"https:\/\/ansertelefonia.com.ar\/wp-content\/uploads\/2019\/01\/atview-300x107.jpg 300w, https:\/\/ansertelefonia.com.ar\/wp-content\/uploads\/2019\/01\/atview-768x274.jpg 768w, https:\/\/ansertelefonia.com.ar\/wp-content\/uploads\/2019\/01\/atview-1024x366.jpg 1024w, https:\/\/ansertelefonia.com.ar\/wp-content\/uploads\/2019\/01\/atview-600x214.jpg 600w, https:\/\/ansertelefonia.com.ar\/wp-content\/uploads\/2019\/01\/atview.jpg 1984w\" sizes=\"(max-width: 140px) 100vw, 140px\" \/><\/p>\n","protected":false},"featured_media":598,"template":"","meta":[],"product_brand":[],"product_cat":[52,30,28],"product_tag":[],"class_list":{"0":"post-576","1":"product","2":"type-product","3":"status-publish","4":"has-post-thumbnail","6":"product_cat-at-view","7":"product_cat-camaras-de-seguridad","8":"product_cat-seguridad-electronica","10":"first","11":"outofstock","12":"taxable","13":"shipping-taxable","14":"product-type-simple"},"yoast_head":"<!-- This site is optimized with the Yoast SEO plugin v25.6 - https:\/\/yoast.com\/wordpress\/plugins\/seo\/ -->\n<title>Camara AT 1014 - Anser Telefonia Importaci\u00f3n - AT View Rosario<\/title>\n<meta name=\"description\" content=\"DSP APTINASensor CMOS de alto rendimiento, alto grado de reproducci\u00f3n del color, alta sensibilidad, alta resoluci\u00f3n de imagen, la imagen es hermosa, exquisita calidad.\" \/>\n<meta name=\"robots\" content=\"index, follow, max-snippet:-1, max-image-preview:large, max-video-preview:-1\" \/>\n<link rel=\"canonical\" href=\"https:\/\/ansertelefonia.com.ar\/?product=camara-at-1014\" \/>\n<meta property=\"og:locale\" content=\"es_ES\" \/>\n<meta property=\"og:type\" content=\"article\" \/>\n<meta property=\"og:title\" content=\"Camara AT 1014 - Anser Telefonia Importaci\u00f3n - AT View Rosario\" \/>\n<meta property=\"og:description\" content=\"DSP APTINASensor CMOS de alto rendimiento, alto grado de reproducci\u00f3n del color, alta sensibilidad, alta resoluci\u00f3n de imagen, la imagen es hermosa, exquisita calidad.\" \/>\n<meta property=\"og:url\" content=\"https:\/\/ansertelefonia.com.ar\/?product=camara-at-1014\" \/>\n<meta property=\"og:site_name\" content=\"Anser Telefonia Importaci\u00f3n - AT View\" \/>\n<meta property=\"article:publisher\" content=\"https:\/\/www.facebook.com\/AnsertelefoniaaATView\/\" \/>\n<meta property=\"article:modified_time\" content=\"2026-05-09T21:10:19+00:00\" \/>\n<meta property=\"og:image\" content=\"https:\/\/ansertelefonia.com.ar\/wp-content\/uploads\/2019\/01\/at-view-at-1014-ansertelefonia.jpg\" \/>\n\t<meta property=\"og:image:width\" content=\"1000\" \/>\n\t<meta property=\"og:image:height\" content=\"1000\" \/>\n\t<meta property=\"og:image:type\" content=\"image\/jpeg\" \/>\n<meta name=\"twitter:card\" content=\"summary_large_image\" \/>\n<meta name=\"twitter:label1\" content=\"Tiempo de lectura\" \/>\n\t<meta name=\"twitter:data1\" content=\"1 minuto\" \/>\n<script type=\"application\/ld+json\" class=\"yoast-schema-graph\">{\"@context\":\"https:\/\/schema.org\",\"@graph\":[{\"@type\":\"WebPage\",\"@id\":\"https:\/\/ansertelefonia.com.ar\/?product=camara-at-1014\",\"url\":\"https:\/\/ansertelefonia.com.ar\/?product=camara-at-1014\",\"name\":\"Camara AT 1014 - Anser Telefonia Importaci\u00f3n - AT View Rosario\",\"isPartOf\":{\"@id\":\"https:\/\/ansertelefonia.com.ar\/#website\"},\"primaryImageOfPage\":{\"@id\":\"https:\/\/ansertelefonia.com.ar\/?product=camara-at-1014#primaryimage\"},\"image\":{\"@id\":\"https:\/\/ansertelefonia.com.ar\/?product=camara-at-1014#primaryimage\"},\"thumbnailUrl\":\"https:\/\/ansertelefonia.com.ar\/wp-content\/uploads\/2019\/01\/at-view-at-1014-ansertelefonia.jpg\",\"datePublished\":\"2019-01-07T01:48:03+00:00\",\"dateModified\":\"2026-05-09T21:10:19+00:00\",\"description\":\"DSP APTINASensor CMOS de alto rendimiento, alto grado de reproducci\u00f3n del color, alta sensibilidad, alta resoluci\u00f3n de imagen, la imagen es hermosa, exquisita calidad.\",\"breadcrumb\":{\"@id\":\"https:\/\/ansertelefonia.com.ar\/?product=camara-at-1014#breadcrumb\"},\"inLanguage\":\"es\",\"potentialAction\":[{\"@type\":\"ReadAction\",\"target\":[\"https:\/\/ansertelefonia.com.ar\/?product=camara-at-1014\"]}]},{\"@type\":\"ImageObject\",\"inLanguage\":\"es\",\"@id\":\"https:\/\/ansertelefonia.com.ar\/?product=camara-at-1014#primaryimage\",\"url\":\"https:\/\/ansertelefonia.com.ar\/wp-content\/uploads\/2019\/01\/at-view-at-1014-ansertelefonia.jpg\",\"contentUrl\":\"https:\/\/ansertelefonia.com.ar\/wp-content\/uploads\/2019\/01\/at-view-at-1014-ansertelefonia.jpg\",\"width\":1000,\"height\":1000,\"caption\":\"Camara de Seguridad AT 1014 Anser Telefonia\"},{\"@type\":\"BreadcrumbList\",\"@id\":\"https:\/\/ansertelefonia.com.ar\/?product=camara-at-1014#breadcrumb\",\"itemListElement\":[{\"@type\":\"ListItem\",\"position\":1,\"name\":\"Portada\",\"item\":\"https:\/\/ansertelefonia.com.ar\/\"},{\"@type\":\"ListItem\",\"position\":2,\"name\":\"Productos\",\"item\":\"https:\/\/ansertelefonia.com.ar\/?page_id=8\"},{\"@type\":\"ListItem\",\"position\":3,\"name\":\"Camara AT 1014\"}]},{\"@type\":\"WebSite\",\"@id\":\"https:\/\/ansertelefonia.com.ar\/#website\",\"url\":\"https:\/\/ansertelefonia.com.ar\/\",\"name\":\"Anser Telefonia Importaci\u00f3n - AT View\",\"description\":\"AT View\",\"publisher\":{\"@id\":\"https:\/\/ansertelefonia.com.ar\/#organization\"},\"potentialAction\":[{\"@type\":\"SearchAction\",\"target\":{\"@type\":\"EntryPoint\",\"urlTemplate\":\"https:\/\/ansertelefonia.com.ar\/?s={search_term_string}\"},\"query-input\":{\"@type\":\"PropertyValueSpecification\",\"valueRequired\":true,\"valueName\":\"search_term_string\"}}],\"inLanguage\":\"es\"},{\"@type\":\"Organization\",\"@id\":\"https:\/\/ansertelefonia.com.ar\/#organization\",\"name\":\"Anser Telefonia Importaci\u00f3n - AT View\",\"url\":\"https:\/\/ansertelefonia.com.ar\/\",\"logo\":{\"@type\":\"ImageObject\",\"inLanguage\":\"es\",\"@id\":\"https:\/\/ansertelefonia.com.ar\/#\/schema\/logo\/image\/\",\"url\":\"https:\/\/ansertelefonia.com.ar\/wp-content\/uploads\/2025\/01\/logo-anser.png\",\"contentUrl\":\"https:\/\/ansertelefonia.com.ar\/wp-content\/uploads\/2025\/01\/logo-anser.png\",\"width\":285,\"height\":64,\"caption\":\"Anser Telefonia Importaci\u00f3n - AT View\"},\"image\":{\"@id\":\"https:\/\/ansertelefonia.com.ar\/#\/schema\/logo\/image\/\"},\"sameAs\":[\"https:\/\/www.facebook.com\/AnsertelefoniaaATView\/\",\"https:\/\/www.instagram.com\/ansertelefonia\/\",\"https:\/\/api.whatsapp.com\/send\/?phone=5493413899983&text&type=phone_number&app_absent=0\"]}]}<\/script>\n<!-- \/ Yoast SEO plugin. -->","yoast_head_json":{"title":"Camara AT 1014 - Anser Telefonia Importaci\u00f3n - AT View Rosario","description":"DSP APTINASensor CMOS de alto rendimiento, alto grado de reproducci\u00f3n del color, alta sensibilidad, alta resoluci\u00f3n de imagen, la imagen es hermosa, exquisita calidad.","robots":{"index":"index","follow":"follow","max-snippet":"max-snippet:-1","max-image-preview":"max-image-preview:large","max-video-preview":"max-video-preview:-1"},"canonical":"https:\/\/ansertelefonia.com.ar\/?product=camara-at-1014","og_locale":"es_ES","og_type":"article","og_title":"Camara AT 1014 - Anser Telefonia Importaci\u00f3n - AT View Rosario","og_description":"DSP APTINASensor CMOS de alto rendimiento, alto grado de reproducci\u00f3n del color, alta sensibilidad, alta resoluci\u00f3n de imagen, la imagen es hermosa, exquisita calidad.","og_url":"https:\/\/ansertelefonia.com.ar\/?product=camara-at-1014","og_site_name":"Anser Telefonia Importaci\u00f3n - AT View","article_publisher":"https:\/\/www.facebook.com\/AnsertelefoniaaATView\/","article_modified_time":"2026-05-09T21:10:19+00:00","og_image":[{"width":1000,"height":1000,"url":"https:\/\/ansertelefonia.com.ar\/wp-content\/uploads\/2019\/01\/at-view-at-1014-ansertelefonia.jpg","type":"image\/jpeg"}],"twitter_card":"summary_large_image","twitter_misc":{"Tiempo de lectura":"1 minuto"},"schema":{"@context":"https:\/\/schema.org","@graph":[{"@type":"WebPage","@id":"https:\/\/ansertelefonia.com.ar\/?product=camara-at-1014","url":"https:\/\/ansertelefonia.com.ar\/?product=camara-at-1014","name":"Camara AT 1014 - Anser Telefonia Importaci\u00f3n - AT View Rosario","isPartOf":{"@id":"https:\/\/ansertelefonia.com.ar\/#website"},"primaryImageOfPage":{"@id":"https:\/\/ansertelefonia.com.ar\/?product=camara-at-1014#primaryimage"},"image":{"@id":"https:\/\/ansertelefonia.com.ar\/?product=camara-at-1014#primaryimage"},"thumbnailUrl":"https:\/\/ansertelefonia.com.ar\/wp-content\/uploads\/2019\/01\/at-view-at-1014-ansertelefonia.jpg","datePublished":"2019-01-07T01:48:03+00:00","dateModified":"2026-05-09T21:10:19+00:00","description":"DSP APTINASensor CMOS de alto rendimiento, alto grado de reproducci\u00f3n del color, alta sensibilidad, alta resoluci\u00f3n de imagen, la imagen es hermosa, exquisita calidad.","breadcrumb":{"@id":"https:\/\/ansertelefonia.com.ar\/?product=camara-at-1014#breadcrumb"},"inLanguage":"es","potentialAction":[{"@type":"ReadAction","target":["https:\/\/ansertelefonia.com.ar\/?product=camara-at-1014"]}]},{"@type":"ImageObject","inLanguage":"es","@id":"https:\/\/ansertelefonia.com.ar\/?product=camara-at-1014#primaryimage","url":"https:\/\/ansertelefonia.com.ar\/wp-content\/uploads\/2019\/01\/at-view-at-1014-ansertelefonia.jpg","contentUrl":"https:\/\/ansertelefonia.com.ar\/wp-content\/uploads\/2019\/01\/at-view-at-1014-ansertelefonia.jpg","width":1000,"height":1000,"caption":"Camara de Seguridad AT 1014 Anser Telefonia"},{"@type":"BreadcrumbList","@id":"https:\/\/ansertelefonia.com.ar\/?product=camara-at-1014#breadcrumb","itemListElement":[{"@type":"ListItem","position":1,"name":"Portada","item":"https:\/\/ansertelefonia.com.ar\/"},{"@type":"ListItem","position":2,"name":"Productos","item":"https:\/\/ansertelefonia.com.ar\/?page_id=8"},{"@type":"ListItem","position":3,"name":"Camara AT 1014"}]},{"@type":"WebSite","@id":"https:\/\/ansertelefonia.com.ar\/#website","url":"https:\/\/ansertelefonia.com.ar\/","name":"Anser Telefonia Importaci\u00f3n - AT View","description":"AT View","publisher":{"@id":"https:\/\/ansertelefonia.com.ar\/#organization"},"potentialAction":[{"@type":"SearchAction","target":{"@type":"EntryPoint","urlTemplate":"https:\/\/ansertelefonia.com.ar\/?s={search_term_string}"},"query-input":{"@type":"PropertyValueSpecification","valueRequired":true,"valueName":"search_term_string"}}],"inLanguage":"es"},{"@type":"Organization","@id":"https:\/\/ansertelefonia.com.ar\/#organization","name":"Anser Telefonia Importaci\u00f3n - AT View","url":"https:\/\/ansertelefonia.com.ar\/","logo":{"@type":"ImageObject","inLanguage":"es","@id":"https:\/\/ansertelefonia.com.ar\/#\/schema\/logo\/image\/","url":"https:\/\/ansertelefonia.com.ar\/wp-content\/uploads\/2025\/01\/logo-anser.png","contentUrl":"https:\/\/ansertelefonia.com.ar\/wp-content\/uploads\/2025\/01\/logo-anser.png","width":285,"height":64,"caption":"Anser Telefonia Importaci\u00f3n - AT View"},"image":{"@id":"https:\/\/ansertelefonia.com.ar\/#\/schema\/logo\/image\/"},"sameAs":["https:\/\/www.facebook.com\/AnsertelefoniaaATView\/","https:\/\/www.instagram.com\/ansertelefonia\/","https:\/\/api.whatsapp.com\/send\/?phone=5493413899983&text&type=phone_number&app_absent=0"]}]}},"_links":{"self":[{"href":"https:\/\/ansertelefonia.com.ar\/index.php?rest_route=\/wp\/v2\/product\/576"}],"collection":[{"href":"https:\/\/ansertelefonia.com.ar\/index.php?rest_route=\/wp\/v2\/product"}],"about":[{"href":"https:\/\/ansertelefonia.com.ar\/index.php?rest_route=\/wp\/v2\/types\/product"}],"wp:featuredmedia":[{"embeddable":true,"href":"https:\/\/ansertelefonia.com.ar\/index.php?rest_route=\/wp\/v2\/media\/598"}],"wp:attachment":[{"href":"https:\/\/ansertelefonia.com.ar\/index.php?rest_route=%2Fwp%2Fv2%2Fmedia&parent=576"}],"wp:term":[{"taxonomy":"product_brand","embeddable":true,"href":"https:\/\/ansertelefonia.com.ar\/index.php?rest_route=%2Fwp%2Fv2%2Fproduct_brand&post=576"},{"taxonomy":"product_cat","embeddable":true,"href":"https:\/\/ansertelefonia.com.ar\/index.php?rest_route=%2Fwp%2Fv2%2Fproduct_cat&post=576"},{"taxonomy":"product_tag","embeddable":true,"href":"https:\/\/ansertelefonia.com.ar\/index.php?rest_route=%2Fwp%2Fv2%2Fproduct_tag&post=576"}],"curies":[{"name":"wp","href":"https:\/\/api.w.org\/{rel}","templated":true}]}}