{"id":560,"date":"2019-01-06T20:39:54","date_gmt":"2019-01-06T23:39:54","guid":{"rendered":"https:\/\/ansertelefonia.com.ar\/?post_type=product&#038;p=560"},"modified":"2024-03-13T22:45:50","modified_gmt":"2024-03-14T01:45:50","slug":"camara-p2p-ip-at-4010","status":"publish","type":"product","link":"https:\/\/ansertelefonia.com.ar\/?product=camara-p2p-ip-at-4010","title":{"rendered":"Camara P2P IP Wi-Fi  AT 4010"},"content":{"rendered":"<p>Voltear im\u00e1genes espejo Vertical \/ Horizontal 50 Hz de frecuencia de luz, 60Hz o al aire libre.<\/p>\n<p>\u00c1ngulo de rotaci\u00f3n \/: 355 \u00b0, inclinaci\u00f3n: 90 \u00b0 Velocidad 10 Nivel velocidad PT Opcional rotaci\u00f3n, Rango de velocidad 5-50 \u00b0 \/ segundo Soporte presenta 16 posiciones predefinidas Ethernet Red Uno 10 \/ 100Mbps RJ-45 Apoyado protocolo HTTP, FTP, TCP \/ IP, UDP, SMTP, DHCP, PPPoE, DDNS, UPnP, etc.<\/p>\n<p>inal\u00e1mbrico IEEE 802.11b \/ g \/ n Seguridad inal\u00e1mbrica WEP, WPA, WPA2 Energ\u00eda DC5V 2A.(no inlcuida) Temperatura de trabajo -10 ~ 50 \u00b0 C Humedad de trabajo 95% de humedad relativa. Tama\u00f1o del art\u00edculo: 100 mm x 100 mm x 125 mm (Alto x Ancho x) Tama\u00f1o del embalaje: 182mm x 110mm x 149mm (LxWxH). Peso NW: 350g GW: 600g (Nota: Final del peso real)<\/p>\n","protected":false},"excerpt":{"rendered":"<p>Lente Est\u00e1ndar: 3,6 mm. AT view. V\u00eddeo Compresi\u00f3n de imagen MJPEG 25fps para im\u00e1genes de tarifas (50Hz), 30fps (60Hz). Resoluci\u00f3n 640 x 480 (VGA), 320 x 240 (QVGA).<\/p>\n<hr \/>\n<p>Noche Visibilidad 10 \u03a65 IR LED, Visibilidad de la noche hasta 10 metros.<\/p>\n<hr \/>\n<p>Entrada \/ salida de audio: incorporado Micr\u00f3fono \/ Altavoz.<\/p>\n<hr \/>\n<p>Compresi\u00f3n de audio ADPCM Ganancia de audio AGC Audio. Interfaz de audio IN \/ salida de audio Pan Tilt Pan.<\/p>\n<hr \/>\n<p>Direcci\u00f3n IP Modo IP din\u00e1mica, direcci\u00f3n IP est\u00e1tica, PPPoE. Soporta 4 visitantes en linea al mismo tiempo.<\/p>\n<hr \/>\n<p>Detecci\u00f3n de movimiento de alarma, movimiento detecta sensibilidad puede ser ajustada Alarma acci\u00f3n de apoyo por correo electr\u00f3nico la foto, la foto del ftp, etc.<\/p>\n<hr \/>\n<p>Sistema Sistemas operativos soportados Microsoft Win98 SE \/ ME \/ 2000 \/ XP \/ Vista \/ Windows7 32 bits \/ Mac OS. Navegador IE6.0, IE7.0, IE8.0, Firefox, Google u otro navegador est\u00e1ndar<\/p>\n<hr \/>\n<p><strong>AT View\u00a0<\/strong><\/p>\n<p><strong>Importacion Directa<\/strong><\/p>\n<hr \/>\n<p><img decoding=\"async\" class=\"wp-image-535 alignleft\" src=\"https:\/\/ansertelefonia.com.ar\/wp-content\/uploads\/2019\/01\/atview-300x107.jpg\" alt=\"\" width=\"138\" height=\"49\" srcset=\"https:\/\/ansertelefonia.com.ar\/wp-content\/uploads\/2019\/01\/atview-300x107.jpg 300w, https:\/\/ansertelefonia.com.ar\/wp-content\/uploads\/2019\/01\/atview-768x274.jpg 768w, https:\/\/ansertelefonia.com.ar\/wp-content\/uploads\/2019\/01\/atview-1024x366.jpg 1024w, https:\/\/ansertelefonia.com.ar\/wp-content\/uploads\/2019\/01\/atview-600x214.jpg 600w, https:\/\/ansertelefonia.com.ar\/wp-content\/uploads\/2019\/01\/atview.jpg 1984w\" sizes=\"(max-width: 138px) 100vw, 138px\" \/><\/p>\n","protected":false},"featured_media":587,"template":"","meta":[],"product_brand":[],"product_cat":[52,31,28],"product_tag":[],"class_list":{"0":"post-560","1":"product","2":"type-product","3":"status-publish","4":"has-post-thumbnail","6":"product_cat-at-view","7":"product_cat-camaras-ip","8":"product_cat-seguridad-electronica","10":"first","11":"outofstock","12":"taxable","13":"shipping-taxable","14":"product-type-simple"},"yoast_head":"<!-- This site is optimized with the Yoast SEO plugin v25.6 - https:\/\/yoast.com\/wordpress\/plugins\/seo\/ -->\n<title>Camara P2P IP Wi-Fi AT 4010 - Anser Telefonia Importaci\u00f3n - AT View Rosario<\/title>\n<meta name=\"description\" content=\"V\u00eddeo Compresi\u00f3n de imagen MJPEG 25fps para im\u00e1genes de tarifas (50Hz), 30fps (60Hz). Resoluci\u00f3n 640 x 480 (VGA), 320 x 240 (QVGA)\" \/>\n<meta name=\"robots\" content=\"index, follow, max-snippet:-1, max-image-preview:large, max-video-preview:-1\" \/>\n<link rel=\"canonical\" href=\"https:\/\/ansertelefonia.com.ar\/?product=camara-p2p-ip-at-4010\" \/>\n<meta property=\"og:locale\" content=\"es_ES\" \/>\n<meta property=\"og:type\" content=\"article\" \/>\n<meta property=\"og:title\" content=\"Camara P2P IP Wi-Fi AT 4010 - Anser Telefonia Importaci\u00f3n - AT View Rosario\" \/>\n<meta property=\"og:description\" content=\"V\u00eddeo Compresi\u00f3n de imagen MJPEG 25fps para im\u00e1genes de tarifas (50Hz), 30fps (60Hz). Resoluci\u00f3n 640 x 480 (VGA), 320 x 240 (QVGA)\" \/>\n<meta property=\"og:url\" content=\"https:\/\/ansertelefonia.com.ar\/?product=camara-p2p-ip-at-4010\" \/>\n<meta property=\"og:site_name\" content=\"Anser Telefonia Importaci\u00f3n - AT View\" \/>\n<meta property=\"article:publisher\" content=\"https:\/\/www.facebook.com\/AnsertelefoniaaATView\/\" \/>\n<meta property=\"article:modified_time\" content=\"2024-03-14T01:45:50+00:00\" \/>\n<meta property=\"og:image\" content=\"https:\/\/ansertelefonia.com.ar\/wp-content\/uploads\/2019\/01\/at-view-at-4010-ansertelefonia.jpg\" \/>\n\t<meta property=\"og:image:width\" content=\"1000\" \/>\n\t<meta property=\"og:image:height\" content=\"1000\" \/>\n\t<meta property=\"og:image:type\" content=\"image\/jpeg\" \/>\n<meta name=\"twitter:card\" content=\"summary_large_image\" \/>\n<meta name=\"twitter:label1\" content=\"Tiempo de lectura\" \/>\n\t<meta name=\"twitter:data1\" content=\"1 minuto\" \/>\n<script type=\"application\/ld+json\" class=\"yoast-schema-graph\">{\"@context\":\"https:\/\/schema.org\",\"@graph\":[{\"@type\":\"WebPage\",\"@id\":\"https:\/\/ansertelefonia.com.ar\/?product=camara-p2p-ip-at-4010\",\"url\":\"https:\/\/ansertelefonia.com.ar\/?product=camara-p2p-ip-at-4010\",\"name\":\"Camara P2P IP Wi-Fi AT 4010 - Anser Telefonia Importaci\u00f3n - AT View Rosario\",\"isPartOf\":{\"@id\":\"https:\/\/ansertelefonia.com.ar\/#website\"},\"primaryImageOfPage\":{\"@id\":\"https:\/\/ansertelefonia.com.ar\/?product=camara-p2p-ip-at-4010#primaryimage\"},\"image\":{\"@id\":\"https:\/\/ansertelefonia.com.ar\/?product=camara-p2p-ip-at-4010#primaryimage\"},\"thumbnailUrl\":\"https:\/\/ansertelefonia.com.ar\/wp-content\/uploads\/2019\/01\/at-view-at-4010-ansertelefonia.jpg\",\"datePublished\":\"2019-01-06T23:39:54+00:00\",\"dateModified\":\"2024-03-14T01:45:50+00:00\",\"description\":\"V\u00eddeo Compresi\u00f3n de imagen MJPEG 25fps para im\u00e1genes de tarifas (50Hz), 30fps (60Hz). Resoluci\u00f3n 640 x 480 (VGA), 320 x 240 (QVGA)\",\"breadcrumb\":{\"@id\":\"https:\/\/ansertelefonia.com.ar\/?product=camara-p2p-ip-at-4010#breadcrumb\"},\"inLanguage\":\"es\",\"potentialAction\":[{\"@type\":\"ReadAction\",\"target\":[\"https:\/\/ansertelefonia.com.ar\/?product=camara-p2p-ip-at-4010\"]}]},{\"@type\":\"ImageObject\",\"inLanguage\":\"es\",\"@id\":\"https:\/\/ansertelefonia.com.ar\/?product=camara-p2p-ip-at-4010#primaryimage\",\"url\":\"https:\/\/ansertelefonia.com.ar\/wp-content\/uploads\/2019\/01\/at-view-at-4010-ansertelefonia.jpg\",\"contentUrl\":\"https:\/\/ansertelefonia.com.ar\/wp-content\/uploads\/2019\/01\/at-view-at-4010-ansertelefonia.jpg\",\"width\":1000,\"height\":1000,\"caption\":\"Camara de Seguridad Rosario P2P IP AT 4010 Anser Telefonia\"},{\"@type\":\"BreadcrumbList\",\"@id\":\"https:\/\/ansertelefonia.com.ar\/?product=camara-p2p-ip-at-4010#breadcrumb\",\"itemListElement\":[{\"@type\":\"ListItem\",\"position\":1,\"name\":\"Portada\",\"item\":\"https:\/\/ansertelefonia.com.ar\/\"},{\"@type\":\"ListItem\",\"position\":2,\"name\":\"Productos\",\"item\":\"https:\/\/ansertelefonia.com.ar\/?page_id=8\"},{\"@type\":\"ListItem\",\"position\":3,\"name\":\"Camara P2P IP Wi-Fi AT 4010\"}]},{\"@type\":\"WebSite\",\"@id\":\"https:\/\/ansertelefonia.com.ar\/#website\",\"url\":\"https:\/\/ansertelefonia.com.ar\/\",\"name\":\"Anser Telefonia Importaci\u00f3n - AT View\",\"description\":\"AT View\",\"publisher\":{\"@id\":\"https:\/\/ansertelefonia.com.ar\/#organization\"},\"potentialAction\":[{\"@type\":\"SearchAction\",\"target\":{\"@type\":\"EntryPoint\",\"urlTemplate\":\"https:\/\/ansertelefonia.com.ar\/?s={search_term_string}\"},\"query-input\":{\"@type\":\"PropertyValueSpecification\",\"valueRequired\":true,\"valueName\":\"search_term_string\"}}],\"inLanguage\":\"es\"},{\"@type\":\"Organization\",\"@id\":\"https:\/\/ansertelefonia.com.ar\/#organization\",\"name\":\"Anser Telefonia Importaci\u00f3n - AT View\",\"url\":\"https:\/\/ansertelefonia.com.ar\/\",\"logo\":{\"@type\":\"ImageObject\",\"inLanguage\":\"es\",\"@id\":\"https:\/\/ansertelefonia.com.ar\/#\/schema\/logo\/image\/\",\"url\":\"https:\/\/ansertelefonia.com.ar\/wp-content\/uploads\/2025\/01\/logo-anser.png\",\"contentUrl\":\"https:\/\/ansertelefonia.com.ar\/wp-content\/uploads\/2025\/01\/logo-anser.png\",\"width\":285,\"height\":64,\"caption\":\"Anser Telefonia Importaci\u00f3n - AT View\"},\"image\":{\"@id\":\"https:\/\/ansertelefonia.com.ar\/#\/schema\/logo\/image\/\"},\"sameAs\":[\"https:\/\/www.facebook.com\/AnsertelefoniaaATView\/\",\"https:\/\/www.instagram.com\/ansertelefonia\/\",\"https:\/\/api.whatsapp.com\/send\/?phone=5493413899983&text&type=phone_number&app_absent=0\"]}]}<\/script>\n<!-- \/ Yoast SEO plugin. -->","yoast_head_json":{"title":"Camara P2P IP Wi-Fi AT 4010 - Anser Telefonia Importaci\u00f3n - AT View Rosario","description":"V\u00eddeo Compresi\u00f3n de imagen MJPEG 25fps para im\u00e1genes de tarifas (50Hz), 30fps (60Hz). Resoluci\u00f3n 640 x 480 (VGA), 320 x 240 (QVGA)","robots":{"index":"index","follow":"follow","max-snippet":"max-snippet:-1","max-image-preview":"max-image-preview:large","max-video-preview":"max-video-preview:-1"},"canonical":"https:\/\/ansertelefonia.com.ar\/?product=camara-p2p-ip-at-4010","og_locale":"es_ES","og_type":"article","og_title":"Camara P2P IP Wi-Fi AT 4010 - Anser Telefonia Importaci\u00f3n - AT View Rosario","og_description":"V\u00eddeo Compresi\u00f3n de imagen MJPEG 25fps para im\u00e1genes de tarifas (50Hz), 30fps (60Hz). Resoluci\u00f3n 640 x 480 (VGA), 320 x 240 (QVGA)","og_url":"https:\/\/ansertelefonia.com.ar\/?product=camara-p2p-ip-at-4010","og_site_name":"Anser Telefonia Importaci\u00f3n - AT View","article_publisher":"https:\/\/www.facebook.com\/AnsertelefoniaaATView\/","article_modified_time":"2024-03-14T01:45:50+00:00","og_image":[{"width":1000,"height":1000,"url":"https:\/\/ansertelefonia.com.ar\/wp-content\/uploads\/2019\/01\/at-view-at-4010-ansertelefonia.jpg","type":"image\/jpeg"}],"twitter_card":"summary_large_image","twitter_misc":{"Tiempo de lectura":"1 minuto"},"schema":{"@context":"https:\/\/schema.org","@graph":[{"@type":"WebPage","@id":"https:\/\/ansertelefonia.com.ar\/?product=camara-p2p-ip-at-4010","url":"https:\/\/ansertelefonia.com.ar\/?product=camara-p2p-ip-at-4010","name":"Camara P2P IP Wi-Fi AT 4010 - Anser Telefonia Importaci\u00f3n - AT View Rosario","isPartOf":{"@id":"https:\/\/ansertelefonia.com.ar\/#website"},"primaryImageOfPage":{"@id":"https:\/\/ansertelefonia.com.ar\/?product=camara-p2p-ip-at-4010#primaryimage"},"image":{"@id":"https:\/\/ansertelefonia.com.ar\/?product=camara-p2p-ip-at-4010#primaryimage"},"thumbnailUrl":"https:\/\/ansertelefonia.com.ar\/wp-content\/uploads\/2019\/01\/at-view-at-4010-ansertelefonia.jpg","datePublished":"2019-01-06T23:39:54+00:00","dateModified":"2024-03-14T01:45:50+00:00","description":"V\u00eddeo Compresi\u00f3n de imagen MJPEG 25fps para im\u00e1genes de tarifas (50Hz), 30fps (60Hz). Resoluci\u00f3n 640 x 480 (VGA), 320 x 240 (QVGA)","breadcrumb":{"@id":"https:\/\/ansertelefonia.com.ar\/?product=camara-p2p-ip-at-4010#breadcrumb"},"inLanguage":"es","potentialAction":[{"@type":"ReadAction","target":["https:\/\/ansertelefonia.com.ar\/?product=camara-p2p-ip-at-4010"]}]},{"@type":"ImageObject","inLanguage":"es","@id":"https:\/\/ansertelefonia.com.ar\/?product=camara-p2p-ip-at-4010#primaryimage","url":"https:\/\/ansertelefonia.com.ar\/wp-content\/uploads\/2019\/01\/at-view-at-4010-ansertelefonia.jpg","contentUrl":"https:\/\/ansertelefonia.com.ar\/wp-content\/uploads\/2019\/01\/at-view-at-4010-ansertelefonia.jpg","width":1000,"height":1000,"caption":"Camara de Seguridad Rosario P2P IP AT 4010 Anser Telefonia"},{"@type":"BreadcrumbList","@id":"https:\/\/ansertelefonia.com.ar\/?product=camara-p2p-ip-at-4010#breadcrumb","itemListElement":[{"@type":"ListItem","position":1,"name":"Portada","item":"https:\/\/ansertelefonia.com.ar\/"},{"@type":"ListItem","position":2,"name":"Productos","item":"https:\/\/ansertelefonia.com.ar\/?page_id=8"},{"@type":"ListItem","position":3,"name":"Camara P2P IP Wi-Fi AT 4010"}]},{"@type":"WebSite","@id":"https:\/\/ansertelefonia.com.ar\/#website","url":"https:\/\/ansertelefonia.com.ar\/","name":"Anser Telefonia Importaci\u00f3n - AT View","description":"AT View","publisher":{"@id":"https:\/\/ansertelefonia.com.ar\/#organization"},"potentialAction":[{"@type":"SearchAction","target":{"@type":"EntryPoint","urlTemplate":"https:\/\/ansertelefonia.com.ar\/?s={search_term_string}"},"query-input":{"@type":"PropertyValueSpecification","valueRequired":true,"valueName":"search_term_string"}}],"inLanguage":"es"},{"@type":"Organization","@id":"https:\/\/ansertelefonia.com.ar\/#organization","name":"Anser Telefonia Importaci\u00f3n - AT View","url":"https:\/\/ansertelefonia.com.ar\/","logo":{"@type":"ImageObject","inLanguage":"es","@id":"https:\/\/ansertelefonia.com.ar\/#\/schema\/logo\/image\/","url":"https:\/\/ansertelefonia.com.ar\/wp-content\/uploads\/2025\/01\/logo-anser.png","contentUrl":"https:\/\/ansertelefonia.com.ar\/wp-content\/uploads\/2025\/01\/logo-anser.png","width":285,"height":64,"caption":"Anser Telefonia Importaci\u00f3n - AT View"},"image":{"@id":"https:\/\/ansertelefonia.com.ar\/#\/schema\/logo\/image\/"},"sameAs":["https:\/\/www.facebook.com\/AnsertelefoniaaATView\/","https:\/\/www.instagram.com\/ansertelefonia\/","https:\/\/api.whatsapp.com\/send\/?phone=5493413899983&text&type=phone_number&app_absent=0"]}]}},"_links":{"self":[{"href":"https:\/\/ansertelefonia.com.ar\/index.php?rest_route=\/wp\/v2\/product\/560"}],"collection":[{"href":"https:\/\/ansertelefonia.com.ar\/index.php?rest_route=\/wp\/v2\/product"}],"about":[{"href":"https:\/\/ansertelefonia.com.ar\/index.php?rest_route=\/wp\/v2\/types\/product"}],"wp:featuredmedia":[{"embeddable":true,"href":"https:\/\/ansertelefonia.com.ar\/index.php?rest_route=\/wp\/v2\/media\/587"}],"wp:attachment":[{"href":"https:\/\/ansertelefonia.com.ar\/index.php?rest_route=%2Fwp%2Fv2%2Fmedia&parent=560"}],"wp:term":[{"taxonomy":"product_brand","embeddable":true,"href":"https:\/\/ansertelefonia.com.ar\/index.php?rest_route=%2Fwp%2Fv2%2Fproduct_brand&post=560"},{"taxonomy":"product_cat","embeddable":true,"href":"https:\/\/ansertelefonia.com.ar\/index.php?rest_route=%2Fwp%2Fv2%2Fproduct_cat&post=560"},{"taxonomy":"product_tag","embeddable":true,"href":"https:\/\/ansertelefonia.com.ar\/index.php?rest_route=%2Fwp%2Fv2%2Fproduct_tag&post=560"}],"curies":[{"name":"wp","href":"https:\/\/api.w.org\/{rel}","templated":true}]}}