{"id":213,"date":"2018-11-23T11:43:58","date_gmt":"2018-11-23T14:43:58","guid":{"rendered":"https:\/\/ansertelefonia.com.ar\/producto\/import-placeholder-for-2502\/"},"modified":"2020-12-24T04:42:53","modified_gmt":"2020-12-24T07:42:53","slug":"central-telefonica-nec-sv8100","status":"publish","type":"product","link":"https:\/\/ansertelefonia.com.ar\/?product=central-telefonica-nec-sv8100","title":{"rendered":"Central Telefonica Nec Sv8100"},"content":{"rendered":"","protected":false},"excerpt":{"rendered":"<p>El sistema VS 8100 de Nec es ideal para empresas de mediano porte que quieren competir y aumentar sus negocios a trav\u00e9s del tiempo. Es una robusta y completa soluci\u00f3n totalmente escalable y puede ser expandida para satisfacer las necesidades actuales de comunicaci\u00f3n y futuras. Brinda un completo juego de aplicaciones avanzadas y un potente conjunto de funciones para colaborar con el avance del negocio. Soporta todos los m\u00e9todos de comunicaciones IP, TDM, Video, inal\u00e1mbricos y al\u00e1mbricos. Sus recursos pueden ser compartidos en forma transparente entre sucursales u oficinas colocando en red varios sistemas VS 8100. Compatible con el sistema operativo OPERA.<\/p>\n","protected":false},"featured_media":283,"template":"","meta":[],"product_brand":[],"product_cat":[35,42],"product_tag":[],"class_list":{"0":"post-213","1":"product","2":"type-product","3":"status-publish","4":"has-post-thumbnail","6":"product_cat-telefonia","7":"product_cat-telefonia-ip","9":"first","10":"outofstock","11":"featured","12":"taxable","13":"shipping-taxable","14":"product-type-simple"},"yoast_head":"<!-- This site is optimized with the Yoast SEO plugin v25.6 - https:\/\/yoast.com\/wordpress\/plugins\/seo\/ -->\n<title>Central Telefonica Nec Sv8100 - Anser Telefonia Importaci\u00f3n - AT View<\/title>\n<meta name=\"robots\" content=\"index, follow, max-snippet:-1, max-image-preview:large, max-video-preview:-1\" \/>\n<link rel=\"canonical\" href=\"https:\/\/ansertelefonia.com.ar\/?product=central-telefonica-nec-sv8100\" \/>\n<meta property=\"og:locale\" content=\"es_ES\" \/>\n<meta property=\"og:type\" content=\"article\" \/>\n<meta property=\"og:title\" content=\"Central Telefonica Nec Sv8100 - Anser Telefonia Importaci\u00f3n - AT View\" \/>\n<meta property=\"og:description\" content=\"El sistema VS 8100 de Nec es ideal para empresas de mediano porte que quieren competir y aumentar sus negocios a trav\u00e9s del tiempo. Es una robusta y completa soluci\u00f3n totalmente escalable y puede ser expandida para satisfacer las necesidades actuales de comunicaci\u00f3n y futuras. Brinda un completo juego de aplicaciones avanzadas y un potente conjunto de funciones para colaborar con el avance del negocio. Soporta todos los m\u00e9todos de comunicaciones IP, TDM, Video, inal\u00e1mbricos y al\u00e1mbricos. Sus recursos pueden ser compartidos en forma transparente entre sucursales u oficinas colocando en red varios sistemas VS 8100. Compatible con el sistema operativo OPERA.\" \/>\n<meta property=\"og:url\" content=\"https:\/\/ansertelefonia.com.ar\/?product=central-telefonica-nec-sv8100\" \/>\n<meta property=\"og:site_name\" content=\"Anser Telefonia Importaci\u00f3n - AT View\" \/>\n<meta property=\"article:publisher\" content=\"https:\/\/www.facebook.com\/AnsertelefoniaaATView\/\" \/>\n<meta property=\"article:modified_time\" content=\"2020-12-24T07:42:53+00:00\" \/>\n<meta property=\"og:image\" content=\"https:\/\/ansertelefonia.com.ar\/wp-content\/uploads\/2018\/11\/p_02-42.png\" \/>\n\t<meta property=\"og:image:width\" content=\"400\" \/>\n\t<meta property=\"og:image:height\" content=\"400\" \/>\n\t<meta property=\"og:image:type\" content=\"image\/png\" \/>\n<meta name=\"twitter:card\" content=\"summary_large_image\" \/>\n<script type=\"application\/ld+json\" class=\"yoast-schema-graph\">{\"@context\":\"https:\/\/schema.org\",\"@graph\":[{\"@type\":\"WebPage\",\"@id\":\"https:\/\/ansertelefonia.com.ar\/?product=central-telefonica-nec-sv8100\",\"url\":\"https:\/\/ansertelefonia.com.ar\/?product=central-telefonica-nec-sv8100\",\"name\":\"Central Telefonica Nec Sv8100 - Anser Telefonia Importaci\u00f3n - AT View\",\"isPartOf\":{\"@id\":\"https:\/\/ansertelefonia.com.ar\/#website\"},\"primaryImageOfPage\":{\"@id\":\"https:\/\/ansertelefonia.com.ar\/?product=central-telefonica-nec-sv8100#primaryimage\"},\"image\":{\"@id\":\"https:\/\/ansertelefonia.com.ar\/?product=central-telefonica-nec-sv8100#primaryimage\"},\"thumbnailUrl\":\"https:\/\/ansertelefonia.com.ar\/wp-content\/uploads\/2018\/11\/p_02-42.png\",\"datePublished\":\"2018-11-23T14:43:58+00:00\",\"dateModified\":\"2020-12-24T07:42:53+00:00\",\"breadcrumb\":{\"@id\":\"https:\/\/ansertelefonia.com.ar\/?product=central-telefonica-nec-sv8100#breadcrumb\"},\"inLanguage\":\"es\",\"potentialAction\":[{\"@type\":\"ReadAction\",\"target\":[\"https:\/\/ansertelefonia.com.ar\/?product=central-telefonica-nec-sv8100\"]}]},{\"@type\":\"ImageObject\",\"inLanguage\":\"es\",\"@id\":\"https:\/\/ansertelefonia.com.ar\/?product=central-telefonica-nec-sv8100#primaryimage\",\"url\":\"https:\/\/ansertelefonia.com.ar\/wp-content\/uploads\/2018\/11\/p_02-42.png\",\"contentUrl\":\"https:\/\/ansertelefonia.com.ar\/wp-content\/uploads\/2018\/11\/p_02-42.png\",\"width\":400,\"height\":400,\"caption\":\"Central Telefonica Nec Sv8100 Anser Telefonia\"},{\"@type\":\"BreadcrumbList\",\"@id\":\"https:\/\/ansertelefonia.com.ar\/?product=central-telefonica-nec-sv8100#breadcrumb\",\"itemListElement\":[{\"@type\":\"ListItem\",\"position\":1,\"name\":\"Portada\",\"item\":\"https:\/\/ansertelefonia.com.ar\/\"},{\"@type\":\"ListItem\",\"position\":2,\"name\":\"Productos\",\"item\":\"https:\/\/ansertelefonia.com.ar\/?page_id=8\"},{\"@type\":\"ListItem\",\"position\":3,\"name\":\"Central Telefonica Nec Sv8100\"}]},{\"@type\":\"WebSite\",\"@id\":\"https:\/\/ansertelefonia.com.ar\/#website\",\"url\":\"https:\/\/ansertelefonia.com.ar\/\",\"name\":\"Anser Telefonia Importaci\u00f3n - AT View\",\"description\":\"AT View\",\"publisher\":{\"@id\":\"https:\/\/ansertelefonia.com.ar\/#organization\"},\"potentialAction\":[{\"@type\":\"SearchAction\",\"target\":{\"@type\":\"EntryPoint\",\"urlTemplate\":\"https:\/\/ansertelefonia.com.ar\/?s={search_term_string}\"},\"query-input\":{\"@type\":\"PropertyValueSpecification\",\"valueRequired\":true,\"valueName\":\"search_term_string\"}}],\"inLanguage\":\"es\"},{\"@type\":\"Organization\",\"@id\":\"https:\/\/ansertelefonia.com.ar\/#organization\",\"name\":\"Anser Telefonia Importaci\u00f3n - AT View\",\"url\":\"https:\/\/ansertelefonia.com.ar\/\",\"logo\":{\"@type\":\"ImageObject\",\"inLanguage\":\"es\",\"@id\":\"https:\/\/ansertelefonia.com.ar\/#\/schema\/logo\/image\/\",\"url\":\"https:\/\/ansertelefonia.com.ar\/wp-content\/uploads\/2025\/01\/logo-anser.png\",\"contentUrl\":\"https:\/\/ansertelefonia.com.ar\/wp-content\/uploads\/2025\/01\/logo-anser.png\",\"width\":285,\"height\":64,\"caption\":\"Anser Telefonia Importaci\u00f3n - AT View\"},\"image\":{\"@id\":\"https:\/\/ansertelefonia.com.ar\/#\/schema\/logo\/image\/\"},\"sameAs\":[\"https:\/\/www.facebook.com\/AnsertelefoniaaATView\/\",\"https:\/\/www.instagram.com\/ansertelefonia\/\",\"https:\/\/api.whatsapp.com\/send\/?phone=5493413899983&text&type=phone_number&app_absent=0\"]}]}<\/script>\n<!-- \/ Yoast SEO plugin. -->","yoast_head_json":{"title":"Central Telefonica Nec Sv8100 - Anser Telefonia Importaci\u00f3n - AT View","robots":{"index":"index","follow":"follow","max-snippet":"max-snippet:-1","max-image-preview":"max-image-preview:large","max-video-preview":"max-video-preview:-1"},"canonical":"https:\/\/ansertelefonia.com.ar\/?product=central-telefonica-nec-sv8100","og_locale":"es_ES","og_type":"article","og_title":"Central Telefonica Nec Sv8100 - Anser Telefonia Importaci\u00f3n - AT View","og_description":"El sistema VS 8100 de Nec es ideal para empresas de mediano porte que quieren competir y aumentar sus negocios a trav\u00e9s del tiempo. Es una robusta y completa soluci\u00f3n totalmente escalable y puede ser expandida para satisfacer las necesidades actuales de comunicaci\u00f3n y futuras. Brinda un completo juego de aplicaciones avanzadas y un potente conjunto de funciones para colaborar con el avance del negocio. Soporta todos los m\u00e9todos de comunicaciones IP, TDM, Video, inal\u00e1mbricos y al\u00e1mbricos. Sus recursos pueden ser compartidos en forma transparente entre sucursales u oficinas colocando en red varios sistemas VS 8100. Compatible con el sistema operativo OPERA.","og_url":"https:\/\/ansertelefonia.com.ar\/?product=central-telefonica-nec-sv8100","og_site_name":"Anser Telefonia Importaci\u00f3n - AT View","article_publisher":"https:\/\/www.facebook.com\/AnsertelefoniaaATView\/","article_modified_time":"2020-12-24T07:42:53+00:00","og_image":[{"width":400,"height":400,"url":"https:\/\/ansertelefonia.com.ar\/wp-content\/uploads\/2018\/11\/p_02-42.png","type":"image\/png"}],"twitter_card":"summary_large_image","schema":{"@context":"https:\/\/schema.org","@graph":[{"@type":"WebPage","@id":"https:\/\/ansertelefonia.com.ar\/?product=central-telefonica-nec-sv8100","url":"https:\/\/ansertelefonia.com.ar\/?product=central-telefonica-nec-sv8100","name":"Central Telefonica Nec Sv8100 - Anser Telefonia Importaci\u00f3n - AT View","isPartOf":{"@id":"https:\/\/ansertelefonia.com.ar\/#website"},"primaryImageOfPage":{"@id":"https:\/\/ansertelefonia.com.ar\/?product=central-telefonica-nec-sv8100#primaryimage"},"image":{"@id":"https:\/\/ansertelefonia.com.ar\/?product=central-telefonica-nec-sv8100#primaryimage"},"thumbnailUrl":"https:\/\/ansertelefonia.com.ar\/wp-content\/uploads\/2018\/11\/p_02-42.png","datePublished":"2018-11-23T14:43:58+00:00","dateModified":"2020-12-24T07:42:53+00:00","breadcrumb":{"@id":"https:\/\/ansertelefonia.com.ar\/?product=central-telefonica-nec-sv8100#breadcrumb"},"inLanguage":"es","potentialAction":[{"@type":"ReadAction","target":["https:\/\/ansertelefonia.com.ar\/?product=central-telefonica-nec-sv8100"]}]},{"@type":"ImageObject","inLanguage":"es","@id":"https:\/\/ansertelefonia.com.ar\/?product=central-telefonica-nec-sv8100#primaryimage","url":"https:\/\/ansertelefonia.com.ar\/wp-content\/uploads\/2018\/11\/p_02-42.png","contentUrl":"https:\/\/ansertelefonia.com.ar\/wp-content\/uploads\/2018\/11\/p_02-42.png","width":400,"height":400,"caption":"Central Telefonica Nec Sv8100 Anser Telefonia"},{"@type":"BreadcrumbList","@id":"https:\/\/ansertelefonia.com.ar\/?product=central-telefonica-nec-sv8100#breadcrumb","itemListElement":[{"@type":"ListItem","position":1,"name":"Portada","item":"https:\/\/ansertelefonia.com.ar\/"},{"@type":"ListItem","position":2,"name":"Productos","item":"https:\/\/ansertelefonia.com.ar\/?page_id=8"},{"@type":"ListItem","position":3,"name":"Central Telefonica Nec Sv8100"}]},{"@type":"WebSite","@id":"https:\/\/ansertelefonia.com.ar\/#website","url":"https:\/\/ansertelefonia.com.ar\/","name":"Anser Telefonia Importaci\u00f3n - AT View","description":"AT View","publisher":{"@id":"https:\/\/ansertelefonia.com.ar\/#organization"},"potentialAction":[{"@type":"SearchAction","target":{"@type":"EntryPoint","urlTemplate":"https:\/\/ansertelefonia.com.ar\/?s={search_term_string}"},"query-input":{"@type":"PropertyValueSpecification","valueRequired":true,"valueName":"search_term_string"}}],"inLanguage":"es"},{"@type":"Organization","@id":"https:\/\/ansertelefonia.com.ar\/#organization","name":"Anser Telefonia Importaci\u00f3n - AT View","url":"https:\/\/ansertelefonia.com.ar\/","logo":{"@type":"ImageObject","inLanguage":"es","@id":"https:\/\/ansertelefonia.com.ar\/#\/schema\/logo\/image\/","url":"https:\/\/ansertelefonia.com.ar\/wp-content\/uploads\/2025\/01\/logo-anser.png","contentUrl":"https:\/\/ansertelefonia.com.ar\/wp-content\/uploads\/2025\/01\/logo-anser.png","width":285,"height":64,"caption":"Anser Telefonia Importaci\u00f3n - AT View"},"image":{"@id":"https:\/\/ansertelefonia.com.ar\/#\/schema\/logo\/image\/"},"sameAs":["https:\/\/www.facebook.com\/AnsertelefoniaaATView\/","https:\/\/www.instagram.com\/ansertelefonia\/","https:\/\/api.whatsapp.com\/send\/?phone=5493413899983&text&type=phone_number&app_absent=0"]}]}},"_links":{"self":[{"href":"https:\/\/ansertelefonia.com.ar\/index.php?rest_route=\/wp\/v2\/product\/213"}],"collection":[{"href":"https:\/\/ansertelefonia.com.ar\/index.php?rest_route=\/wp\/v2\/product"}],"about":[{"href":"https:\/\/ansertelefonia.com.ar\/index.php?rest_route=\/wp\/v2\/types\/product"}],"wp:featuredmedia":[{"embeddable":true,"href":"https:\/\/ansertelefonia.com.ar\/index.php?rest_route=\/wp\/v2\/media\/283"}],"wp:attachment":[{"href":"https:\/\/ansertelefonia.com.ar\/index.php?rest_route=%2Fwp%2Fv2%2Fmedia&parent=213"}],"wp:term":[{"taxonomy":"product_brand","embeddable":true,"href":"https:\/\/ansertelefonia.com.ar\/index.php?rest_route=%2Fwp%2Fv2%2Fproduct_brand&post=213"},{"taxonomy":"product_cat","embeddable":true,"href":"https:\/\/ansertelefonia.com.ar\/index.php?rest_route=%2Fwp%2Fv2%2Fproduct_cat&post=213"},{"taxonomy":"product_tag","embeddable":true,"href":"https:\/\/ansertelefonia.com.ar\/index.php?rest_route=%2Fwp%2Fv2%2Fproduct_tag&post=213"}],"curies":[{"name":"wp","href":"https:\/\/api.w.org\/{rel}","templated":true}]}}