{"id":1563,"date":"2021-04-09T11:28:40","date_gmt":"2021-04-09T14:28:40","guid":{"rendered":"https:\/\/ansertelefonia.com.ar\/?post_type=product&#038;p=1563"},"modified":"2025-10-01T10:33:46","modified_gmt":"2025-10-01T13:33:46","slug":"camara-ip-p2p-at-4020","status":"publish","type":"product","link":"https:\/\/ansertelefonia.com.ar\/?product=camara-ip-p2p-at-4020","title":{"rendered":"Camara IP WiFi  P2P  AT 4020"},"content":{"rendered":"<p>Descripci\u00f3n del Art\u00edculo<br \/>\nWIFI movimiento 270\u00ba PTZ<\/p>\n<p>Audio de doble via<\/p>\n<p>Waterprroof IR C\u00e1mara impermeable IP65 WIFI IP Mini c\u00e1mara de velocidad PTZ<\/p>\n<p>Sensor de imagen: CMOS C de escaneo progresivo de 2MP<\/p>\n<p>Sistema de se\u00f1al: PAL \/ NTSC<\/p>\n<p>Lente: lente de 3.6 mm<\/p>\n<p>Montaje de la lente: M12<\/p>\n<p>D\u00eda y noche: filtro de corte IR con interruptor autom\u00e1tico<\/p>\n<p>Compresi\u00f3n de video: H.264 \/ MJPEG<\/p>\n<p>Velocidad de bits de video 32 Kbps ~ 8 Mbps<\/p>\n<p>Corrientes triples: No<\/p>\n<p>Max. Resoluci\u00f3n de imagen: 1920\u00d71080<\/p>\n<p>Velocidad de fotogramas: 1080P a 6 fps<\/p>\n<p>Funci\u00f3n general: Admite\u00a0 tarjeta SD exterior, la m\u00e1s grande puede admitir 128 GB, admite detecci\u00f3n de movimiento, activaci\u00f3n y conexi\u00f3n de alarma, instant\u00e1nea JPEG, admite el centro de aplicaciones iCSee<br \/>\nCompatibilidad del sistema: soporte WiFi<br \/>\nCondiciones de funcionamiento: -10 \u00b0 C ~ 60 \u00b0 C (14 \u00b0 F ~ 140 \u00b0 F) B20 Humedad 90% o menos (sin condensaci\u00f3n)<br \/>\nFuente de alimentaci\u00f3n: micro USB de 5 V<br \/>\nPrueba de intemperie: IP65<br \/>\nRango de infrarrojos: hasta 15 m<br \/>\nDimensiones: 109 \u00d7 83 mm<br \/>\nPeso: 800g<\/p>\n","protected":false},"excerpt":{"rendered":"<p><strong>Lente Est\u00e1ndar: 3,6 mm. AT view. V\u00eddeo Compresi\u00f3n de imagen MJPEG 25fps para im\u00e1genes de tarifas (50Hz), 30fps (60Hz). Resoluci\u00f3n 1920 x 1080\u00a0 \u00a02.0MP<\/strong><\/p>\n<hr \/>\n<p>Noche Visibilidad 11 IR LED, Visibilidad de la noche hasta 15 metros.<\/p>\n<hr \/>\n<p>Entrada \/ salida de audio: incorporado Micr\u00f3fono \/ Altavoz.<\/p>\n<hr \/>\n<p>Compresi\u00f3n de audio ADPCM Ganancia de audio AGC Audio. Interfaz de audio IN \/ salida de audio Pan Tilt Pan.<\/p>\n<hr \/>\n<p>Direcci\u00f3n IP Modo IP din\u00e1mica, direcci\u00f3n IP est\u00e1tica, PPPoE. Soporta\u00a0 5 visitantes en linea al mismo tiempo.<\/p>\n<hr \/>\n<p>Detecci\u00f3n de movimiento de alarma, movimiento detecta sensibilidad puede ser ajustada Alarma acci\u00f3n de apoyo por correo electr\u00f3nico la foto, la foto del ftp, etc.<\/p>\n<hr \/>\n<p>Admite\u00a0 tarjeta SD exterior, la m\u00e1s grande puede admitir 128 GB, admite detecci\u00f3n de movimiento, activaci\u00f3n y conexi\u00f3n de alarma, instant\u00e1nea JPEG, admite\u00a0 APP\u00a0 YooSee<br \/>\nCompatibilidad del sistema: soporte WiFi<\/p>\n<hr \/>\n<p><strong>AT View\u00a0<\/strong><\/p>\n<p><strong>Importacion Directa<\/strong><\/p>\n<hr \/>\n<p><img decoding=\"async\" class=\"wp-image-535 alignleft\" src=\"https:\/\/ansertelefonia.com.ar\/wp-content\/uploads\/2019\/01\/atview-300x107.jpg\" alt=\"\" width=\"138\" height=\"49\" srcset=\"https:\/\/ansertelefonia.com.ar\/wp-content\/uploads\/2019\/01\/atview-300x107.jpg 300w, https:\/\/ansertelefonia.com.ar\/wp-content\/uploads\/2019\/01\/atview-768x274.jpg 768w, https:\/\/ansertelefonia.com.ar\/wp-content\/uploads\/2019\/01\/atview-1024x366.jpg 1024w, https:\/\/ansertelefonia.com.ar\/wp-content\/uploads\/2019\/01\/atview-600x214.jpg 600w, https:\/\/ansertelefonia.com.ar\/wp-content\/uploads\/2019\/01\/atview.jpg 1984w\" sizes=\"(max-width: 138px) 100vw, 138px\" \/><\/p>\n","protected":false},"featured_media":1564,"template":"","meta":[],"product_brand":[],"product_cat":[52,30,31],"product_tag":[],"class_list":{"0":"post-1563","1":"product","2":"type-product","3":"status-publish","4":"has-post-thumbnail","6":"product_cat-at-view","7":"product_cat-camaras-de-seguridad","8":"product_cat-camaras-ip","10":"first","11":"outofstock","12":"taxable","13":"shipping-taxable","14":"product-type-simple"},"yoast_head":"<!-- This site is optimized with the Yoast SEO plugin v25.6 - https:\/\/yoast.com\/wordpress\/plugins\/seo\/ -->\n<title>Camara IP WiFi P2P AT 4020 - Anser Telefonia Importaci\u00f3n - AT View Rosario<\/title>\n<meta name=\"description\" content=\"Camara IP para la seguridad de tu hogar o Edificio. Facil instalacion y excelente calidad. Se pueden ver desde el telefono.\" \/>\n<meta name=\"robots\" content=\"index, follow, max-snippet:-1, max-image-preview:large, max-video-preview:-1\" \/>\n<link rel=\"canonical\" href=\"https:\/\/ansertelefonia.com.ar\/?product=camara-ip-p2p-at-4020\" \/>\n<meta property=\"og:locale\" content=\"es_ES\" \/>\n<meta property=\"og:type\" content=\"article\" \/>\n<meta property=\"og:title\" content=\"Camara IP WiFi P2P AT 4020 - Anser Telefonia Importaci\u00f3n - AT View Rosario\" \/>\n<meta property=\"og:description\" content=\"Camara IP para la seguridad de tu hogar o Edificio. Facil instalacion y excelente calidad. Se pueden ver desde el telefono.\" \/>\n<meta property=\"og:url\" content=\"https:\/\/ansertelefonia.com.ar\/?product=camara-ip-p2p-at-4020\" \/>\n<meta property=\"og:site_name\" content=\"Anser Telefonia Importaci\u00f3n - AT View\" \/>\n<meta property=\"article:publisher\" content=\"https:\/\/www.facebook.com\/AnsertelefoniaaATView\/\" \/>\n<meta property=\"article:modified_time\" content=\"2025-10-01T13:33:46+00:00\" \/>\n<meta property=\"og:image\" content=\"https:\/\/ansertelefonia.com.ar\/wp-content\/uploads\/2021\/04\/camara-at-view-4020.jpg\" \/>\n\t<meta property=\"og:image:width\" content=\"1000\" \/>\n\t<meta property=\"og:image:height\" content=\"1363\" \/>\n\t<meta property=\"og:image:type\" content=\"image\/jpeg\" \/>\n<meta name=\"twitter:card\" content=\"summary_large_image\" \/>\n<meta name=\"twitter:label1\" content=\"Tiempo de lectura\" \/>\n\t<meta name=\"twitter:data1\" content=\"1 minuto\" \/>\n<script type=\"application\/ld+json\" class=\"yoast-schema-graph\">{\"@context\":\"https:\/\/schema.org\",\"@graph\":[{\"@type\":\"WebPage\",\"@id\":\"https:\/\/ansertelefonia.com.ar\/?product=camara-ip-p2p-at-4020\",\"url\":\"https:\/\/ansertelefonia.com.ar\/?product=camara-ip-p2p-at-4020\",\"name\":\"Camara IP WiFi P2P AT 4020 - Anser Telefonia Importaci\u00f3n - AT View Rosario\",\"isPartOf\":{\"@id\":\"https:\/\/ansertelefonia.com.ar\/#website\"},\"primaryImageOfPage\":{\"@id\":\"https:\/\/ansertelefonia.com.ar\/?product=camara-ip-p2p-at-4020#primaryimage\"},\"image\":{\"@id\":\"https:\/\/ansertelefonia.com.ar\/?product=camara-ip-p2p-at-4020#primaryimage\"},\"thumbnailUrl\":\"https:\/\/ansertelefonia.com.ar\/wp-content\/uploads\/2021\/04\/camara-at-view-4020.jpg\",\"datePublished\":\"2021-04-09T14:28:40+00:00\",\"dateModified\":\"2025-10-01T13:33:46+00:00\",\"description\":\"Camara IP para la seguridad de tu hogar o Edificio. Facil instalacion y excelente calidad. Se pueden ver desde el telefono.\",\"breadcrumb\":{\"@id\":\"https:\/\/ansertelefonia.com.ar\/?product=camara-ip-p2p-at-4020#breadcrumb\"},\"inLanguage\":\"es\",\"potentialAction\":[{\"@type\":\"ReadAction\",\"target\":[\"https:\/\/ansertelefonia.com.ar\/?product=camara-ip-p2p-at-4020\"]}]},{\"@type\":\"ImageObject\",\"inLanguage\":\"es\",\"@id\":\"https:\/\/ansertelefonia.com.ar\/?product=camara-ip-p2p-at-4020#primaryimage\",\"url\":\"https:\/\/ansertelefonia.com.ar\/wp-content\/uploads\/2021\/04\/camara-at-view-4020.jpg\",\"contentUrl\":\"https:\/\/ansertelefonia.com.ar\/wp-content\/uploads\/2021\/04\/camara-at-view-4020.jpg\",\"width\":1000,\"height\":1363,\"caption\":\"camara-ip-p2p-wifi-at-view-rosario\"},{\"@type\":\"BreadcrumbList\",\"@id\":\"https:\/\/ansertelefonia.com.ar\/?product=camara-ip-p2p-at-4020#breadcrumb\",\"itemListElement\":[{\"@type\":\"ListItem\",\"position\":1,\"name\":\"Portada\",\"item\":\"https:\/\/ansertelefonia.com.ar\/\"},{\"@type\":\"ListItem\",\"position\":2,\"name\":\"Productos\",\"item\":\"https:\/\/ansertelefonia.com.ar\/?page_id=8\"},{\"@type\":\"ListItem\",\"position\":3,\"name\":\"Camara IP WiFi P2P AT 4020\"}]},{\"@type\":\"WebSite\",\"@id\":\"https:\/\/ansertelefonia.com.ar\/#website\",\"url\":\"https:\/\/ansertelefonia.com.ar\/\",\"name\":\"Anser Telefonia Importaci\u00f3n - AT View\",\"description\":\"AT View\",\"publisher\":{\"@id\":\"https:\/\/ansertelefonia.com.ar\/#organization\"},\"potentialAction\":[{\"@type\":\"SearchAction\",\"target\":{\"@type\":\"EntryPoint\",\"urlTemplate\":\"https:\/\/ansertelefonia.com.ar\/?s={search_term_string}\"},\"query-input\":{\"@type\":\"PropertyValueSpecification\",\"valueRequired\":true,\"valueName\":\"search_term_string\"}}],\"inLanguage\":\"es\"},{\"@type\":\"Organization\",\"@id\":\"https:\/\/ansertelefonia.com.ar\/#organization\",\"name\":\"Anser Telefonia Importaci\u00f3n - AT View\",\"url\":\"https:\/\/ansertelefonia.com.ar\/\",\"logo\":{\"@type\":\"ImageObject\",\"inLanguage\":\"es\",\"@id\":\"https:\/\/ansertelefonia.com.ar\/#\/schema\/logo\/image\/\",\"url\":\"https:\/\/ansertelefonia.com.ar\/wp-content\/uploads\/2025\/01\/logo-anser.png\",\"contentUrl\":\"https:\/\/ansertelefonia.com.ar\/wp-content\/uploads\/2025\/01\/logo-anser.png\",\"width\":285,\"height\":64,\"caption\":\"Anser Telefonia Importaci\u00f3n - AT View\"},\"image\":{\"@id\":\"https:\/\/ansertelefonia.com.ar\/#\/schema\/logo\/image\/\"},\"sameAs\":[\"https:\/\/www.facebook.com\/AnsertelefoniaaATView\/\",\"https:\/\/www.instagram.com\/ansertelefonia\/\",\"https:\/\/api.whatsapp.com\/send\/?phone=5493413899983&text&type=phone_number&app_absent=0\"]}]}<\/script>\n<!-- \/ Yoast SEO plugin. -->","yoast_head_json":{"title":"Camara IP WiFi P2P AT 4020 - Anser Telefonia Importaci\u00f3n - AT View Rosario","description":"Camara IP para la seguridad de tu hogar o Edificio. Facil instalacion y excelente calidad. Se pueden ver desde el telefono.","robots":{"index":"index","follow":"follow","max-snippet":"max-snippet:-1","max-image-preview":"max-image-preview:large","max-video-preview":"max-video-preview:-1"},"canonical":"https:\/\/ansertelefonia.com.ar\/?product=camara-ip-p2p-at-4020","og_locale":"es_ES","og_type":"article","og_title":"Camara IP WiFi P2P AT 4020 - Anser Telefonia Importaci\u00f3n - AT View Rosario","og_description":"Camara IP para la seguridad de tu hogar o Edificio. Facil instalacion y excelente calidad. Se pueden ver desde el telefono.","og_url":"https:\/\/ansertelefonia.com.ar\/?product=camara-ip-p2p-at-4020","og_site_name":"Anser Telefonia Importaci\u00f3n - AT View","article_publisher":"https:\/\/www.facebook.com\/AnsertelefoniaaATView\/","article_modified_time":"2025-10-01T13:33:46+00:00","og_image":[{"width":1000,"height":1363,"url":"https:\/\/ansertelefonia.com.ar\/wp-content\/uploads\/2021\/04\/camara-at-view-4020.jpg","type":"image\/jpeg"}],"twitter_card":"summary_large_image","twitter_misc":{"Tiempo de lectura":"1 minuto"},"schema":{"@context":"https:\/\/schema.org","@graph":[{"@type":"WebPage","@id":"https:\/\/ansertelefonia.com.ar\/?product=camara-ip-p2p-at-4020","url":"https:\/\/ansertelefonia.com.ar\/?product=camara-ip-p2p-at-4020","name":"Camara IP WiFi P2P AT 4020 - Anser Telefonia Importaci\u00f3n - AT View Rosario","isPartOf":{"@id":"https:\/\/ansertelefonia.com.ar\/#website"},"primaryImageOfPage":{"@id":"https:\/\/ansertelefonia.com.ar\/?product=camara-ip-p2p-at-4020#primaryimage"},"image":{"@id":"https:\/\/ansertelefonia.com.ar\/?product=camara-ip-p2p-at-4020#primaryimage"},"thumbnailUrl":"https:\/\/ansertelefonia.com.ar\/wp-content\/uploads\/2021\/04\/camara-at-view-4020.jpg","datePublished":"2021-04-09T14:28:40+00:00","dateModified":"2025-10-01T13:33:46+00:00","description":"Camara IP para la seguridad de tu hogar o Edificio. Facil instalacion y excelente calidad. Se pueden ver desde el telefono.","breadcrumb":{"@id":"https:\/\/ansertelefonia.com.ar\/?product=camara-ip-p2p-at-4020#breadcrumb"},"inLanguage":"es","potentialAction":[{"@type":"ReadAction","target":["https:\/\/ansertelefonia.com.ar\/?product=camara-ip-p2p-at-4020"]}]},{"@type":"ImageObject","inLanguage":"es","@id":"https:\/\/ansertelefonia.com.ar\/?product=camara-ip-p2p-at-4020#primaryimage","url":"https:\/\/ansertelefonia.com.ar\/wp-content\/uploads\/2021\/04\/camara-at-view-4020.jpg","contentUrl":"https:\/\/ansertelefonia.com.ar\/wp-content\/uploads\/2021\/04\/camara-at-view-4020.jpg","width":1000,"height":1363,"caption":"camara-ip-p2p-wifi-at-view-rosario"},{"@type":"BreadcrumbList","@id":"https:\/\/ansertelefonia.com.ar\/?product=camara-ip-p2p-at-4020#breadcrumb","itemListElement":[{"@type":"ListItem","position":1,"name":"Portada","item":"https:\/\/ansertelefonia.com.ar\/"},{"@type":"ListItem","position":2,"name":"Productos","item":"https:\/\/ansertelefonia.com.ar\/?page_id=8"},{"@type":"ListItem","position":3,"name":"Camara IP WiFi P2P AT 4020"}]},{"@type":"WebSite","@id":"https:\/\/ansertelefonia.com.ar\/#website","url":"https:\/\/ansertelefonia.com.ar\/","name":"Anser Telefonia Importaci\u00f3n - AT View","description":"AT View","publisher":{"@id":"https:\/\/ansertelefonia.com.ar\/#organization"},"potentialAction":[{"@type":"SearchAction","target":{"@type":"EntryPoint","urlTemplate":"https:\/\/ansertelefonia.com.ar\/?s={search_term_string}"},"query-input":{"@type":"PropertyValueSpecification","valueRequired":true,"valueName":"search_term_string"}}],"inLanguage":"es"},{"@type":"Organization","@id":"https:\/\/ansertelefonia.com.ar\/#organization","name":"Anser Telefonia Importaci\u00f3n - AT View","url":"https:\/\/ansertelefonia.com.ar\/","logo":{"@type":"ImageObject","inLanguage":"es","@id":"https:\/\/ansertelefonia.com.ar\/#\/schema\/logo\/image\/","url":"https:\/\/ansertelefonia.com.ar\/wp-content\/uploads\/2025\/01\/logo-anser.png","contentUrl":"https:\/\/ansertelefonia.com.ar\/wp-content\/uploads\/2025\/01\/logo-anser.png","width":285,"height":64,"caption":"Anser Telefonia Importaci\u00f3n - AT View"},"image":{"@id":"https:\/\/ansertelefonia.com.ar\/#\/schema\/logo\/image\/"},"sameAs":["https:\/\/www.facebook.com\/AnsertelefoniaaATView\/","https:\/\/www.instagram.com\/ansertelefonia\/","https:\/\/api.whatsapp.com\/send\/?phone=5493413899983&text&type=phone_number&app_absent=0"]}]}},"_links":{"self":[{"href":"https:\/\/ansertelefonia.com.ar\/index.php?rest_route=\/wp\/v2\/product\/1563"}],"collection":[{"href":"https:\/\/ansertelefonia.com.ar\/index.php?rest_route=\/wp\/v2\/product"}],"about":[{"href":"https:\/\/ansertelefonia.com.ar\/index.php?rest_route=\/wp\/v2\/types\/product"}],"wp:featuredmedia":[{"embeddable":true,"href":"https:\/\/ansertelefonia.com.ar\/index.php?rest_route=\/wp\/v2\/media\/1564"}],"wp:attachment":[{"href":"https:\/\/ansertelefonia.com.ar\/index.php?rest_route=%2Fwp%2Fv2%2Fmedia&parent=1563"}],"wp:term":[{"taxonomy":"product_brand","embeddable":true,"href":"https:\/\/ansertelefonia.com.ar\/index.php?rest_route=%2Fwp%2Fv2%2Fproduct_brand&post=1563"},{"taxonomy":"product_cat","embeddable":true,"href":"https:\/\/ansertelefonia.com.ar\/index.php?rest_route=%2Fwp%2Fv2%2Fproduct_cat&post=1563"},{"taxonomy":"product_tag","embeddable":true,"href":"https:\/\/ansertelefonia.com.ar\/index.php?rest_route=%2Fwp%2Fv2%2Fproduct_tag&post=1563"}],"curies":[{"name":"wp","href":"https:\/\/api.w.org\/{rel}","templated":true}]}}