{"id":129,"date":"2018-11-23T11:40:08","date_gmt":"2018-11-23T14:40:08","guid":{"rendered":"https:\/\/ansertelefonia.com.ar\/producto\/import-placeholder-for-2415\/"},"modified":"2024-03-13T22:48:15","modified_gmt":"2024-03-14T01:48:15","slug":"dvr-4-canales-vgabnc-hdmin-servicio-p2p-atview","status":"publish","type":"product","link":"https:\/\/ansertelefonia.com.ar\/?product=dvr-4-canales-vgabnc-hdmin-servicio-p2p-atview","title":{"rendered":"DVR 4 Canales VGA,BNC, HDMIN Servicio P2P ATview"},"content":{"rendered":"","protected":false},"excerpt":{"rendered":"<p>&#8216;&#8212;&#8212;&#8212;&#8211;Importacion Directa&#8212;&#8212;&#8212;&#8212;&#8212;&#8212;- ATVIEW Caracter\u00edsticas: Procesador de sistema principal Hola 3520D V\u00eddeo H.264 de compresi\u00f3n de v\u00eddeo (de perfil alto); Codificar 4 * en tiempo real D1 \/ 4 * @ 12fps Decode 1 * en tiempo real D1 \/ 2 * AHD-L @ 12fps Multimodo Entrada anal\u00f3gica pura: 4 * D1; 4 * HD1; Mixto: 2 * D1 (anal\u00f3gico) 1 * 1080P (Red) 1 * 720P (Red); Red Pure: 8 * 1080P; 4 * 720P; 8 * 720; 1 * 1080P, 1080P 4 *; Audio Compresi\u00f3n de audio G.711A Apoyo Intercom Grabaci\u00f3n y reproducci\u00f3n Grabaci\u00f3n Manual Modo&gt; Alarma&gt; Detecci\u00f3n de movimiento&gt; Tiempo Canales de reproducci\u00f3n 2 (modo de entrada local pura) Almacenamiento y copia de seguridad de ocupaci\u00f3n del espacio 960H: 12 ~ 20 g \/ d\u00eda * canal 720P: 20G 30G ~ \/ d\u00eda * canal audio: 691.2M \/ d\u00eda * canal Modo de red de copia de seguridad de copia de seguridad, disco duro USB, escritor USB, SATA escritor Interfaz de entrada de v\u00eddeo BNC 8 Video 1 canal de salida VGA, 1 canal HDMI Entrada de audio RCA de 2 canales Salida de audio 1 canal RCA Entrada de alarma No Salida de alarma No 10M Interfaz de red RJ45 \/ 100M adaptativa puerto Ethernet RS485 control PTZ; soportar m\u00faltiples protocolos PTZ 2 puertos USB USB Disco duro SATA de 1 (Cada 4T m\u00e1ximo apoyo)(no incluye) Inal\u00e1mbrico No Otros 12V \/ 2A Apoyo tecnolog\u00eda XM Nube, f\u00e1cil de lograr una variedad de? penetraci\u00f3n de la red, un paso a la monitorizaci\u00f3n remota, deshacerse de varias configuraciones de red complejas, f\u00e1ciles y simples de operar; varios vigilancia m\u00f3vil Soporte: (IOS, Windows Mobile, BlackBerry, Symbian, Android).? Soporte de m\u00faltiples navegadores (IE, Chrome, Firefox, Safari);? Apoyo a m\u00e1s de 20 idiomas (Ingl\u00e9s, finland\u00e9s, franc\u00e9s, alem\u00e1n,? griego, italiano, japon\u00e9s, polaco, portugu\u00e9s, ruso, espa\u00f1ol, tailand\u00e9s, chino, chino tradicional, turco, etc.), no hay fronteras nacionales; circuito de protecci\u00f3n perfecta, la funci\u00f3n de vigilancia de triple \u00fanica? Apoyo web, CMS, centro de software de gesti\u00f3n de la plataforma MyEye, proveer desarrollo SDK..&#8217;<\/p>\n","protected":false},"featured_media":216,"template":"","meta":[],"product_brand":[],"product_cat":[32,28],"product_tag":[],"class_list":{"0":"post-129","1":"product","2":"type-product","3":"status-publish","4":"has-post-thumbnail","6":"product_cat-dvr-nvr","7":"product_cat-seguridad-electronica","9":"first","10":"instock","11":"featured","12":"taxable","13":"shipping-taxable","14":"product-type-simple"},"yoast_head":"<!-- This site is optimized with the Yoast SEO plugin v25.6 - https:\/\/yoast.com\/wordpress\/plugins\/seo\/ -->\n<title>DVR 4 Canales VGA,BNC, HDMIN Servicio P2P ATview - Anser Telefonia Importaci\u00f3n - AT View<\/title>\n<meta name=\"robots\" content=\"index, follow, max-snippet:-1, max-image-preview:large, max-video-preview:-1\" \/>\n<link rel=\"canonical\" href=\"https:\/\/ansertelefonia.com.ar\/?product=dvr-4-canales-vgabnc-hdmin-servicio-p2p-atview\" \/>\n<meta property=\"og:locale\" content=\"es_ES\" \/>\n<meta property=\"og:type\" content=\"article\" \/>\n<meta property=\"og:title\" content=\"DVR 4 Canales VGA,BNC, HDMIN Servicio P2P ATview - Anser Telefonia Importaci\u00f3n - AT View\" \/>\n<meta property=\"og:description\" content=\"&#039;-----------Importacion Directa------------------- ATVIEW Caracter\u00edsticas: Procesador de sistema principal Hola 3520D V\u00eddeo H.264 de compresi\u00f3n de v\u00eddeo (de perfil alto); Codificar 4 * en tiempo real D1 \/ 4 * @ 12fps Decode 1 * en tiempo real D1 \/ 2 * AHD-L @ 12fps Multimodo Entrada anal\u00f3gica pura: 4 * D1; 4 * HD1; Mixto: 2 * D1 (anal\u00f3gico) 1 * 1080P (Red) 1 * 720P (Red); Red Pure: 8 * 1080P; 4 * 720P; 8 * 720; 1 * 1080P, 1080P 4 *; Audio Compresi\u00f3n de audio G.711A Apoyo Intercom Grabaci\u00f3n y reproducci\u00f3n Grabaci\u00f3n Manual Modo&gt; Alarma&gt; Detecci\u00f3n de movimiento&gt; Tiempo Canales de reproducci\u00f3n 2 (modo de entrada local pura) Almacenamiento y copia de seguridad de ocupaci\u00f3n del espacio 960H: 12 ~ 20 g \/ d\u00eda * canal 720P: 20G 30G ~ \/ d\u00eda * canal audio: 691.2M \/ d\u00eda * canal Modo de red de copia de seguridad de copia de seguridad, disco duro USB, escritor USB, SATA escritor Interfaz de entrada de v\u00eddeo BNC 8 Video 1 canal de salida VGA, 1 canal HDMI Entrada de audio RCA de 2 canales Salida de audio 1 canal RCA Entrada de alarma No Salida de alarma No 10M Interfaz de red RJ45 \/ 100M adaptativa puerto Ethernet RS485 control PTZ; soportar m\u00faltiples protocolos PTZ 2 puertos USB USB Disco duro SATA de 1 (Cada 4T m\u00e1ximo apoyo)(no incluye) Inal\u00e1mbrico No Otros 12V \/ 2A Apoyo tecnolog\u00eda XM Nube, f\u00e1cil de lograr una variedad de? penetraci\u00f3n de la red, un paso a la monitorizaci\u00f3n remota, deshacerse de varias configuraciones de red complejas, f\u00e1ciles y simples de operar; varios vigilancia m\u00f3vil Soporte: (IOS, Windows Mobile, BlackBerry, Symbian, Android).? Soporte de m\u00faltiples navegadores (IE, Chrome, Firefox, Safari);? Apoyo a m\u00e1s de 20 idiomas (Ingl\u00e9s, finland\u00e9s, franc\u00e9s, alem\u00e1n,? griego, italiano, japon\u00e9s, polaco, portugu\u00e9s, ruso, espa\u00f1ol, tailand\u00e9s, chino, chino tradicional, turco, etc.), no hay fronteras nacionales; circuito de protecci\u00f3n perfecta, la funci\u00f3n de vigilancia de triple \u00fanica? Apoyo web, CMS, centro de software de gesti\u00f3n de la plataforma MyEye, proveer desarrollo SDK..&#039;\" \/>\n<meta property=\"og:url\" content=\"https:\/\/ansertelefonia.com.ar\/?product=dvr-4-canales-vgabnc-hdmin-servicio-p2p-atview\" \/>\n<meta property=\"og:site_name\" content=\"Anser Telefonia Importaci\u00f3n - AT View\" \/>\n<meta property=\"article:publisher\" content=\"https:\/\/www.facebook.com\/AnsertelefoniaaATView\/\" \/>\n<meta property=\"article:modified_time\" content=\"2024-03-14T01:48:15+00:00\" \/>\n<meta property=\"og:image\" content=\"https:\/\/ansertelefonia.com.ar\/wp-content\/uploads\/2018\/11\/p_01-25.png\" \/>\n\t<meta property=\"og:image:width\" content=\"400\" \/>\n\t<meta property=\"og:image:height\" content=\"400\" \/>\n\t<meta property=\"og:image:type\" content=\"image\/png\" \/>\n<meta name=\"twitter:card\" content=\"summary_large_image\" \/>\n<script type=\"application\/ld+json\" class=\"yoast-schema-graph\">{\"@context\":\"https:\/\/schema.org\",\"@graph\":[{\"@type\":\"WebPage\",\"@id\":\"https:\/\/ansertelefonia.com.ar\/?product=dvr-4-canales-vgabnc-hdmin-servicio-p2p-atview\",\"url\":\"https:\/\/ansertelefonia.com.ar\/?product=dvr-4-canales-vgabnc-hdmin-servicio-p2p-atview\",\"name\":\"DVR 4 Canales VGA,BNC, HDMIN Servicio P2P ATview - Anser Telefonia Importaci\u00f3n - AT View\",\"isPartOf\":{\"@id\":\"https:\/\/ansertelefonia.com.ar\/#website\"},\"primaryImageOfPage\":{\"@id\":\"https:\/\/ansertelefonia.com.ar\/?product=dvr-4-canales-vgabnc-hdmin-servicio-p2p-atview#primaryimage\"},\"image\":{\"@id\":\"https:\/\/ansertelefonia.com.ar\/?product=dvr-4-canales-vgabnc-hdmin-servicio-p2p-atview#primaryimage\"},\"thumbnailUrl\":\"https:\/\/ansertelefonia.com.ar\/wp-content\/uploads\/2018\/11\/p_01-25.png\",\"datePublished\":\"2018-11-23T14:40:08+00:00\",\"dateModified\":\"2024-03-14T01:48:15+00:00\",\"breadcrumb\":{\"@id\":\"https:\/\/ansertelefonia.com.ar\/?product=dvr-4-canales-vgabnc-hdmin-servicio-p2p-atview#breadcrumb\"},\"inLanguage\":\"es\",\"potentialAction\":[{\"@type\":\"ReadAction\",\"target\":[\"https:\/\/ansertelefonia.com.ar\/?product=dvr-4-canales-vgabnc-hdmin-servicio-p2p-atview\"]}]},{\"@type\":\"ImageObject\",\"inLanguage\":\"es\",\"@id\":\"https:\/\/ansertelefonia.com.ar\/?product=dvr-4-canales-vgabnc-hdmin-servicio-p2p-atview#primaryimage\",\"url\":\"https:\/\/ansertelefonia.com.ar\/wp-content\/uploads\/2018\/11\/p_01-25.png\",\"contentUrl\":\"https:\/\/ansertelefonia.com.ar\/wp-content\/uploads\/2018\/11\/p_01-25.png\",\"width\":400,\"height\":400,\"caption\":\"DVR 4 Canales VGA,BNC, HDMIN Servicio P2P ATview Anser Telefonia\"},{\"@type\":\"BreadcrumbList\",\"@id\":\"https:\/\/ansertelefonia.com.ar\/?product=dvr-4-canales-vgabnc-hdmin-servicio-p2p-atview#breadcrumb\",\"itemListElement\":[{\"@type\":\"ListItem\",\"position\":1,\"name\":\"Portada\",\"item\":\"https:\/\/ansertelefonia.com.ar\/\"},{\"@type\":\"ListItem\",\"position\":2,\"name\":\"Productos\",\"item\":\"https:\/\/ansertelefonia.com.ar\/?page_id=8\"},{\"@type\":\"ListItem\",\"position\":3,\"name\":\"DVR 4 Canales VGA,BNC, HDMIN Servicio P2P ATview\"}]},{\"@type\":\"WebSite\",\"@id\":\"https:\/\/ansertelefonia.com.ar\/#website\",\"url\":\"https:\/\/ansertelefonia.com.ar\/\",\"name\":\"Anser Telefonia Importaci\u00f3n - AT View\",\"description\":\"AT View\",\"publisher\":{\"@id\":\"https:\/\/ansertelefonia.com.ar\/#organization\"},\"potentialAction\":[{\"@type\":\"SearchAction\",\"target\":{\"@type\":\"EntryPoint\",\"urlTemplate\":\"https:\/\/ansertelefonia.com.ar\/?s={search_term_string}\"},\"query-input\":{\"@type\":\"PropertyValueSpecification\",\"valueRequired\":true,\"valueName\":\"search_term_string\"}}],\"inLanguage\":\"es\"},{\"@type\":\"Organization\",\"@id\":\"https:\/\/ansertelefonia.com.ar\/#organization\",\"name\":\"Anser Telefonia Importaci\u00f3n - AT View\",\"url\":\"https:\/\/ansertelefonia.com.ar\/\",\"logo\":{\"@type\":\"ImageObject\",\"inLanguage\":\"es\",\"@id\":\"https:\/\/ansertelefonia.com.ar\/#\/schema\/logo\/image\/\",\"url\":\"https:\/\/ansertelefonia.com.ar\/wp-content\/uploads\/2025\/01\/logo-anser.png\",\"contentUrl\":\"https:\/\/ansertelefonia.com.ar\/wp-content\/uploads\/2025\/01\/logo-anser.png\",\"width\":285,\"height\":64,\"caption\":\"Anser Telefonia Importaci\u00f3n - AT View\"},\"image\":{\"@id\":\"https:\/\/ansertelefonia.com.ar\/#\/schema\/logo\/image\/\"},\"sameAs\":[\"https:\/\/www.facebook.com\/AnsertelefoniaaATView\/\",\"https:\/\/www.instagram.com\/ansertelefonia\/\",\"https:\/\/api.whatsapp.com\/send\/?phone=5493413899983&text&type=phone_number&app_absent=0\"]}]}<\/script>\n<!-- \/ Yoast SEO plugin. -->","yoast_head_json":{"title":"DVR 4 Canales VGA,BNC, HDMIN Servicio P2P ATview - Anser Telefonia Importaci\u00f3n - AT View","robots":{"index":"index","follow":"follow","max-snippet":"max-snippet:-1","max-image-preview":"max-image-preview:large","max-video-preview":"max-video-preview:-1"},"canonical":"https:\/\/ansertelefonia.com.ar\/?product=dvr-4-canales-vgabnc-hdmin-servicio-p2p-atview","og_locale":"es_ES","og_type":"article","og_title":"DVR 4 Canales VGA,BNC, HDMIN Servicio P2P ATview - Anser Telefonia Importaci\u00f3n - AT View","og_description":"'-----------Importacion Directa------------------- ATVIEW Caracter\u00edsticas: Procesador de sistema principal Hola 3520D V\u00eddeo H.264 de compresi\u00f3n de v\u00eddeo (de perfil alto); Codificar 4 * en tiempo real D1 \/ 4 * @ 12fps Decode 1 * en tiempo real D1 \/ 2 * AHD-L @ 12fps Multimodo Entrada anal\u00f3gica pura: 4 * D1; 4 * HD1; Mixto: 2 * D1 (anal\u00f3gico) 1 * 1080P (Red) 1 * 720P (Red); Red Pure: 8 * 1080P; 4 * 720P; 8 * 720; 1 * 1080P, 1080P 4 *; Audio Compresi\u00f3n de audio G.711A Apoyo Intercom Grabaci\u00f3n y reproducci\u00f3n Grabaci\u00f3n Manual Modo&gt; Alarma&gt; Detecci\u00f3n de movimiento&gt; Tiempo Canales de reproducci\u00f3n 2 (modo de entrada local pura) Almacenamiento y copia de seguridad de ocupaci\u00f3n del espacio 960H: 12 ~ 20 g \/ d\u00eda * canal 720P: 20G 30G ~ \/ d\u00eda * canal audio: 691.2M \/ d\u00eda * canal Modo de red de copia de seguridad de copia de seguridad, disco duro USB, escritor USB, SATA escritor Interfaz de entrada de v\u00eddeo BNC 8 Video 1 canal de salida VGA, 1 canal HDMI Entrada de audio RCA de 2 canales Salida de audio 1 canal RCA Entrada de alarma No Salida de alarma No 10M Interfaz de red RJ45 \/ 100M adaptativa puerto Ethernet RS485 control PTZ; soportar m\u00faltiples protocolos PTZ 2 puertos USB USB Disco duro SATA de 1 (Cada 4T m\u00e1ximo apoyo)(no incluye) Inal\u00e1mbrico No Otros 12V \/ 2A Apoyo tecnolog\u00eda XM Nube, f\u00e1cil de lograr una variedad de? penetraci\u00f3n de la red, un paso a la monitorizaci\u00f3n remota, deshacerse de varias configuraciones de red complejas, f\u00e1ciles y simples de operar; varios vigilancia m\u00f3vil Soporte: (IOS, Windows Mobile, BlackBerry, Symbian, Android).? Soporte de m\u00faltiples navegadores (IE, Chrome, Firefox, Safari);? Apoyo a m\u00e1s de 20 idiomas (Ingl\u00e9s, finland\u00e9s, franc\u00e9s, alem\u00e1n,? griego, italiano, japon\u00e9s, polaco, portugu\u00e9s, ruso, espa\u00f1ol, tailand\u00e9s, chino, chino tradicional, turco, etc.), no hay fronteras nacionales; circuito de protecci\u00f3n perfecta, la funci\u00f3n de vigilancia de triple \u00fanica? Apoyo web, CMS, centro de software de gesti\u00f3n de la plataforma MyEye, proveer desarrollo SDK..'","og_url":"https:\/\/ansertelefonia.com.ar\/?product=dvr-4-canales-vgabnc-hdmin-servicio-p2p-atview","og_site_name":"Anser Telefonia Importaci\u00f3n - AT View","article_publisher":"https:\/\/www.facebook.com\/AnsertelefoniaaATView\/","article_modified_time":"2024-03-14T01:48:15+00:00","og_image":[{"width":400,"height":400,"url":"https:\/\/ansertelefonia.com.ar\/wp-content\/uploads\/2018\/11\/p_01-25.png","type":"image\/png"}],"twitter_card":"summary_large_image","schema":{"@context":"https:\/\/schema.org","@graph":[{"@type":"WebPage","@id":"https:\/\/ansertelefonia.com.ar\/?product=dvr-4-canales-vgabnc-hdmin-servicio-p2p-atview","url":"https:\/\/ansertelefonia.com.ar\/?product=dvr-4-canales-vgabnc-hdmin-servicio-p2p-atview","name":"DVR 4 Canales VGA,BNC, HDMIN Servicio P2P ATview - Anser Telefonia Importaci\u00f3n - AT View","isPartOf":{"@id":"https:\/\/ansertelefonia.com.ar\/#website"},"primaryImageOfPage":{"@id":"https:\/\/ansertelefonia.com.ar\/?product=dvr-4-canales-vgabnc-hdmin-servicio-p2p-atview#primaryimage"},"image":{"@id":"https:\/\/ansertelefonia.com.ar\/?product=dvr-4-canales-vgabnc-hdmin-servicio-p2p-atview#primaryimage"},"thumbnailUrl":"https:\/\/ansertelefonia.com.ar\/wp-content\/uploads\/2018\/11\/p_01-25.png","datePublished":"2018-11-23T14:40:08+00:00","dateModified":"2024-03-14T01:48:15+00:00","breadcrumb":{"@id":"https:\/\/ansertelefonia.com.ar\/?product=dvr-4-canales-vgabnc-hdmin-servicio-p2p-atview#breadcrumb"},"inLanguage":"es","potentialAction":[{"@type":"ReadAction","target":["https:\/\/ansertelefonia.com.ar\/?product=dvr-4-canales-vgabnc-hdmin-servicio-p2p-atview"]}]},{"@type":"ImageObject","inLanguage":"es","@id":"https:\/\/ansertelefonia.com.ar\/?product=dvr-4-canales-vgabnc-hdmin-servicio-p2p-atview#primaryimage","url":"https:\/\/ansertelefonia.com.ar\/wp-content\/uploads\/2018\/11\/p_01-25.png","contentUrl":"https:\/\/ansertelefonia.com.ar\/wp-content\/uploads\/2018\/11\/p_01-25.png","width":400,"height":400,"caption":"DVR 4 Canales VGA,BNC, HDMIN Servicio P2P ATview Anser Telefonia"},{"@type":"BreadcrumbList","@id":"https:\/\/ansertelefonia.com.ar\/?product=dvr-4-canales-vgabnc-hdmin-servicio-p2p-atview#breadcrumb","itemListElement":[{"@type":"ListItem","position":1,"name":"Portada","item":"https:\/\/ansertelefonia.com.ar\/"},{"@type":"ListItem","position":2,"name":"Productos","item":"https:\/\/ansertelefonia.com.ar\/?page_id=8"},{"@type":"ListItem","position":3,"name":"DVR 4 Canales VGA,BNC, HDMIN Servicio P2P ATview"}]},{"@type":"WebSite","@id":"https:\/\/ansertelefonia.com.ar\/#website","url":"https:\/\/ansertelefonia.com.ar\/","name":"Anser Telefonia Importaci\u00f3n - AT View","description":"AT View","publisher":{"@id":"https:\/\/ansertelefonia.com.ar\/#organization"},"potentialAction":[{"@type":"SearchAction","target":{"@type":"EntryPoint","urlTemplate":"https:\/\/ansertelefonia.com.ar\/?s={search_term_string}"},"query-input":{"@type":"PropertyValueSpecification","valueRequired":true,"valueName":"search_term_string"}}],"inLanguage":"es"},{"@type":"Organization","@id":"https:\/\/ansertelefonia.com.ar\/#organization","name":"Anser Telefonia Importaci\u00f3n - AT View","url":"https:\/\/ansertelefonia.com.ar\/","logo":{"@type":"ImageObject","inLanguage":"es","@id":"https:\/\/ansertelefonia.com.ar\/#\/schema\/logo\/image\/","url":"https:\/\/ansertelefonia.com.ar\/wp-content\/uploads\/2025\/01\/logo-anser.png","contentUrl":"https:\/\/ansertelefonia.com.ar\/wp-content\/uploads\/2025\/01\/logo-anser.png","width":285,"height":64,"caption":"Anser Telefonia Importaci\u00f3n - AT View"},"image":{"@id":"https:\/\/ansertelefonia.com.ar\/#\/schema\/logo\/image\/"},"sameAs":["https:\/\/www.facebook.com\/AnsertelefoniaaATView\/","https:\/\/www.instagram.com\/ansertelefonia\/","https:\/\/api.whatsapp.com\/send\/?phone=5493413899983&text&type=phone_number&app_absent=0"]}]}},"_links":{"self":[{"href":"https:\/\/ansertelefonia.com.ar\/index.php?rest_route=\/wp\/v2\/product\/129"}],"collection":[{"href":"https:\/\/ansertelefonia.com.ar\/index.php?rest_route=\/wp\/v2\/product"}],"about":[{"href":"https:\/\/ansertelefonia.com.ar\/index.php?rest_route=\/wp\/v2\/types\/product"}],"wp:featuredmedia":[{"embeddable":true,"href":"https:\/\/ansertelefonia.com.ar\/index.php?rest_route=\/wp\/v2\/media\/216"}],"wp:attachment":[{"href":"https:\/\/ansertelefonia.com.ar\/index.php?rest_route=%2Fwp%2Fv2%2Fmedia&parent=129"}],"wp:term":[{"taxonomy":"product_brand","embeddable":true,"href":"https:\/\/ansertelefonia.com.ar\/index.php?rest_route=%2Fwp%2Fv2%2Fproduct_brand&post=129"},{"taxonomy":"product_cat","embeddable":true,"href":"https:\/\/ansertelefonia.com.ar\/index.php?rest_route=%2Fwp%2Fv2%2Fproduct_cat&post=129"},{"taxonomy":"product_tag","embeddable":true,"href":"https:\/\/ansertelefonia.com.ar\/index.php?rest_route=%2Fwp%2Fv2%2Fproduct_tag&post=129"}],"curies":[{"name":"wp","href":"https:\/\/api.w.org\/{rel}","templated":true}]}}