{"id":1186,"date":"2019-03-09T23:54:27","date_gmt":"2019-03-10T02:54:27","guid":{"rendered":"https:\/\/ansertelefonia.com.ar\/?post_type=product&#038;p=1186"},"modified":"2019-03-09T23:54:27","modified_gmt":"2019-03-10T02:54:27","slug":"teclado-pc","status":"publish","type":"product","link":"https:\/\/ansertelefonia.com.ar\/?product=teclado-pc","title":{"rendered":"Teclado PC"},"content":{"rendered":"","protected":false},"excerpt":{"rendered":"<p>La velocidad ajustable del cursor permite una personalizaci\u00f3n y un control completo de la respuesta de su teclado para adaptarse a sus preferencias personales<\/p>\n<p>Nuestra nueva tecnolog\u00eda resistente a derrames cuenta con la membrana de silicona de mayor calidad para reducir el riesgo de da\u00f1os<\/p>\n<p>Las 18 teclas de control \u00abAccceso R\u00e1pido\u00bb para Internet, multimedia programables permiten acceder con un solo toque a su navegador para avanzar o retroceder de la p\u00e1gina, detener la carga de p\u00e1ginas, navegar, actualizar, abrir favoritos, abrir programa de correo, abrir mi PC y ejecutar la calculadora<\/p>\n<p>Tendr\u00e1 un control total y podr\u00e1 abrir su reproductor multimedia, silenciar el audio, avanzar o retroceder de pista, reproducir, hacer pausa, detenerse subir el volumen o bajarlo.<\/p>\n","protected":false},"featured_media":1187,"template":"","meta":[],"product_brand":[],"product_cat":[16],"product_tag":[],"class_list":{"0":"post-1186","1":"product","2":"type-product","3":"status-publish","4":"has-post-thumbnail","6":"product_cat-accesorios","8":"first","9":"onbackorder","10":"taxable","11":"shipping-taxable","12":"product-type-simple"},"yoast_head":"<!-- This site is optimized with the Yoast SEO plugin v25.6 - https:\/\/yoast.com\/wordpress\/plugins\/seo\/ -->\n<title>Teclado PC - Anser Telefonia Importaci\u00f3n - AT View<\/title>\n<meta name=\"robots\" content=\"index, follow, max-snippet:-1, max-image-preview:large, max-video-preview:-1\" \/>\n<link rel=\"canonical\" href=\"https:\/\/ansertelefonia.com.ar\/?product=teclado-pc\" \/>\n<meta property=\"og:locale\" content=\"es_ES\" \/>\n<meta property=\"og:type\" content=\"article\" \/>\n<meta property=\"og:title\" content=\"Teclado PC - Anser Telefonia Importaci\u00f3n - AT View\" \/>\n<meta property=\"og:description\" content=\"La velocidad ajustable del cursor permite una personalizaci\u00f3n y un control completo de la respuesta de su teclado para adaptarse a sus preferencias personales  Nuestra nueva tecnolog\u00eda resistente a derrames cuenta con la membrana de silicona de mayor calidad para reducir el riesgo de da\u00f1os  Las 18 teclas de control &quot;Accceso R\u00e1pido&quot; para Internet, multimedia programables permiten acceder con un solo toque a su navegador para avanzar o retroceder de la p\u00e1gina, detener la carga de p\u00e1ginas, navegar, actualizar, abrir favoritos, abrir programa de correo, abrir mi PC y ejecutar la calculadora  Tendr\u00e1 un control total y podr\u00e1 abrir su reproductor multimedia, silenciar el audio, avanzar o retroceder de pista, reproducir, hacer pausa, detenerse subir el volumen o bajarlo.\" \/>\n<meta property=\"og:url\" content=\"https:\/\/ansertelefonia.com.ar\/?product=teclado-pc\" \/>\n<meta property=\"og:site_name\" content=\"Anser Telefonia Importaci\u00f3n - AT View\" \/>\n<meta property=\"article:publisher\" content=\"https:\/\/www.facebook.com\/AnsertelefoniaaATView\/\" \/>\n<meta property=\"og:image\" content=\"https:\/\/ansertelefonia.com.ar\/wp-content\/uploads\/2019\/03\/teclado-para-pc-ansertelefonia-com-ar.jpg\" \/>\n\t<meta property=\"og:image:width\" content=\"1000\" \/>\n\t<meta property=\"og:image:height\" content=\"1000\" \/>\n\t<meta property=\"og:image:type\" content=\"image\/jpeg\" \/>\n<meta name=\"twitter:card\" content=\"summary_large_image\" \/>\n<script type=\"application\/ld+json\" class=\"yoast-schema-graph\">{\"@context\":\"https:\/\/schema.org\",\"@graph\":[{\"@type\":\"WebPage\",\"@id\":\"https:\/\/ansertelefonia.com.ar\/?product=teclado-pc\",\"url\":\"https:\/\/ansertelefonia.com.ar\/?product=teclado-pc\",\"name\":\"Teclado PC - Anser Telefonia Importaci\u00f3n - AT View\",\"isPartOf\":{\"@id\":\"https:\/\/ansertelefonia.com.ar\/#website\"},\"primaryImageOfPage\":{\"@id\":\"https:\/\/ansertelefonia.com.ar\/?product=teclado-pc#primaryimage\"},\"image\":{\"@id\":\"https:\/\/ansertelefonia.com.ar\/?product=teclado-pc#primaryimage\"},\"thumbnailUrl\":\"https:\/\/ansertelefonia.com.ar\/wp-content\/uploads\/2019\/03\/teclado-para-pc-ansertelefonia-com-ar.jpg\",\"datePublished\":\"2019-03-10T02:54:27+00:00\",\"breadcrumb\":{\"@id\":\"https:\/\/ansertelefonia.com.ar\/?product=teclado-pc#breadcrumb\"},\"inLanguage\":\"es\",\"potentialAction\":[{\"@type\":\"ReadAction\",\"target\":[\"https:\/\/ansertelefonia.com.ar\/?product=teclado-pc\"]}]},{\"@type\":\"ImageObject\",\"inLanguage\":\"es\",\"@id\":\"https:\/\/ansertelefonia.com.ar\/?product=teclado-pc#primaryimage\",\"url\":\"https:\/\/ansertelefonia.com.ar\/wp-content\/uploads\/2019\/03\/teclado-para-pc-ansertelefonia-com-ar.jpg\",\"contentUrl\":\"https:\/\/ansertelefonia.com.ar\/wp-content\/uploads\/2019\/03\/teclado-para-pc-ansertelefonia-com-ar.jpg\",\"width\":1000,\"height\":1000},{\"@type\":\"BreadcrumbList\",\"@id\":\"https:\/\/ansertelefonia.com.ar\/?product=teclado-pc#breadcrumb\",\"itemListElement\":[{\"@type\":\"ListItem\",\"position\":1,\"name\":\"Portada\",\"item\":\"https:\/\/ansertelefonia.com.ar\/\"},{\"@type\":\"ListItem\",\"position\":2,\"name\":\"Productos\",\"item\":\"https:\/\/ansertelefonia.com.ar\/?page_id=8\"},{\"@type\":\"ListItem\",\"position\":3,\"name\":\"Teclado PC\"}]},{\"@type\":\"WebSite\",\"@id\":\"https:\/\/ansertelefonia.com.ar\/#website\",\"url\":\"https:\/\/ansertelefonia.com.ar\/\",\"name\":\"Anser Telefonia Importaci\u00f3n - AT View\",\"description\":\"AT View\",\"publisher\":{\"@id\":\"https:\/\/ansertelefonia.com.ar\/#organization\"},\"potentialAction\":[{\"@type\":\"SearchAction\",\"target\":{\"@type\":\"EntryPoint\",\"urlTemplate\":\"https:\/\/ansertelefonia.com.ar\/?s={search_term_string}\"},\"query-input\":{\"@type\":\"PropertyValueSpecification\",\"valueRequired\":true,\"valueName\":\"search_term_string\"}}],\"inLanguage\":\"es\"},{\"@type\":\"Organization\",\"@id\":\"https:\/\/ansertelefonia.com.ar\/#organization\",\"name\":\"Anser Telefonia Importaci\u00f3n - AT View\",\"url\":\"https:\/\/ansertelefonia.com.ar\/\",\"logo\":{\"@type\":\"ImageObject\",\"inLanguage\":\"es\",\"@id\":\"https:\/\/ansertelefonia.com.ar\/#\/schema\/logo\/image\/\",\"url\":\"https:\/\/ansertelefonia.com.ar\/wp-content\/uploads\/2025\/01\/logo-anser.png\",\"contentUrl\":\"https:\/\/ansertelefonia.com.ar\/wp-content\/uploads\/2025\/01\/logo-anser.png\",\"width\":285,\"height\":64,\"caption\":\"Anser Telefonia Importaci\u00f3n - AT View\"},\"image\":{\"@id\":\"https:\/\/ansertelefonia.com.ar\/#\/schema\/logo\/image\/\"},\"sameAs\":[\"https:\/\/www.facebook.com\/AnsertelefoniaaATView\/\",\"https:\/\/www.instagram.com\/ansertelefonia\/\",\"https:\/\/api.whatsapp.com\/send\/?phone=5493413899983&text&type=phone_number&app_absent=0\"]}]}<\/script>\n<!-- \/ Yoast SEO plugin. -->","yoast_head_json":{"title":"Teclado PC - Anser Telefonia Importaci\u00f3n - AT View","robots":{"index":"index","follow":"follow","max-snippet":"max-snippet:-1","max-image-preview":"max-image-preview:large","max-video-preview":"max-video-preview:-1"},"canonical":"https:\/\/ansertelefonia.com.ar\/?product=teclado-pc","og_locale":"es_ES","og_type":"article","og_title":"Teclado PC - Anser Telefonia Importaci\u00f3n - AT View","og_description":"La velocidad ajustable del cursor permite una personalizaci\u00f3n y un control completo de la respuesta de su teclado para adaptarse a sus preferencias personales  Nuestra nueva tecnolog\u00eda resistente a derrames cuenta con la membrana de silicona de mayor calidad para reducir el riesgo de da\u00f1os  Las 18 teclas de control \"Accceso R\u00e1pido\" para Internet, multimedia programables permiten acceder con un solo toque a su navegador para avanzar o retroceder de la p\u00e1gina, detener la carga de p\u00e1ginas, navegar, actualizar, abrir favoritos, abrir programa de correo, abrir mi PC y ejecutar la calculadora  Tendr\u00e1 un control total y podr\u00e1 abrir su reproductor multimedia, silenciar el audio, avanzar o retroceder de pista, reproducir, hacer pausa, detenerse subir el volumen o bajarlo.","og_url":"https:\/\/ansertelefonia.com.ar\/?product=teclado-pc","og_site_name":"Anser Telefonia Importaci\u00f3n - AT View","article_publisher":"https:\/\/www.facebook.com\/AnsertelefoniaaATView\/","og_image":[{"width":1000,"height":1000,"url":"https:\/\/ansertelefonia.com.ar\/wp-content\/uploads\/2019\/03\/teclado-para-pc-ansertelefonia-com-ar.jpg","type":"image\/jpeg"}],"twitter_card":"summary_large_image","schema":{"@context":"https:\/\/schema.org","@graph":[{"@type":"WebPage","@id":"https:\/\/ansertelefonia.com.ar\/?product=teclado-pc","url":"https:\/\/ansertelefonia.com.ar\/?product=teclado-pc","name":"Teclado PC - Anser Telefonia Importaci\u00f3n - AT View","isPartOf":{"@id":"https:\/\/ansertelefonia.com.ar\/#website"},"primaryImageOfPage":{"@id":"https:\/\/ansertelefonia.com.ar\/?product=teclado-pc#primaryimage"},"image":{"@id":"https:\/\/ansertelefonia.com.ar\/?product=teclado-pc#primaryimage"},"thumbnailUrl":"https:\/\/ansertelefonia.com.ar\/wp-content\/uploads\/2019\/03\/teclado-para-pc-ansertelefonia-com-ar.jpg","datePublished":"2019-03-10T02:54:27+00:00","breadcrumb":{"@id":"https:\/\/ansertelefonia.com.ar\/?product=teclado-pc#breadcrumb"},"inLanguage":"es","potentialAction":[{"@type":"ReadAction","target":["https:\/\/ansertelefonia.com.ar\/?product=teclado-pc"]}]},{"@type":"ImageObject","inLanguage":"es","@id":"https:\/\/ansertelefonia.com.ar\/?product=teclado-pc#primaryimage","url":"https:\/\/ansertelefonia.com.ar\/wp-content\/uploads\/2019\/03\/teclado-para-pc-ansertelefonia-com-ar.jpg","contentUrl":"https:\/\/ansertelefonia.com.ar\/wp-content\/uploads\/2019\/03\/teclado-para-pc-ansertelefonia-com-ar.jpg","width":1000,"height":1000},{"@type":"BreadcrumbList","@id":"https:\/\/ansertelefonia.com.ar\/?product=teclado-pc#breadcrumb","itemListElement":[{"@type":"ListItem","position":1,"name":"Portada","item":"https:\/\/ansertelefonia.com.ar\/"},{"@type":"ListItem","position":2,"name":"Productos","item":"https:\/\/ansertelefonia.com.ar\/?page_id=8"},{"@type":"ListItem","position":3,"name":"Teclado PC"}]},{"@type":"WebSite","@id":"https:\/\/ansertelefonia.com.ar\/#website","url":"https:\/\/ansertelefonia.com.ar\/","name":"Anser Telefonia Importaci\u00f3n - AT View","description":"AT View","publisher":{"@id":"https:\/\/ansertelefonia.com.ar\/#organization"},"potentialAction":[{"@type":"SearchAction","target":{"@type":"EntryPoint","urlTemplate":"https:\/\/ansertelefonia.com.ar\/?s={search_term_string}"},"query-input":{"@type":"PropertyValueSpecification","valueRequired":true,"valueName":"search_term_string"}}],"inLanguage":"es"},{"@type":"Organization","@id":"https:\/\/ansertelefonia.com.ar\/#organization","name":"Anser Telefonia Importaci\u00f3n - AT View","url":"https:\/\/ansertelefonia.com.ar\/","logo":{"@type":"ImageObject","inLanguage":"es","@id":"https:\/\/ansertelefonia.com.ar\/#\/schema\/logo\/image\/","url":"https:\/\/ansertelefonia.com.ar\/wp-content\/uploads\/2025\/01\/logo-anser.png","contentUrl":"https:\/\/ansertelefonia.com.ar\/wp-content\/uploads\/2025\/01\/logo-anser.png","width":285,"height":64,"caption":"Anser Telefonia Importaci\u00f3n - AT View"},"image":{"@id":"https:\/\/ansertelefonia.com.ar\/#\/schema\/logo\/image\/"},"sameAs":["https:\/\/www.facebook.com\/AnsertelefoniaaATView\/","https:\/\/www.instagram.com\/ansertelefonia\/","https:\/\/api.whatsapp.com\/send\/?phone=5493413899983&text&type=phone_number&app_absent=0"]}]}},"_links":{"self":[{"href":"https:\/\/ansertelefonia.com.ar\/index.php?rest_route=\/wp\/v2\/product\/1186"}],"collection":[{"href":"https:\/\/ansertelefonia.com.ar\/index.php?rest_route=\/wp\/v2\/product"}],"about":[{"href":"https:\/\/ansertelefonia.com.ar\/index.php?rest_route=\/wp\/v2\/types\/product"}],"wp:featuredmedia":[{"embeddable":true,"href":"https:\/\/ansertelefonia.com.ar\/index.php?rest_route=\/wp\/v2\/media\/1187"}],"wp:attachment":[{"href":"https:\/\/ansertelefonia.com.ar\/index.php?rest_route=%2Fwp%2Fv2%2Fmedia&parent=1186"}],"wp:term":[{"taxonomy":"product_brand","embeddable":true,"href":"https:\/\/ansertelefonia.com.ar\/index.php?rest_route=%2Fwp%2Fv2%2Fproduct_brand&post=1186"},{"taxonomy":"product_cat","embeddable":true,"href":"https:\/\/ansertelefonia.com.ar\/index.php?rest_route=%2Fwp%2Fv2%2Fproduct_cat&post=1186"},{"taxonomy":"product_tag","embeddable":true,"href":"https:\/\/ansertelefonia.com.ar\/index.php?rest_route=%2Fwp%2Fv2%2Fproduct_tag&post=1186"}],"curies":[{"name":"wp","href":"https:\/\/api.w.org\/{rel}","templated":true}]}}